{"id":2358,"date":"2018-01-02T13:46:08","date_gmt":"2018-01-02T12:46:08","guid":{"rendered":"https:\/\/www.vanoo29.nl\/plan-du-site\/"},"modified":"2022-11-21T12:52:37","modified_gmt":"2022-11-21T11:52:37","slug":"seitenverzeichnis","status":"publish","type":"page","link":"https:\/\/www.cornybakers.nl\/de\/seitenverzeichnis\/","title":{"rendered":"Seitenverzeichnis"},"content":{"rendered":"<p>[vc_row rt_row_background_width=&#8220;fullwidth&#8220; rt_row_content_width=&#8220;default&#8220; rt_row_style=&#8220;default-style&#8220; rt_row_height=&#8220;&#8220; rt_column_gaps=&#8220;&#8220; rt_row_shadows=&#8220;&#8220; rt_row_borders=&#8220;&#8220; rt_bg_effect=&#8220;classic&#8220; rt_bg_image_repeat=&#8220;repeat&#8220; rt_bg_size=&#8220;cover&#8220; rt_bg_position=&#8220;right top&#8220; rt_bg_attachment=&#8220;scroll&#8220; rt_bg_layer=&#8220;&#8220; rt_bg_video_format=&#8220;self-hosted&#8220; rt_class=&#8220;rt-9067337&#8243; rt_paddings=&#8220;50,50,,&#8220; rt_margins=&#8220;,,,&#8220; rt_content_margins=&#8220;,,,&#8220; rt_tablet_paddings=&#8220;,,,&#8220; rt_tablet_margins=&#8220;,,,&#8220; rt_tablet_content_margins=&#8220;,,,&#8220; rt_sp_paddings=&#8220;,,,&#8220; rt_sp_margins=&#8220;,,,&#8220; rt_sp_content_margins=&#8220;,,,&#8220;][vc_column rt_bg_effect=&#8220;classic&#8220; rt_bg_image_repeat=&#8220;repeat&#8220; rt_bg_size=&#8220;auto auto&#8220; rt_bg_position=&#8220;right top&#8220; rt_bg_attachment=&#8220;scroll&#8220;][vc_column_text]<div class=\"wsp-container\"><h2 class=\"wsp-pages-title\">Pages<\/h2>\n<ul class=\"wsp-pages-list\">\n<li class=\"page_item page-item-5394\"><a href=\"https:\/\/www.cornybakers.nl\/de\/boing-fruchtsaftgetraenk\/\">Boing Fruchtsaftgetr\u00e4nk<\/a><\/li>\n<li class=\"page_item page-item-5397\"><a href=\"https:\/\/www.cornybakers.nl\/de\/cheddar-kasesosse\/\">Cheddar-K\u00e4seso\u00dfe<\/a><\/li>\n<li class=\"page_item page-item-5331\"><a href=\"https:\/\/www.cornybakers.nl\/de\/churros\/\">Churros<\/a><\/li>\n<li class=\"page_item page-item-5400\"><a href=\"https:\/\/www.cornybakers.nl\/de\/corn-tortilla-maistortilla\/\">Corn Tortilla Maistortilla<\/a><\/li>\n<li class=\"page_item page-item-1800\"><a href=\"https:\/\/www.cornybakers.nl\/de\/danke\/\">Danke<\/a><\/li>\n<li class=\"page_item page-item-1753\"><a href=\"https:\/\/www.cornybakers.nl\/de\/datenschutz-erklaerung\/\">Datenschutz-erkl\u00e4rung<\/a><\/li>\n<li class=\"page_item page-item-5405\"><a href=\"https:\/\/www.cornybakers.nl\/de\/empanadas\/\">Empanadas<\/a><\/li>\n<li class=\"page_item page-item-2676\"><a href=\"https:\/\/www.cornybakers.nl\/de\/geschichte\/\">Geschichte<\/a><\/li>\n<li class=\"page_item page-item-5436\"><a href=\"https:\/\/www.cornybakers.nl\/de\/gewurze-gewurzmischungen-seasonings\/\">Gew\u00fcrze Gew\u00fcrzmischungen\/Seasonings<\/a><\/li>\n<li class=\"page_item page-item-2391\"><a href=\"https:\/\/www.cornybakers.nl\/de\/grosshaendler-fuer-mexikanische-lebensmittel\/\">Gro\u00dfh\u00e4ndler f\u00fcr mexikanische Lebensmittel<\/a><\/li>\n<li class=\"page_item page-item-2417\"><a href=\"https:\/\/www.cornybakers.nl\/de\/grosshaendler-fuer-texanische-lebensmittel\/\">Gro\u00dfh\u00e4ndler f\u00fcr texanische Lebensmittel<\/a><\/li>\n<li class=\"page_item page-item-2410\"><a href=\"https:\/\/www.cornybakers.nl\/de\/grosshaendler-mexikanische-produkte\/\">Gro\u00dfh\u00e4ndler mexikanische Produkte<\/a><\/li>\n<li class=\"page_item page-item-5408\"><a href=\"https:\/\/www.cornybakers.nl\/de\/guacamole\/\">Guacamole<\/a><\/li>\n<li class=\"page_item page-item-2655\"><a href=\"https:\/\/www.cornybakers.nl\/de\/\">Heim<\/a><\/li>\n<li class=\"page_item page-item-5411\"><a href=\"https:\/\/www.cornybakers.nl\/de\/jalapeno-cheese-sauce-jalapeno-kaesesosse\/\">Jalapeno Cheese Sauce\/Jalapeno-K\u00e4seso\u00dfe<\/a><\/li>\n<li class=\"page_item page-item-5414\"><a href=\"https:\/\/www.cornybakers.nl\/de\/jalapeno-in-scheiben-geschnitten-jalapeno-sliced\/\">Jalapeno in Scheiben geschnitten\/Jalapeno sliced<\/a><\/li>\n<li class=\"page_item page-item-5417\"><a href=\"https:\/\/www.cornybakers.nl\/de\/jarritos\/\">Jarritos<\/a><\/li>\n<li class=\"page_item page-item-1789\"><a href=\"https:\/\/www.cornybakers.nl\/de\/katalog\/\">Katalog<\/a><\/li>\n<li class=\"page_item page-item-1738\"><a href=\"https:\/\/www.cornybakers.nl\/de\/kontakt\/\">Kontakt<\/a><\/li>\n<li class=\"page_item page-item-5423\"><a href=\"https:\/\/www.cornybakers.nl\/de\/la-costena\/\">La Costena<\/a><\/li>\n<li class=\"page_item page-item-5426\"><a href=\"https:\/\/www.cornybakers.nl\/de\/mexikanische-biere\/\">Mexikanische Biere<\/a><\/li>\n<li class=\"page_item page-item-5430\"><a href=\"https:\/\/www.cornybakers.nl\/de\/nacho\/\">Nacho<\/a><\/li>\n<li class=\"page_item page-item-2466\"><a href=\"https:\/\/www.cornybakers.nl\/de\/produktauswahl\/\">Produktauswahl<\/a><\/li>\n<li class=\"page_item page-item-2697\"><a href=\"https:\/\/www.cornybakers.nl\/de\/qualitaet\/\">Qualit\u00e4t<\/a><\/li>\n<li class=\"page_item page-item-5433\"><a href=\"https:\/\/www.cornybakers.nl\/de\/salsas\/\">Salsas<\/a><\/li>\n<li class=\"page_item page-item-2358\"><a href=\"https:\/\/www.cornybakers.nl\/de\/seitenverzeichnis\/\">Seitenverzeichnis<\/a><\/li>\n<li class=\"page_item page-item-1770\"><a href=\"https:\/\/www.cornybakers.nl\/de\/stellenangebote\/\">Stellenangebote<\/a><\/li>\n<li class=\"page_item page-item-5439\"><a href=\"https:\/\/www.cornybakers.nl\/de\/tortilla-chips\/\">Tortilla-Chips<\/a><\/li>\n<li class=\"page_item page-item-2672\"><a href=\"https:\/\/www.cornybakers.nl\/de\/ueber-uns\/\">\u00dcber uns<\/a><\/li>\n<\/ul>\n<\/div>[\/vc_column_text][\/vc_column][\/vc_row]<\/p>\n","protected":false},"excerpt":{"rendered":"<p>[vc_row rt_row_background_width=&#8220;fullwidth&#8220; rt_row_content_width=&#8220;default&#8220; rt_row_style=&#8220;default-style&#8220; rt_row_height=&#8220;&#8220; rt_column_gaps=&#8220;&#8220; rt_row_shadows=&#8220;&#8220; rt_row_borders=&#8220;&#8220; rt_bg_effect=&#8220;classic&#8220; rt_bg_image_repeat=&#8220;repeat&#8220; rt_bg_size=&#8220;cover&#8220; rt_bg_position=&#8220;right top&#8220; rt_bg_attachment=&#8220;scroll&#8220; rt_bg_layer=&#8220;&#8220; rt_bg_video_format=&#8220;self-hosted&#8220; rt_class=&#8220;rt-9067337&#8243; rt_paddings=&#8220;50,50,,&#8220; rt_margins=&#8220;,,,&#8220; rt_content_margins=&#8220;,,,&#8220; rt_tablet_paddings=&#8220;,,,&#8220; rt_tablet_margins=&#8220;,,,&#8220; rt_tablet_content_margins=&#8220;,,,&#8220; rt_sp_paddings=&#8220;,,,&#8220; rt_sp_margins=&#8220;,,,&#8220; rt_sp_content_margins=&#8220;,,,&#8220;][vc_column rt_bg_effect=&#8220;classic&#8220; rt_bg_image_repeat=&#8220;repeat&#8220; rt_bg_size=&#8220;auto auto&#8220; rt_bg_position=&#8220;right top&#8220; rt_bg_attachment=&#8220;scroll&#8220;][vc_column_text][\/vc_column_text][\/vc_column][\/vc_row]<\/p>\n","protected":false},"author":1,"featured_media":0,"parent":0,"menu_order":0,"comment_status":"closed","ping_status":"closed","template":"","meta":{"inline_featured_image":false,"footnotes":""},"class_list":["post-2358","page","type-page","status-publish","hentry"],"yoast_head":"<!-- This site is optimized with the Yoast SEO plugin v24.8.1 - https:\/\/yoast.com\/wordpress\/plugins\/seo\/ -->\n<title>Seitenverzeichnis - Corny Bakers<\/title>\n<meta name=\"robots\" content=\"index, follow, max-snippet:-1, max-image-preview:large, max-video-preview:-1\" \/>\n<link rel=\"canonical\" href=\"https:\/\/www.cornybakers.nl\/de\/seitenverzeichnis\/\" \/>\n<meta property=\"og:locale\" content=\"de_DE\" \/>\n<meta property=\"og:type\" content=\"article\" \/>\n<meta property=\"og:title\" content=\"Seitenverzeichnis - Corny Bakers\" \/>\n<meta property=\"og:description\" content=\"[vc_row rt_row_background_width=&#8220;fullwidth&#8220; rt_row_content_width=&#8220;default&#8220; rt_row_style=&#8220;default-style&#8220; rt_row_height=&#8220;&#8220; rt_column_gaps=&#8220;&#8220; rt_row_shadows=&#8220;&#8220; rt_row_borders=&#8220;&#8220; rt_bg_effect=&#8220;classic&#8220; rt_bg_image_repeat=&#8220;repeat&#8220; rt_bg_size=&#8220;cover&#8220; rt_bg_position=&#8220;right top&#8220; rt_bg_attachment=&#8220;scroll&#8220; rt_bg_layer=&#8220;&#8220; rt_bg_video_format=&#8220;self-hosted&#8220; rt_class=&#8220;rt-9067337&#8243; rt_paddings=&#8220;50,50,,&#8220; rt_margins=&#8220;,,,&#8220; rt_content_margins=&#8220;,,,&#8220; rt_tablet_paddings=&#8220;,,,&#8220; rt_tablet_margins=&#8220;,,,&#8220; rt_tablet_content_margins=&#8220;,,,&#8220; rt_sp_paddings=&#8220;,,,&#8220; rt_sp_margins=&#8220;,,,&#8220; rt_sp_content_margins=&#8220;,,,&#8220;][vc_column rt_bg_effect=&#8220;classic&#8220; rt_bg_image_repeat=&#8220;repeat&#8220; rt_bg_size=&#8220;auto auto&#8220; rt_bg_position=&#8220;right top&#8220; rt_bg_attachment=&#8220;scroll&#8220;][vc_column_text][\/vc_column_text][\/vc_column][\/vc_row]\" \/>\n<meta property=\"og:url\" content=\"https:\/\/www.cornybakers.nl\/de\/seitenverzeichnis\/\" \/>\n<meta property=\"og:site_name\" content=\"Corny Bakers\" \/>\n<meta property=\"article:modified_time\" content=\"2022-11-21T11:52:37+00:00\" \/>\n<meta name=\"twitter:card\" content=\"summary_large_image\" \/>\n<meta name=\"twitter:label1\" content=\"Gesch\u00e4tzte Lesezeit\" \/>\n\t<meta name=\"twitter:data1\" content=\"1\u00a0Minute\" \/>\n<script type=\"application\/ld+json\" class=\"yoast-schema-graph\">{\"@context\":\"https:\/\/schema.org\",\"@graph\":[{\"@type\":\"WebPage\",\"@id\":\"https:\/\/www.cornybakers.nl\/de\/seitenverzeichnis\/\",\"url\":\"https:\/\/www.cornybakers.nl\/de\/seitenverzeichnis\/\",\"name\":\"Seitenverzeichnis - Corny Bakers\",\"isPartOf\":{\"@id\":\"https:\/\/www.cornybakers.nl\/#website\"},\"datePublished\":\"2018-01-02T12:46:08+00:00\",\"dateModified\":\"2022-11-21T11:52:37+00:00\",\"breadcrumb\":{\"@id\":\"https:\/\/www.cornybakers.nl\/de\/seitenverzeichnis\/#breadcrumb\"},\"inLanguage\":\"de\",\"potentialAction\":[{\"@type\":\"ReadAction\",\"target\":[\"https:\/\/www.cornybakers.nl\/de\/seitenverzeichnis\/\"]}]},{\"@type\":\"BreadcrumbList\",\"@id\":\"https:\/\/www.cornybakers.nl\/de\/seitenverzeichnis\/#breadcrumb\",\"itemListElement\":[{\"@type\":\"ListItem\",\"position\":1,\"name\":\"Home\",\"item\":\"https:\/\/www.cornybakers.nl\/de\/\"},{\"@type\":\"ListItem\",\"position\":2,\"name\":\"Seitenverzeichnis\"}]},{\"@type\":\"WebSite\",\"@id\":\"https:\/\/www.cornybakers.nl\/#website\",\"url\":\"https:\/\/www.cornybakers.nl\/\",\"name\":\"Corny Bakers\",\"description\":\"\",\"potentialAction\":[{\"@type\":\"SearchAction\",\"target\":{\"@type\":\"EntryPoint\",\"urlTemplate\":\"https:\/\/www.cornybakers.nl\/?s={search_term_string}\"},\"query-input\":{\"@type\":\"PropertyValueSpecification\",\"valueRequired\":true,\"valueName\":\"search_term_string\"}}],\"inLanguage\":\"de\"}]}<\/script>\n<!-- \/ Yoast SEO plugin. -->","yoast_head_json":{"title":"Seitenverzeichnis - Corny Bakers","robots":{"index":"index","follow":"follow","max-snippet":"max-snippet:-1","max-image-preview":"max-image-preview:large","max-video-preview":"max-video-preview:-1"},"canonical":"https:\/\/www.cornybakers.nl\/de\/seitenverzeichnis\/","og_locale":"de_DE","og_type":"article","og_title":"Seitenverzeichnis - Corny Bakers","og_description":"[vc_row rt_row_background_width=&#8220;fullwidth&#8220; rt_row_content_width=&#8220;default&#8220; rt_row_style=&#8220;default-style&#8220; rt_row_height=&#8220;&#8220; rt_column_gaps=&#8220;&#8220; rt_row_shadows=&#8220;&#8220; rt_row_borders=&#8220;&#8220; rt_bg_effect=&#8220;classic&#8220; rt_bg_image_repeat=&#8220;repeat&#8220; rt_bg_size=&#8220;cover&#8220; rt_bg_position=&#8220;right top&#8220; rt_bg_attachment=&#8220;scroll&#8220; rt_bg_layer=&#8220;&#8220; rt_bg_video_format=&#8220;self-hosted&#8220; rt_class=&#8220;rt-9067337&#8243; rt_paddings=&#8220;50,50,,&#8220; rt_margins=&#8220;,,,&#8220; rt_content_margins=&#8220;,,,&#8220; rt_tablet_paddings=&#8220;,,,&#8220; rt_tablet_margins=&#8220;,,,&#8220; rt_tablet_content_margins=&#8220;,,,&#8220; rt_sp_paddings=&#8220;,,,&#8220; rt_sp_margins=&#8220;,,,&#8220; rt_sp_content_margins=&#8220;,,,&#8220;][vc_column rt_bg_effect=&#8220;classic&#8220; rt_bg_image_repeat=&#8220;repeat&#8220; rt_bg_size=&#8220;auto auto&#8220; rt_bg_position=&#8220;right top&#8220; rt_bg_attachment=&#8220;scroll&#8220;][vc_column_text][\/vc_column_text][\/vc_column][\/vc_row]","og_url":"https:\/\/www.cornybakers.nl\/de\/seitenverzeichnis\/","og_site_name":"Corny Bakers","article_modified_time":"2022-11-21T11:52:37+00:00","twitter_card":"summary_large_image","twitter_misc":{"Gesch\u00e4tzte Lesezeit":"1\u00a0Minute"},"schema":{"@context":"https:\/\/schema.org","@graph":[{"@type":"WebPage","@id":"https:\/\/www.cornybakers.nl\/de\/seitenverzeichnis\/","url":"https:\/\/www.cornybakers.nl\/de\/seitenverzeichnis\/","name":"Seitenverzeichnis - Corny Bakers","isPartOf":{"@id":"https:\/\/www.cornybakers.nl\/#website"},"datePublished":"2018-01-02T12:46:08+00:00","dateModified":"2022-11-21T11:52:37+00:00","breadcrumb":{"@id":"https:\/\/www.cornybakers.nl\/de\/seitenverzeichnis\/#breadcrumb"},"inLanguage":"de","potentialAction":[{"@type":"ReadAction","target":["https:\/\/www.cornybakers.nl\/de\/seitenverzeichnis\/"]}]},{"@type":"BreadcrumbList","@id":"https:\/\/www.cornybakers.nl\/de\/seitenverzeichnis\/#breadcrumb","itemListElement":[{"@type":"ListItem","position":1,"name":"Home","item":"https:\/\/www.cornybakers.nl\/de\/"},{"@type":"ListItem","position":2,"name":"Seitenverzeichnis"}]},{"@type":"WebSite","@id":"https:\/\/www.cornybakers.nl\/#website","url":"https:\/\/www.cornybakers.nl\/","name":"Corny Bakers","description":"","potentialAction":[{"@type":"SearchAction","target":{"@type":"EntryPoint","urlTemplate":"https:\/\/www.cornybakers.nl\/?s={search_term_string}"},"query-input":{"@type":"PropertyValueSpecification","valueRequired":true,"valueName":"search_term_string"}}],"inLanguage":"de"}]}},"_links":{"self":[{"href":"https:\/\/www.cornybakers.nl\/de\/wp-json\/wp\/v2\/pages\/2358","targetHints":{"allow":["GET"]}}],"collection":[{"href":"https:\/\/www.cornybakers.nl\/de\/wp-json\/wp\/v2\/pages"}],"about":[{"href":"https:\/\/www.cornybakers.nl\/de\/wp-json\/wp\/v2\/types\/page"}],"author":[{"embeddable":true,"href":"https:\/\/www.cornybakers.nl\/de\/wp-json\/wp\/v2\/users\/1"}],"replies":[{"embeddable":true,"href":"https:\/\/www.cornybakers.nl\/de\/wp-json\/wp\/v2\/comments?post=2358"}],"version-history":[{"count":2,"href":"https:\/\/www.cornybakers.nl\/de\/wp-json\/wp\/v2\/pages\/2358\/revisions"}],"predecessor-version":[{"id":6666,"href":"https:\/\/www.cornybakers.nl\/de\/wp-json\/wp\/v2\/pages\/2358\/revisions\/6666"}],"wp:attachment":[{"href":"https:\/\/www.cornybakers.nl\/de\/wp-json\/wp\/v2\/media?parent=2358"}],"curies":[{"name":"wp","href":"https:\/\/api.w.org\/{rel}","templated":true}]}}