{"id":2410,"date":"2021-11-23T16:59:08","date_gmt":"2021-11-23T15:59:08","guid":{"rendered":"https:\/\/www.vanoo29.nl\/productos-mexicanos-al-por-mayor\/"},"modified":"2022-01-24T12:40:02","modified_gmt":"2022-01-24T11:40:02","slug":"grosshaendler-mexikanische-produkte","status":"publish","type":"page","link":"https:\/\/www.cornybakers.nl\/de\/grosshaendler-mexikanische-produkte\/","title":{"rendered":"Gro\u00dfh\u00e4ndler mexikanische Produkte"},"content":{"rendered":"<p>[vc_row rt_row_background_width=&#8220;fullwidth&#8220; rt_row_content_width=&#8220;default&#8220; rt_row_style=&#8220;default-style&#8220; rt_row_height=&#8220;&#8220; rt_column_gaps=&#8220;&#8220; rt_row_shadows=&#8220;&#8220; rt_row_borders=&#8220;&#8220; rt_bg_effect=&#8220;classic&#8220; rt_bg_image_repeat=&#8220;repeat&#8220; rt_bg_size=&#8220;cover&#8220; rt_bg_position=&#8220;right top&#8220; rt_bg_attachment=&#8220;scroll&#8220; rt_bg_layer=&#8220;&#8220; rt_bg_video_format=&#8220;self-hosted&#8220; rt_class=&#8220;rt-7397708&#8243; rt_paddings=&#8220;50,50,,&#8220; rt_margins=&#8220;,,,&#8220; rt_content_margins=&#8220;,,,&#8220; rt_tablet_paddings=&#8220;,,,&#8220; rt_tablet_margins=&#8220;,,,&#8220; rt_tablet_content_margins=&#8220;,,,&#8220; rt_sp_paddings=&#8220;,,,&#8220; rt_sp_margins=&#8220;,,,&#8220; rt_sp_content_margins=&#8220;,,,&#8220;][vc_column width=&#8220;2\/3&#8243; rt_bg_effect=&#8220;classic&#8220; rt_bg_image_repeat=&#8220;repeat&#8220; rt_bg_size=&#8220;auto auto&#8220; rt_bg_position=&#8220;right top&#8220; rt_bg_attachment=&#8220;scroll&#8220;]<div class=\"rt-heading-wrapper rt-3873847\">\n\t\t\t\t\t\t<h2 class=\"rt-heading\" >Gro\u00dfhandel mexikanische Produkte<\/h2>\n\t\t\t\t\t<\/div>[vc_column_text]Corny Bakers ist seit \u00fcber 40 Jahren der f\u00fchrende Gro\u00dfh\u00e4ndler f\u00fcr all Ihre mexikanischen Produkte. Alle Produkte in unserem Sortiment sind von A-Qualit\u00e4t. Dies gilt sowohl f\u00fcr alle Marken als auch f\u00fcr unsere eigene Hausmarke. In unserem umfangreichen Sortiment finden Sie praktisch alle mexikanischen Produkte, die Sie f\u00fcr Ihre Gerichte ben\u00f6tigen. Kurz gesagt, Corny Bakers ist f\u00fcr jedermann der perfekte Gro\u00dfh\u00e4ndler f\u00fcr mexikanische Produkte!<\/p>\n<h2>Sortiment mexikanische Produkte<\/h2>\n<p>Gro\u00dfhandel mit mexikanischen Produkten<\/p>\n<p>Wir, Corny Bakers, sind Gro\u00dfh\u00e4ndler f\u00fcr mexikanische Produkte und haben ein sehr breites Sortiment. Wir bieten mehr als 300 Produkte an. Die Produktauswahl ist also sehr vielf\u00e4ltig.<\/p>\n<p>In unserem Lebensmittelsortiment bieten wir Produkte wie Wraps, Tortilla-Chips, So\u00dfen und Gew\u00fcrze an. Neben unserem umfangreichen Lebensmittelsortiment verkaufen wir au\u00dferdem auch eine Vielzahl an mexikanischen Getr\u00e4nken wie Tequila, Bier und Wein. Wir bieten auch Non-Food-Produkte an, z.B. Sombreros, eine Tortilla-Maschine und Serviergeschirr. Sie k\u00f6nnen das gesamte Sortiment auf unserer Website herunterladen.<\/p>\n<p>Corny Bakers importiert den gr\u00f6\u00dften Teil seines Sortiments aus Mexiko und anderen lateinamerikanischen L\u00e4ndern. Die \u00fcbrigen Produkte, also Produkte f\u00fcr unsere Eigenmarke, lassen wir speziell in Europa herstellen. Wir liefern unsere Produkte an Gro\u00dfh\u00e4ndler und Restaurantbesitzer in ganz Europa, dem Nahen Osten und der T\u00fcrkei.<\/p>\n<p>Um Ihnen einen besseren Eindruck von den M\u00f6glichkeiten, welche unsere Produkte bieten, vermitteln zu k\u00f6nnen, haben wir f\u00fcr Sie eine \u00dcbersicht mit einer Vielzahl von Rezepten erstellt. Hier finden Sie verschiedene Rezepte f\u00fcr Tacos, Nachos, Wraps, Burritos und Quesadillas.<\/p>\n<p><strong>M\u00f6chten Sie mehr Informationen erhalten?<\/strong><\/p>\n<p>Wenn Sie Fragen haben oder sich weitere Informationen \u00fcber unsere mexikanischen Gro\u00dfhandelsprodukte w\u00fcnschen, nehmen Sie bitte <a href=\"https:\/\/www.cornybakers.nl\/de\/kontakt\/\">Kontakt<\/a> mit uns auf. Sie k\u00f6nnen uns telefonisch unter der Nummer (Niederlande) <a href=\"tel:310294417897\">+31 (0)294 417 897<\/a> erreichen. Sie k\u00f6nnen uns auch gerne eine E-Mail senden. Unsere E-Mail-Adresse lautet <a href=\"mailto:info@cornybakers.nl\">info@cornybakers.nl<\/a>. Wenn Sie unser Kontaktformular ausf\u00fcllen, werden wir schnellstm\u00f6glich mit Ihnen Kontakt aufnehmen.[\/vc_column_text]<div class=\"rt-heading-wrapper rt-3993225\">\n\t\t\t\t\t\t<h2 class=\"rt-heading\" >Sehen Sie sich hier unser Sortiment an!<\/h2>\n\t\t\t\t\t<\/div><div class=\"woocommerce columns-3\"><\/div><div class=\"button_wrapper  alignleft\"><a href=\"https:\/\/www.cornybakers.nl\/de\/winkel\/\" target=\"_self\" title=\"Alle Kategorien anzeigen\" class=\"button_ landingpage-knop secondary-font style-1 big rt-3088126\"><span><span>Alle Kategorien anzeigen<\/span><\/span><\/a><\/div>[\/vc_column][vc_column width=&#8220;1\/3&#8243; rt_bg_effect=&#8220;classic&#8220; rt_bg_image_repeat=&#8220;repeat&#8220; rt_bg_size=&#8220;auto auto&#8220; rt_bg_position=&#8220;right top&#8220; rt_bg_attachment=&#8220;scroll&#8220; rt_class=&#8220;rt-8809495&#8243; rt_margins=&#8220;,&#8220; rt_paddings=&#8220;,,,&#8220; rt_wrapper_paddings=&#8220;,,,&#8220; rt_tablet_margins=&#8220;,&#8220; rt_tablet_paddings=&#8220;,,,&#8220; rt_tablet_wrapper_paddings=&#8220;,,,&#8220; rt_sp_margins=&#8220;50,0&#8243; rt_sp_paddings=&#8220;,,,&#8220; rt_sp_wrapper_paddings=&#8220;,,,&#8220; rt_bg_color=&#8220;&#8220; rt_bg_overlay_color=&#8220;&#8220;][vc_single_image image=&#8220;2412&#8243; img_size=&#8220;full&#8220; style=&#8220;vc_box_rounded&#8220; el_class=&#8220;foto-landingpage&#8220;]<div class=\"rt-heading-wrapper rt-5971705\">\n\t\t\t\t\t\t<h2 class=\"rt-heading\" >Kontakt Formular<\/h2>\n\t\t\t\t\t<\/div>\n<div class=\"wpcf7 no-js\" id=\"wpcf7-f1739-o1\" lang=\"nl-NL\" dir=\"ltr\" data-wpcf7-id=\"1739\">\n<div class=\"screen-reader-response\"><p role=\"status\" aria-live=\"polite\" aria-atomic=\"true\"><\/p> <ul><\/ul><\/div>\n<form action=\"\/de\/wp-json\/wp\/v2\/pages\/2410#wpcf7-f1739-o1\" method=\"post\" class=\"wpcf7-form init\" aria-label=\"Contactformulier\" novalidate=\"novalidate\" data-status=\"init\">\n<fieldset class=\"hidden-fields-container\"><input type=\"hidden\" name=\"_wpcf7\" value=\"1739\" \/><input type=\"hidden\" name=\"_wpcf7_version\" value=\"6.1.4\" \/><input type=\"hidden\" name=\"_wpcf7_locale\" value=\"nl_NL\" \/><input type=\"hidden\" name=\"_wpcf7_unit_tag\" value=\"wpcf7-f1739-o1\" \/><input type=\"hidden\" name=\"_wpcf7_container_post\" value=\"0\" \/><input type=\"hidden\" name=\"_wpcf7_posted_data_hash\" value=\"\" \/><input type=\"hidden\" name=\"_wpcf7cf_hidden_group_fields\" value=\"[]\" \/><input type=\"hidden\" name=\"_wpcf7cf_hidden_groups\" value=\"[]\" \/><input type=\"hidden\" name=\"_wpcf7cf_visible_groups\" value=\"[]\" \/><input type=\"hidden\" name=\"_wpcf7cf_repeaters\" value=\"[]\" \/><input type=\"hidden\" name=\"_wpcf7cf_steps\" value=\"{}\" \/><input type=\"hidden\" name=\"_wpcf7cf_options\" value=\"{&quot;form_id&quot;:1739,&quot;conditions&quot;:[{&quot;then_field&quot;:&quot;anders&quot;,&quot;and_rules&quot;:[{&quot;if_field&quot;:&quot;terecht&quot;,&quot;operator&quot;:&quot;equals&quot;,&quot;if_value&quot;:&quot;Durch etwas anderes, n\\u00e4mlich:&quot;}]}],&quot;settings&quot;:{&quot;animation&quot;:&quot;yes&quot;,&quot;animation_intime&quot;:200,&quot;animation_outtime&quot;:200,&quot;conditions_ui&quot;:&quot;normal&quot;,&quot;notice_dismissed&quot;:false,&quot;notice_dismissed_rollback-cf7-5.8.3&quot;:true,&quot;notice_dismissed_rollback-cf7-5.9.4&quot;:true}}\" \/>\n<\/fieldset>\n<div class=\"wpcf7-turnstile cf-turnstile\" data-sitekey=\"0x4AAAAAACFbo73hTV00eySb\" data-response-field-name=\"_wpcf7_turnstile_response\"><\/div>\n\n<table class=\"formulier\">\n\t<tbody>\n\t\t<tr>\n\t\t\t<td colspan=\"2\">\n\t\t\t\t<p><span class=\"wpcf7-form-control-wrap\" data-name=\"your-name\"><input size=\"40\" maxlength=\"400\" class=\"wpcf7-form-control wpcf7-text wpcf7-validates-as-required\" aria-required=\"true\" aria-invalid=\"false\" placeholder=\"Dein Name *\" value=\"\" type=\"text\" name=\"your-name\" \/><\/span>\n\t\t\t\t<\/p>\n\t\t\t<\/td>\n\t\t<\/tr>\n\t\t<tr>\n\t\t\t<td colspan=\"2\">\n\t\t\t\t<p><span class=\"wpcf7-form-control-wrap\" data-name=\"your-adress\"><input size=\"40\" maxlength=\"400\" class=\"wpcf7-form-control wpcf7-text\" aria-invalid=\"false\" placeholder=\"Deine Adresse\" value=\"\" type=\"text\" name=\"your-adress\" \/><\/span>\n\t\t\t\t<\/p>\n\t\t\t<\/td>\n\t\t<\/tr>\n\t\t<tr>\n\t\t\t<td style=\"padding-right: 5px;\">\n\t\t\t\t<p><span class=\"wpcf7-form-control-wrap\" data-name=\"your-postal\"><input size=\"40\" maxlength=\"400\" class=\"wpcf7-form-control wpcf7-text\" aria-invalid=\"false\" placeholder=\"Ihre Postleitzahl\" value=\"\" type=\"text\" name=\"your-postal\" \/><\/span>\n\t\t\t\t<\/p>\n\t\t\t<\/td>\n\t\t\t<td style=\"padding-left: 5px;\">\n\t\t\t\t<p><span class=\"wpcf7-form-control-wrap\" data-name=\"your-city\"><input size=\"40\" maxlength=\"400\" class=\"wpcf7-form-control wpcf7-text\" aria-invalid=\"false\" placeholder=\"Dein Wohnort\" value=\"\" type=\"text\" name=\"your-city\" \/><\/span>\n\t\t\t\t<\/p>\n\t\t\t<\/td>\n\t\t<\/tr>\n\t\t<tr>\n\t\t\t<td style=\"padding-right: 5px;\">\n\t\t\t\t<p><span class=\"wpcf7-form-control-wrap\" data-name=\"your-phone\"><input size=\"40\" maxlength=\"400\" class=\"wpcf7-form-control wpcf7-tel wpcf7-validates-as-required wpcf7-text wpcf7-validates-as-tel\" aria-required=\"true\" aria-invalid=\"false\" placeholder=\"Deine Telefonnummer *\" value=\"\" type=\"tel\" name=\"your-phone\" \/><\/span>\n\t\t\t\t<\/p>\n\t\t\t<\/td>\n\t\t\t<td style=\"padding-left: 5px;\">\n\t\t\t\t<p><span class=\"wpcf7-form-control-wrap\" data-name=\"your-email\"><input size=\"40\" maxlength=\"400\" class=\"wpcf7-form-control wpcf7-email wpcf7-validates-as-required wpcf7-text wpcf7-validates-as-email\" aria-required=\"true\" aria-invalid=\"false\" placeholder=\"Deine E-Mail *\" value=\"\" type=\"email\" name=\"your-email\" \/><\/span>\n\t\t\t\t<\/p>\n\t\t\t<\/td>\n\t\t<\/tr>\n\t\t<tr>\n\t\t\t<td colspan=\"2\">\n\t\t\t\t<p>Wie bist du zu uns gekommen?\n\t\t\t\t<\/p>\n\t\t\t\t<p><span class=\"wpcf7-form-control-wrap\" data-name=\"terecht\"><select class=\"wpcf7-form-control wpcf7-select wpcf7-validates-as-required\" aria-required=\"true\" aria-invalid=\"false\" name=\"terecht\"><option value=\"\">&#8212;Kies een optie&#8212;<\/option><option value=\"\u00dcber Google\">\u00dcber Google<\/option><option value=\"Durch Mundpropaganda\">Durch Mundpropaganda<\/option><option value=\"Durch soziale Medien\">Durch soziale Medien<\/option><option value=\"Durch etwas anderes, n\u00e4mlich:\">Durch etwas anderes, n\u00e4mlich:<\/option><\/select><\/span>\n\t\t\t\t<\/p>\n\t\t\t\t<div data-id=\"anders\" data-orig_data_id=\"anders\"  class=\"\" data-class=\"wpcf7cf_group\">\n\t\t\t\t\t<p><span class=\"wpcf7-form-control-wrap\" data-name=\"your-anders\"><input size=\"40\" maxlength=\"400\" class=\"wpcf7-form-control wpcf7-text wpcf7-validates-as-required\" aria-required=\"true\" aria-invalid=\"false\" placeholder=\"etwas anderes, n\u00e4mlich: *\" value=\"\" type=\"text\" name=\"your-anders\" \/><\/span>\n\t\t\t\t\t<\/p>\n\t\t\t\t<\/div>\n\t\t\t<\/td>\n\t\t<\/tr>\n\t\t<tr>\n\t\t<\/tr>\n\t\t<tr>\n\t\t\t<td colspan=\"2\">\n\t\t\t\t<p><span class=\"wpcf7-form-control-wrap\" data-name=\"your-message\"><textarea cols=\"40\" rows=\"5\" maxlength=\"2000\" class=\"wpcf7-form-control wpcf7-textarea\" aria-invalid=\"false\" placeholder=\"Ihre Nachricht\" name=\"your-message\"><\/textarea><\/span>\n\t\t\t\t<\/p>\n\t\t\t<\/td>\n\t\t<\/tr>\n\t\t<tr>\n\t\t\t<td colspan=\"2\">\n\t\t\t\t<p><span class=\"wpcf7-form-control-wrap\" data-name=\"akkoordprivacy\"><span class=\"wpcf7-form-control wpcf7-checkbox wpcf7-validates-as-required\"><span class=\"wpcf7-list-item first last\"><input type=\"checkbox\" name=\"akkoordprivacy[]\" value=\"Ich stimme den Datenschutzbedingungen zu.\" \/><span class=\"wpcf7-list-item-label\">Ich stimme den Datenschutzbedingungen zu.<\/span><\/span><\/span><\/span> Lesen Sie unsere <a href=\"https:\/\/www.cornybakers.nl\/de\/datenschutz-erklaerung\/\" target=\"_blank\" rel=\"noopener\">Datenschutz-erkl\u00e4rung<\/a> (*)\n\t\t\t\t<\/p>\n\t\t\t<\/td>\n\t\t<\/tr>\n\t\t<tr>\n\t\t\t<td colspan=\"2\">\n\t\t\t\t<p><input class=\"wpcf7-form-control wpcf7-submit has-spinner\" type=\"submit\" value=\"Senden\" \/>\n\t\t\t\t<\/p>\n\t\t\t<\/td>\n\t\t<\/tr>\n\t<\/tbody>\n<\/table><div class=\"wpcf7-response-output\" aria-hidden=\"true\"><\/div>\n<\/form>\n<\/div>\n[\/vc_column][\/vc_row]<\/p>\n","protected":false},"excerpt":{"rendered":"<p>[vc_row rt_row_background_width=&#8220;fullwidth&#8220; rt_row_content_width=&#8220;default&#8220; rt_row_style=&#8220;default-style&#8220; rt_row_height=&#8220;&#8220; rt_column_gaps=&#8220;&#8220; rt_row_shadows=&#8220;&#8220; rt_row_borders=&#8220;&#8220; rt_bg_effect=&#8220;classic&#8220; rt_bg_image_repeat=&#8220;repeat&#8220; rt_bg_size=&#8220;cover&#8220; rt_bg_position=&#8220;right top&#8220; rt_bg_attachment=&#8220;scroll&#8220; rt_bg_layer=&#8220;&#8220; rt_bg_video_format=&#8220;self-hosted&#8220; rt_class=&#8220;rt-7397708&#8243; rt_paddings=&#8220;50,50,,&#8220; rt_margins=&#8220;,,,&#8220; rt_content_margins=&#8220;,,,&#8220; rt_tablet_paddings=&#8220;,,,&#8220; rt_tablet_margins=&#8220;,,,&#8220; rt_tablet_content_margins=&#8220;,,,&#8220; rt_sp_paddings=&#8220;,,,&#8220; rt_sp_margins=&#8220;,,,&#8220; rt_sp_content_margins=&#8220;,,,&#8220;][vc_column width=&#8220;2\/3&#8243; rt_bg_effect=&#8220;classic&#8220; rt_bg_image_repeat=&#8220;repeat&#8220; rt_bg_size=&#8220;auto auto&#8220; rt_bg_position=&#8220;right top&#8220; rt_bg_attachment=&#8220;scroll&#8220;][vc_column_text]Corny Bakers ist seit \u00fcber 40 Jahren der f\u00fchrende Gro\u00dfh\u00e4ndler f\u00fcr all Ihre mexikanischen Produkte. Alle Produkte in unserem Sortiment sind von [&hellip;]<\/p>\n","protected":false},"author":1,"featured_media":0,"parent":0,"menu_order":0,"comment_status":"closed","ping_status":"closed","template":"","meta":{"inline_featured_image":false,"footnotes":""},"class_list":["post-2410","page","type-page","status-publish","hentry"],"yoast_head":"<!-- This site is optimized with the Yoast SEO plugin v24.8.1 - https:\/\/yoast.com\/wordpress\/plugins\/seo\/ -->\n<title>Gro\u00dfh\u00e4ndler mexikanische Produkte - Corny Bakers<\/title>\n<meta name=\"description\" content=\"Sie suchen einen Gro\u00dfh\u00e4ndler f\u00fcr Qualit\u00e4tsprodukte f\u00fcr mexikanische Produkte? Bei Corny Bakers sind Sie an der richtigen Adresse.\" \/>\n<meta name=\"robots\" content=\"index, follow, max-snippet:-1, max-image-preview:large, max-video-preview:-1\" \/>\n<link rel=\"canonical\" href=\"https:\/\/www.cornybakers.nl\/de\/grosshaendler-mexikanische-produkte\/\" \/>\n<meta property=\"og:locale\" content=\"de_DE\" \/>\n<meta property=\"og:type\" content=\"article\" \/>\n<meta property=\"og:title\" content=\"Gro\u00dfh\u00e4ndler mexikanische Produkte - Corny Bakers\" \/>\n<meta property=\"og:description\" content=\"Sie suchen einen Gro\u00dfh\u00e4ndler f\u00fcr Qualit\u00e4tsprodukte f\u00fcr mexikanische Produkte? Bei Corny Bakers sind Sie an der richtigen Adresse.\" \/>\n<meta property=\"og:url\" content=\"https:\/\/www.cornybakers.nl\/de\/grosshaendler-mexikanische-produkte\/\" \/>\n<meta property=\"og:site_name\" content=\"Corny Bakers\" \/>\n<meta property=\"article:modified_time\" content=\"2022-01-24T11:40:02+00:00\" \/>\n<meta name=\"twitter:card\" content=\"summary_large_image\" \/>\n<meta name=\"twitter:label1\" content=\"Gesch\u00e4tzte Lesezeit\" \/>\n\t<meta name=\"twitter:data1\" content=\"3\u00a0Minuten\" \/>\n<script type=\"application\/ld+json\" class=\"yoast-schema-graph\">{\"@context\":\"https:\/\/schema.org\",\"@graph\":[{\"@type\":\"WebPage\",\"@id\":\"https:\/\/www.cornybakers.nl\/de\/grosshaendler-mexikanische-produkte\/\",\"url\":\"https:\/\/www.cornybakers.nl\/de\/grosshaendler-mexikanische-produkte\/\",\"name\":\"Gro\u00dfh\u00e4ndler mexikanische Produkte - Corny Bakers\",\"isPartOf\":{\"@id\":\"https:\/\/www.cornybakers.nl\/#website\"},\"datePublished\":\"2021-11-23T15:59:08+00:00\",\"dateModified\":\"2022-01-24T11:40:02+00:00\",\"description\":\"Sie suchen einen Gro\u00dfh\u00e4ndler f\u00fcr Qualit\u00e4tsprodukte f\u00fcr mexikanische Produkte? Bei Corny Bakers sind Sie an der richtigen Adresse.\",\"breadcrumb\":{\"@id\":\"https:\/\/www.cornybakers.nl\/de\/grosshaendler-mexikanische-produkte\/#breadcrumb\"},\"inLanguage\":\"de\",\"potentialAction\":[{\"@type\":\"ReadAction\",\"target\":[\"https:\/\/www.cornybakers.nl\/de\/grosshaendler-mexikanische-produkte\/\"]}]},{\"@type\":\"BreadcrumbList\",\"@id\":\"https:\/\/www.cornybakers.nl\/de\/grosshaendler-mexikanische-produkte\/#breadcrumb\",\"itemListElement\":[{\"@type\":\"ListItem\",\"position\":1,\"name\":\"Home\",\"item\":\"https:\/\/www.cornybakers.nl\/de\/\"},{\"@type\":\"ListItem\",\"position\":2,\"name\":\"Gro\u00dfh\u00e4ndler mexikanische Produkte\"}]},{\"@type\":\"WebSite\",\"@id\":\"https:\/\/www.cornybakers.nl\/#website\",\"url\":\"https:\/\/www.cornybakers.nl\/\",\"name\":\"Corny Bakers\",\"description\":\"\",\"potentialAction\":[{\"@type\":\"SearchAction\",\"target\":{\"@type\":\"EntryPoint\",\"urlTemplate\":\"https:\/\/www.cornybakers.nl\/?s={search_term_string}\"},\"query-input\":{\"@type\":\"PropertyValueSpecification\",\"valueRequired\":true,\"valueName\":\"search_term_string\"}}],\"inLanguage\":\"de\"}]}<\/script>\n<!-- \/ Yoast SEO plugin. -->","yoast_head_json":{"title":"Gro\u00dfh\u00e4ndler mexikanische Produkte - Corny Bakers","description":"Sie suchen einen Gro\u00dfh\u00e4ndler f\u00fcr Qualit\u00e4tsprodukte f\u00fcr mexikanische Produkte? Bei Corny Bakers sind Sie an der richtigen Adresse.","robots":{"index":"index","follow":"follow","max-snippet":"max-snippet:-1","max-image-preview":"max-image-preview:large","max-video-preview":"max-video-preview:-1"},"canonical":"https:\/\/www.cornybakers.nl\/de\/grosshaendler-mexikanische-produkte\/","og_locale":"de_DE","og_type":"article","og_title":"Gro\u00dfh\u00e4ndler mexikanische Produkte - Corny Bakers","og_description":"Sie suchen einen Gro\u00dfh\u00e4ndler f\u00fcr Qualit\u00e4tsprodukte f\u00fcr mexikanische Produkte? Bei Corny Bakers sind Sie an der richtigen Adresse.","og_url":"https:\/\/www.cornybakers.nl\/de\/grosshaendler-mexikanische-produkte\/","og_site_name":"Corny Bakers","article_modified_time":"2022-01-24T11:40:02+00:00","twitter_card":"summary_large_image","twitter_misc":{"Gesch\u00e4tzte Lesezeit":"3\u00a0Minuten"},"schema":{"@context":"https:\/\/schema.org","@graph":[{"@type":"WebPage","@id":"https:\/\/www.cornybakers.nl\/de\/grosshaendler-mexikanische-produkte\/","url":"https:\/\/www.cornybakers.nl\/de\/grosshaendler-mexikanische-produkte\/","name":"Gro\u00dfh\u00e4ndler mexikanische Produkte - Corny Bakers","isPartOf":{"@id":"https:\/\/www.cornybakers.nl\/#website"},"datePublished":"2021-11-23T15:59:08+00:00","dateModified":"2022-01-24T11:40:02+00:00","description":"Sie suchen einen Gro\u00dfh\u00e4ndler f\u00fcr Qualit\u00e4tsprodukte f\u00fcr mexikanische Produkte? Bei Corny Bakers sind Sie an der richtigen Adresse.","breadcrumb":{"@id":"https:\/\/www.cornybakers.nl\/de\/grosshaendler-mexikanische-produkte\/#breadcrumb"},"inLanguage":"de","potentialAction":[{"@type":"ReadAction","target":["https:\/\/www.cornybakers.nl\/de\/grosshaendler-mexikanische-produkte\/"]}]},{"@type":"BreadcrumbList","@id":"https:\/\/www.cornybakers.nl\/de\/grosshaendler-mexikanische-produkte\/#breadcrumb","itemListElement":[{"@type":"ListItem","position":1,"name":"Home","item":"https:\/\/www.cornybakers.nl\/de\/"},{"@type":"ListItem","position":2,"name":"Gro\u00dfh\u00e4ndler mexikanische Produkte"}]},{"@type":"WebSite","@id":"https:\/\/www.cornybakers.nl\/#website","url":"https:\/\/www.cornybakers.nl\/","name":"Corny Bakers","description":"","potentialAction":[{"@type":"SearchAction","target":{"@type":"EntryPoint","urlTemplate":"https:\/\/www.cornybakers.nl\/?s={search_term_string}"},"query-input":{"@type":"PropertyValueSpecification","valueRequired":true,"valueName":"search_term_string"}}],"inLanguage":"de"}]}},"_links":{"self":[{"href":"https:\/\/www.cornybakers.nl\/de\/wp-json\/wp\/v2\/pages\/2410","targetHints":{"allow":["GET"]}}],"collection":[{"href":"https:\/\/www.cornybakers.nl\/de\/wp-json\/wp\/v2\/pages"}],"about":[{"href":"https:\/\/www.cornybakers.nl\/de\/wp-json\/wp\/v2\/types\/page"}],"author":[{"embeddable":true,"href":"https:\/\/www.cornybakers.nl\/de\/wp-json\/wp\/v2\/users\/1"}],"replies":[{"embeddable":true,"href":"https:\/\/www.cornybakers.nl\/de\/wp-json\/wp\/v2\/comments?post=2410"}],"version-history":[{"count":3,"href":"https:\/\/www.cornybakers.nl\/de\/wp-json\/wp\/v2\/pages\/2410\/revisions"}],"predecessor-version":[{"id":5181,"href":"https:\/\/www.cornybakers.nl\/de\/wp-json\/wp\/v2\/pages\/2410\/revisions\/5181"}],"wp:attachment":[{"href":"https:\/\/www.cornybakers.nl\/de\/wp-json\/wp\/v2\/media?parent=2410"}],"curies":[{"name":"wp","href":"https:\/\/api.w.org\/{rel}","templated":true}]}}