{"id":2672,"date":"2021-11-09T12:18:16","date_gmt":"2021-11-09T11:18:16","guid":{"rendered":"https:\/\/www.vanoo29.nl\/over-ons\/"},"modified":"2021-12-22T11:10:59","modified_gmt":"2021-12-22T10:10:59","slug":"ueber-uns","status":"publish","type":"page","link":"https:\/\/www.cornybakers.nl\/de\/ueber-uns\/","title":{"rendered":"\u00dcber uns"},"content":{"rendered":"<p>[vc_row rt_row_background_width=&#8220;fullwidth&#8220; rt_row_content_width=&#8220;default&#8220; rt_row_style=&#8220;default-style&#8220; rt_row_height=&#8220;&#8220; rt_column_gaps=&#8220;&#8220; rt_row_shadows=&#8220;&#8220; rt_row_borders=&#8220;&#8220; rt_bg_effect=&#8220;classic&#8220; rt_transparent_bg=&#8220;true&#8220; rt_bg_image_repeat=&#8220;repeat&#8220; rt_bg_size=&#8220;cover&#8220; rt_bg_position=&#8220;right top&#8220; rt_bg_attachment=&#8220;scroll&#8220; rt_bg_layer=&#8220;&#8220; rt_bg_video_format=&#8220;self-hosted&#8220; rt_class=&#8220;rt-3993393&#8243; rt_paddings=&#8220;75,75,,&#8220; rt_margins=&#8220;,,,&#8220; rt_content_margins=&#8220;,,,&#8220; rt_tablet_paddings=&#8220;,,,&#8220; rt_tablet_margins=&#8220;,,,&#8220; rt_tablet_content_margins=&#8220;,,,&#8220; rt_sp_paddings=&#8220;,,,&#8220; rt_sp_margins=&#8220;,,,&#8220; rt_sp_content_margins=&#8220;,,,&#8220;][vc_column width=&#8220;3\/5&#8243; rt_bg_effect=&#8220;classic&#8220; rt_bg_image_repeat=&#8220;repeat&#8220; rt_bg_size=&#8220;auto auto&#8220; rt_bg_position=&#8220;right top&#8220; rt_bg_attachment=&#8220;scroll&#8220;]<div class=\"rt-heading-wrapper rt-3844632\">\n\t\t\t\t\t\t<h3 class=\"rt-heading\" >\u00dcber den mexikanischen Gro\u00dfh\u00e4ndler Corny Bakers<\/h3>\n\t\t\t\t\t<\/div>[vc_column_text]Das Gro\u00dfhandelsunternehmen Corny Bakers ist seit 1972 in Europa ein etablierter Name f\u00fcr mexikanische Lebensmittelprodukte. Corny Bakers bietet seinen Kunden ein breites Sortiment mit \u00fcber 300 mexikanischen\/texanischen Artikeln.<\/p>\n<p>Corny Bakers verf\u00fcgt \u00fcber die erforderlichen <a href=\"https:\/\/www.cornybakers.nl\/de\/qualitaet\/\">Zertifizierungen<\/a>, sodass Sie sicher sein k\u00f6nnen, dass alle von Corny Bakers gelieferten Produkte den strengsten Anforderungen und Vorschriften entsprechen. Das mexikanische Gro\u00dfhandelsunternehmen Corny Bakers beliefert Gro\u00dfh\u00e4ndler und Caterer in ganz Europa, der T\u00fcrkei und dem Nahen Osten.<\/p>\n<p>Die Produkte des mexikanischen Gro\u00dfh\u00e4ndlers Corny Bakers werden \u00fcberwiegend aus Mexiko und den USA importiert. Aber auch in den Niederlanden werden viele Produkte hergestellt, und zwar speziell und exklusiv f\u00fcr Corny Bakers und dies unter unserem eigenen Markennamen. Neben einer gro\u00dfen Anzahl an renommierten mexikanischen Marken bietet Corny Bakers daher auch ein eigenes Sortiment an, welches aus Produkten unserer Eigenmarke besteht. Darunter befinden sich beispielsweise Mehl- und Maistortillas, So\u00dfen und Guacamole.<\/p>\n<p>Neben dem umfangreichen Food-Sortiment bietet Corny Bakers auch Getr\u00e4nke wie beispielsweise mexikanische Biere, Tequila, verschiedene Lik\u00f6re und Weine an.<\/p>\n<p>Last but not least verf\u00fcgt Corny Bakers als Gro\u00dfh\u00e4ndler f\u00fcr mexikanische Produkte auch \u00fcber eine breite Palette von Non-Food-Artikeln.[\/vc_column_text][\/vc_column][vc_column width=&#8220;2\/5&#8243; rt_bg_effect=&#8220;classic&#8220; rt_bg_image_repeat=&#8220;repeat&#8220; rt_bg_size=&#8220;auto auto&#8220; rt_bg_position=&#8220;right top&#8220; rt_bg_attachment=&#8220;scroll&#8220;]<div class=\"rt-heading-wrapper rt-2339077\">\n\t\t\t\t\t\t<h3 class=\"rt-heading\" >Die Vorteile<\/h3>\n\t\t\t\t\t<\/div>[vc_column_text]<\/p>\n<ul>\n<li>Gro\u00dfes Sortiment<\/li>\n<li>Fast alle Produkte auf Lager, daher schnelle Lieferung<\/li>\n<li>A-Marken<\/li>\n<li>Frische Produkte, daher leichter zuzubereiten<\/li>\n<li>Immer das beste Geschmacksergebnis<\/li>\n<li>Individuelle Beratung und kundenorientierte<\/li>\n<li>Lieferung m\u00f6glich<\/li>\n<li>Flexibel, l\u00f6sungsorientierte Arbeitsweise und kundenfreundlicher Service<\/li>\n<\/ul>\n<p>[\/vc_column_text][vc_single_image image=&#8220;177&#8243; img_size=&#8220;full&#8220;][\/vc_column][\/vc_row]<\/p>\n","protected":false},"excerpt":{"rendered":"<p>[vc_row rt_row_background_width=&#8220;fullwidth&#8220; rt_row_content_width=&#8220;default&#8220; rt_row_style=&#8220;default-style&#8220; rt_row_height=&#8220;&#8220; rt_column_gaps=&#8220;&#8220; rt_row_shadows=&#8220;&#8220; rt_row_borders=&#8220;&#8220; rt_bg_effect=&#8220;classic&#8220; rt_transparent_bg=&#8220;true&#8220; rt_bg_image_repeat=&#8220;repeat&#8220; rt_bg_size=&#8220;cover&#8220; rt_bg_position=&#8220;right top&#8220; rt_bg_attachment=&#8220;scroll&#8220; rt_bg_layer=&#8220;&#8220; rt_bg_video_format=&#8220;self-hosted&#8220; rt_class=&#8220;rt-3993393&#8243; rt_paddings=&#8220;75,75,,&#8220; rt_margins=&#8220;,,,&#8220; rt_content_margins=&#8220;,,,&#8220; rt_tablet_paddings=&#8220;,,,&#8220; rt_tablet_margins=&#8220;,,,&#8220; rt_tablet_content_margins=&#8220;,,,&#8220; rt_sp_paddings=&#8220;,,,&#8220; rt_sp_margins=&#8220;,,,&#8220; rt_sp_content_margins=&#8220;,,,&#8220;][vc_column width=&#8220;3\/5&#8243; rt_bg_effect=&#8220;classic&#8220; rt_bg_image_repeat=&#8220;repeat&#8220; rt_bg_size=&#8220;auto auto&#8220; rt_bg_position=&#8220;right top&#8220; rt_bg_attachment=&#8220;scroll&#8220;][vc_column_text]Das Gro\u00dfhandelsunternehmen Corny Bakers ist seit 1972 in Europa ein etablierter Name f\u00fcr mexikanische Lebensmittelprodukte. Corny Bakers bietet seinen Kunden ein [&hellip;]<\/p>\n","protected":false},"author":1,"featured_media":0,"parent":0,"menu_order":0,"comment_status":"closed","ping_status":"closed","template":"","meta":{"inline_featured_image":false,"footnotes":""},"class_list":["post-2672","page","type-page","status-publish","hentry"],"yoast_head":"<!-- This site is optimized with the Yoast SEO plugin v24.8.1 - https:\/\/yoast.com\/wordpress\/plugins\/seo\/ -->\n<title>\u00dcber uns - Corny Bakers<\/title>\n<meta name=\"description\" content=\"Das Gro\u00dfhandelsunternehmen Corny Bakers ist seit 1972 in Europa ein etablierter Name f\u00fcr mexikanische Lebensmittelprodukte\" \/>\n<meta name=\"robots\" content=\"index, follow, max-snippet:-1, max-image-preview:large, max-video-preview:-1\" \/>\n<link rel=\"canonical\" href=\"https:\/\/www.cornybakers.nl\/de\/ueber-uns\/\" \/>\n<meta property=\"og:locale\" content=\"de_DE\" \/>\n<meta property=\"og:type\" content=\"article\" \/>\n<meta property=\"og:title\" content=\"\u00dcber uns - Corny Bakers\" \/>\n<meta property=\"og:description\" content=\"Das Gro\u00dfhandelsunternehmen Corny Bakers ist seit 1972 in Europa ein etablierter Name f\u00fcr mexikanische Lebensmittelprodukte\" \/>\n<meta property=\"og:url\" content=\"https:\/\/www.cornybakers.nl\/de\/ueber-uns\/\" \/>\n<meta property=\"og:site_name\" content=\"Corny Bakers\" \/>\n<meta property=\"article:modified_time\" content=\"2021-12-22T10:10:59+00:00\" \/>\n<meta name=\"twitter:card\" content=\"summary_large_image\" \/>\n<meta name=\"twitter:label1\" content=\"Gesch\u00e4tzte Lesezeit\" \/>\n\t<meta name=\"twitter:data1\" content=\"2\u00a0Minuten\" \/>\n<script type=\"application\/ld+json\" class=\"yoast-schema-graph\">{\"@context\":\"https:\/\/schema.org\",\"@graph\":[{\"@type\":\"WebPage\",\"@id\":\"https:\/\/www.cornybakers.nl\/de\/ueber-uns\/\",\"url\":\"https:\/\/www.cornybakers.nl\/de\/ueber-uns\/\",\"name\":\"\u00dcber uns - Corny Bakers\",\"isPartOf\":{\"@id\":\"https:\/\/www.cornybakers.nl\/#website\"},\"datePublished\":\"2021-11-09T11:18:16+00:00\",\"dateModified\":\"2021-12-22T10:10:59+00:00\",\"description\":\"Das Gro\u00dfhandelsunternehmen Corny Bakers ist seit 1972 in Europa ein etablierter Name f\u00fcr mexikanische Lebensmittelprodukte\",\"breadcrumb\":{\"@id\":\"https:\/\/www.cornybakers.nl\/de\/ueber-uns\/#breadcrumb\"},\"inLanguage\":\"de\",\"potentialAction\":[{\"@type\":\"ReadAction\",\"target\":[\"https:\/\/www.cornybakers.nl\/de\/ueber-uns\/\"]}]},{\"@type\":\"BreadcrumbList\",\"@id\":\"https:\/\/www.cornybakers.nl\/de\/ueber-uns\/#breadcrumb\",\"itemListElement\":[{\"@type\":\"ListItem\",\"position\":1,\"name\":\"Home\",\"item\":\"https:\/\/www.cornybakers.nl\/de\/\"},{\"@type\":\"ListItem\",\"position\":2,\"name\":\"\u00dcber uns\"}]},{\"@type\":\"WebSite\",\"@id\":\"https:\/\/www.cornybakers.nl\/#website\",\"url\":\"https:\/\/www.cornybakers.nl\/\",\"name\":\"Corny Bakers\",\"description\":\"\",\"potentialAction\":[{\"@type\":\"SearchAction\",\"target\":{\"@type\":\"EntryPoint\",\"urlTemplate\":\"https:\/\/www.cornybakers.nl\/?s={search_term_string}\"},\"query-input\":{\"@type\":\"PropertyValueSpecification\",\"valueRequired\":true,\"valueName\":\"search_term_string\"}}],\"inLanguage\":\"de\"}]}<\/script>\n<!-- \/ Yoast SEO plugin. -->","yoast_head_json":{"title":"\u00dcber uns - Corny Bakers","description":"Das Gro\u00dfhandelsunternehmen Corny Bakers ist seit 1972 in Europa ein etablierter Name f\u00fcr mexikanische Lebensmittelprodukte","robots":{"index":"index","follow":"follow","max-snippet":"max-snippet:-1","max-image-preview":"max-image-preview:large","max-video-preview":"max-video-preview:-1"},"canonical":"https:\/\/www.cornybakers.nl\/de\/ueber-uns\/","og_locale":"de_DE","og_type":"article","og_title":"\u00dcber uns - Corny Bakers","og_description":"Das Gro\u00dfhandelsunternehmen Corny Bakers ist seit 1972 in Europa ein etablierter Name f\u00fcr mexikanische Lebensmittelprodukte","og_url":"https:\/\/www.cornybakers.nl\/de\/ueber-uns\/","og_site_name":"Corny Bakers","article_modified_time":"2021-12-22T10:10:59+00:00","twitter_card":"summary_large_image","twitter_misc":{"Gesch\u00e4tzte Lesezeit":"2\u00a0Minuten"},"schema":{"@context":"https:\/\/schema.org","@graph":[{"@type":"WebPage","@id":"https:\/\/www.cornybakers.nl\/de\/ueber-uns\/","url":"https:\/\/www.cornybakers.nl\/de\/ueber-uns\/","name":"\u00dcber uns - Corny Bakers","isPartOf":{"@id":"https:\/\/www.cornybakers.nl\/#website"},"datePublished":"2021-11-09T11:18:16+00:00","dateModified":"2021-12-22T10:10:59+00:00","description":"Das Gro\u00dfhandelsunternehmen Corny Bakers ist seit 1972 in Europa ein etablierter Name f\u00fcr mexikanische Lebensmittelprodukte","breadcrumb":{"@id":"https:\/\/www.cornybakers.nl\/de\/ueber-uns\/#breadcrumb"},"inLanguage":"de","potentialAction":[{"@type":"ReadAction","target":["https:\/\/www.cornybakers.nl\/de\/ueber-uns\/"]}]},{"@type":"BreadcrumbList","@id":"https:\/\/www.cornybakers.nl\/de\/ueber-uns\/#breadcrumb","itemListElement":[{"@type":"ListItem","position":1,"name":"Home","item":"https:\/\/www.cornybakers.nl\/de\/"},{"@type":"ListItem","position":2,"name":"\u00dcber uns"}]},{"@type":"WebSite","@id":"https:\/\/www.cornybakers.nl\/#website","url":"https:\/\/www.cornybakers.nl\/","name":"Corny Bakers","description":"","potentialAction":[{"@type":"SearchAction","target":{"@type":"EntryPoint","urlTemplate":"https:\/\/www.cornybakers.nl\/?s={search_term_string}"},"query-input":{"@type":"PropertyValueSpecification","valueRequired":true,"valueName":"search_term_string"}}],"inLanguage":"de"}]}},"_links":{"self":[{"href":"https:\/\/www.cornybakers.nl\/de\/wp-json\/wp\/v2\/pages\/2672","targetHints":{"allow":["GET"]}}],"collection":[{"href":"https:\/\/www.cornybakers.nl\/de\/wp-json\/wp\/v2\/pages"}],"about":[{"href":"https:\/\/www.cornybakers.nl\/de\/wp-json\/wp\/v2\/types\/page"}],"author":[{"embeddable":true,"href":"https:\/\/www.cornybakers.nl\/de\/wp-json\/wp\/v2\/users\/1"}],"replies":[{"embeddable":true,"href":"https:\/\/www.cornybakers.nl\/de\/wp-json\/wp\/v2\/comments?post=2672"}],"version-history":[{"count":3,"href":"https:\/\/www.cornybakers.nl\/de\/wp-json\/wp\/v2\/pages\/2672\/revisions"}],"predecessor-version":[{"id":5185,"href":"https:\/\/www.cornybakers.nl\/de\/wp-json\/wp\/v2\/pages\/2672\/revisions\/5185"}],"wp:attachment":[{"href":"https:\/\/www.cornybakers.nl\/de\/wp-json\/wp\/v2\/media?parent=2672"}],"curies":[{"name":"wp","href":"https:\/\/api.w.org\/{rel}","templated":true}]}}