{"id":5436,"date":"2022-01-14T14:25:21","date_gmt":"2022-01-14T13:25:21","guid":{"rendered":"https:\/\/www.vanoo29.nl\/seasonings\/"},"modified":"2022-01-24T12:27:47","modified_gmt":"2022-01-24T11:27:47","slug":"gewurze-gewurzmischungen-seasonings","status":"publish","type":"page","link":"https:\/\/www.cornybakers.nl\/de\/gewurze-gewurzmischungen-seasonings\/","title":{"rendered":"Gew\u00fcrze Gew\u00fcrzmischungen\/Seasonings"},"content":{"rendered":"<p>[vc_row rt_row_background_width=&#8220;fullwidth&#8220; rt_row_content_width=&#8220;default&#8220; rt_row_style=&#8220;default-style&#8220; rt_row_height=&#8220;&#8220; rt_column_gaps=&#8220;&#8220; rt_row_shadows=&#8220;&#8220; rt_row_borders=&#8220;&#8220; rt_bg_effect=&#8220;classic&#8220; rt_bg_image_repeat=&#8220;repeat&#8220; rt_bg_size=&#8220;cover&#8220; rt_bg_position=&#8220;right top&#8220; rt_bg_attachment=&#8220;scroll&#8220; rt_bg_layer=&#8220;&#8220; rt_bg_video_format=&#8220;self-hosted&#8220; rt_class=&#8220;rt-7397708&#8243; rt_paddings=&#8220;50,50,,&#8220; rt_margins=&#8220;,,,&#8220; rt_content_margins=&#8220;,,,&#8220; rt_tablet_paddings=&#8220;,,,&#8220; rt_tablet_margins=&#8220;,,,&#8220; rt_tablet_content_margins=&#8220;,,,&#8220; rt_sp_paddings=&#8220;,,,&#8220; rt_sp_margins=&#8220;,,,&#8220; rt_sp_content_margins=&#8220;,,,&#8220;][vc_column width=&#8220;2\/3&#8243; rt_bg_effect=&#8220;classic&#8220; rt_bg_image_repeat=&#8220;repeat&#8220; rt_bg_size=&#8220;auto auto&#8220; rt_bg_position=&#8220;right top&#8220; rt_bg_attachment=&#8220;scroll&#8220;]<div class=\"rt-heading-wrapper rt-3197775\">\n\t\t\t\t\t\t<h2 class=\"rt-heading\" >Gew\u00fcrze Gew\u00fcrzmischungen\/Seasonings<\/h2>\n\t\t\t\t\t<\/div>[vc_column_text]In Mexiko glaubt man in die Kraft von guten Gew\u00fcrzen und Gew\u00fcrzmischungen. Und genau das tun wir von Corny Bakers auch! Ein Seasoning ist ein(e) Gew\u00fcrz oder Gew\u00fcrzmischung, die einem Gericht hinzugef\u00fcgt wird, um den Geschmack zu optimalisieren. Nicht alle Gew\u00fcrze passen zu jeder Art von Gericht. Es gibt Gew\u00fcrze und Gew\u00fcrzmischungen, die gut zu Fisch passen, aber \u00fcberhaupt nicht zu Fleisch. Dann gibt es wiederum Grundgew\u00fcrzmischungen\/Basis Seasonings, die zu fast jedem Gericht passen, aber auch Gew\u00fcrzmischungen und Gew\u00fcrze mit einem bestimmten Geschmack, die nur zu einer ausgew\u00e4hlte Anzahl von Gerichten oder Zutaten passen. Wir von Corny Bakers machen Ihnen die Wahl der Seasonings leicht, denn auf den Verpackungen der Gew\u00fcrze und Gew\u00fcrzmischungen ist angegeben, zu welchem Gericht oder Produkt die jeweilige Gew\u00fcrzmischung oder das jeweilige Gew\u00fcrz passt. Neugierig auf unser Sortiment an Gew\u00fcrzen und Gew\u00fcrzmischungen? Sehen Sie sich auf unserer Website unsere Seasonings an!<\/p>\n<h2>Die verschiedenen Seasonings\/ Gew\u00fcrze Gew\u00fcrzmischungen von Corny Bakers<\/h2>\n<p>Bei uns k\u00f6nnen Sie 25 verschiedene Gew\u00fcrze\/Gew\u00fcrzmischungen bestellen, was bedeutet, dass die Auswahl sehr gro\u00df ist und Sie mit gro\u00dfer Wahrscheinlichkeit immer ein passendes Gew\u00fcrz oder eine passende Gew\u00fcrzmischung f\u00fcr Ihr Vorhaben finden werden. Die Achiote-Paste ist das Basis Seasoning der mexikanischen K\u00fcche. Da Sie sie wahrscheinlich oft verwenden werden, verkaufen wir diese Gew\u00fcrzmischung nicht nur in einer Verpackungseinheit mit einem Kilo, sondern auch in Eimern mit f\u00fcnf Kilo. Nachfolgend finden Sie eine Reihe unserer beliebtesten Gew\u00fcrzmischungen:<\/p>\n<ul>\n<li>BBQ Seasoning<\/li>\n<li>Cajun Seasoning<\/li>\n<li>Fajita Seasoning<\/li>\n<li>Mexican Rice Seasoning<\/li>\n<li>Taco Seasoning<\/li>\n<li>Shrimp Seasoning<\/li>\n<\/ul>\n<p>Dies ist nur eine kleine Auswahl aus dem breiten Sortiment an k\u00f6stlichen Gew\u00fcrzen und Gew\u00fcrzmischungen, die Sie bei uns bestellen k\u00f6nnen. Sind Sie neugierig auf den Rest des Sortiments geworden? Gehen Sie dann bitte einfach auf diesen <u>Link <\/u>und finden Sie die Gew\u00fcrzmischung oder das Gew\u00fcrz, die Sie suchen.<\/p>\n<h2>Fragen oder W\u00fcnsche<\/h2>\n<p>Haben Sie Fragen, W\u00fcnsche oder Anmerkungen zu Ihrer Bestellung, der Lieferung oder zu bestimmten Produkten wie unseren Gew\u00fcrzmischungen\/Gew\u00fcrzen? Bitte z\u00f6gern Sie nicht, uns zu kontaktieren. Sie k\u00f6nnen uns per E-Mail, Telefon oder \u00fcber das Kontaktformular erreichen. Wir beantworten gerne Ihre Fragen![\/vc_column_text]<div class=\"rt-heading-wrapper rt-3993225\">\n\t\t\t\t\t\t<h2 class=\"rt-heading\" >Sehen Sie sich hier unser Sortiment an!<\/h2>\n\t\t\t\t\t<\/div><div class=\"woocommerce columns-3\"><\/div><div class=\"button_wrapper  alignleft\"><a href=\"https:\/\/www.cornybakers.nl\/de\/winkel\/\" target=\"_self\" title=\"Alle Kategorien anzeigen\" class=\"button_ landingpage-knop secondary-font style-1 big rt-3088126\"><span><span>Alle Kategorien anzeigen<\/span><\/span><\/a><\/div>[\/vc_column][vc_column width=&#8220;1\/3&#8243; rt_bg_effect=&#8220;classic&#8220; rt_bg_image_repeat=&#8220;repeat&#8220; rt_bg_size=&#8220;auto auto&#8220; rt_bg_position=&#8220;right top&#8220; rt_bg_attachment=&#8220;scroll&#8220; rt_class=&#8220;rt-8809495&#8243; rt_margins=&#8220;,&#8220; rt_paddings=&#8220;,,,&#8220; rt_wrapper_paddings=&#8220;,,,&#8220; rt_tablet_margins=&#8220;,&#8220; rt_tablet_paddings=&#8220;,,,&#8220; rt_tablet_wrapper_paddings=&#8220;,,,&#8220; rt_sp_margins=&#8220;50,0&#8243; rt_sp_paddings=&#8220;,,,&#8220; rt_sp_wrapper_paddings=&#8220;,,,&#8220; rt_bg_color=&#8220;&#8220; rt_bg_overlay_color=&#8220;&#8220;][vc_single_image image=&#8220;5276&#8243; img_size=&#8220;full&#8220; style=&#8220;vc_box_rounded&#8220; el_class=&#8220;foto-landingpage&#8220;]<div class=\"rt-heading-wrapper rt-5971705\">\n\t\t\t\t\t\t<h2 class=\"rt-heading\" >Kontakt Formular<\/h2>\n\t\t\t\t\t<\/div>\n<div class=\"wpcf7 no-js\" id=\"wpcf7-f1739-o1\" lang=\"nl-NL\" dir=\"ltr\" data-wpcf7-id=\"1739\">\n<div class=\"screen-reader-response\"><p role=\"status\" aria-live=\"polite\" aria-atomic=\"true\"><\/p> <ul><\/ul><\/div>\n<form action=\"\/de\/wp-json\/wp\/v2\/pages\/5436#wpcf7-f1739-o1\" method=\"post\" class=\"wpcf7-form init\" aria-label=\"Contactformulier\" novalidate=\"novalidate\" data-status=\"init\">\n<fieldset class=\"hidden-fields-container\"><input type=\"hidden\" name=\"_wpcf7\" value=\"1739\" \/><input type=\"hidden\" name=\"_wpcf7_version\" value=\"6.1.4\" \/><input type=\"hidden\" name=\"_wpcf7_locale\" value=\"nl_NL\" \/><input type=\"hidden\" name=\"_wpcf7_unit_tag\" value=\"wpcf7-f1739-o1\" \/><input type=\"hidden\" name=\"_wpcf7_container_post\" value=\"0\" \/><input type=\"hidden\" name=\"_wpcf7_posted_data_hash\" value=\"\" \/><input type=\"hidden\" name=\"_wpcf7cf_hidden_group_fields\" value=\"[]\" \/><input type=\"hidden\" name=\"_wpcf7cf_hidden_groups\" value=\"[]\" \/><input type=\"hidden\" name=\"_wpcf7cf_visible_groups\" value=\"[]\" \/><input type=\"hidden\" name=\"_wpcf7cf_repeaters\" value=\"[]\" \/><input type=\"hidden\" name=\"_wpcf7cf_steps\" value=\"{}\" \/><input type=\"hidden\" name=\"_wpcf7cf_options\" value=\"{&quot;form_id&quot;:1739,&quot;conditions&quot;:[{&quot;then_field&quot;:&quot;anders&quot;,&quot;and_rules&quot;:[{&quot;if_field&quot;:&quot;terecht&quot;,&quot;operator&quot;:&quot;equals&quot;,&quot;if_value&quot;:&quot;Durch etwas anderes, n\\u00e4mlich:&quot;}]}],&quot;settings&quot;:{&quot;animation&quot;:&quot;yes&quot;,&quot;animation_intime&quot;:200,&quot;animation_outtime&quot;:200,&quot;conditions_ui&quot;:&quot;normal&quot;,&quot;notice_dismissed&quot;:false,&quot;notice_dismissed_rollback-cf7-5.8.3&quot;:true,&quot;notice_dismissed_rollback-cf7-5.9.4&quot;:true}}\" \/>\n<\/fieldset>\n<div class=\"wpcf7-turnstile cf-turnstile\" data-sitekey=\"0x4AAAAAACFbo73hTV00eySb\" data-response-field-name=\"_wpcf7_turnstile_response\"><\/div>\n\n<table class=\"formulier\">\n\t<tbody>\n\t\t<tr>\n\t\t\t<td colspan=\"2\">\n\t\t\t\t<p><span class=\"wpcf7-form-control-wrap\" data-name=\"your-name\"><input size=\"40\" maxlength=\"400\" class=\"wpcf7-form-control wpcf7-text wpcf7-validates-as-required\" aria-required=\"true\" aria-invalid=\"false\" placeholder=\"Dein Name *\" value=\"\" type=\"text\" name=\"your-name\" \/><\/span>\n\t\t\t\t<\/p>\n\t\t\t<\/td>\n\t\t<\/tr>\n\t\t<tr>\n\t\t\t<td colspan=\"2\">\n\t\t\t\t<p><span class=\"wpcf7-form-control-wrap\" data-name=\"your-adress\"><input size=\"40\" maxlength=\"400\" class=\"wpcf7-form-control wpcf7-text\" aria-invalid=\"false\" placeholder=\"Deine Adresse\" value=\"\" type=\"text\" name=\"your-adress\" \/><\/span>\n\t\t\t\t<\/p>\n\t\t\t<\/td>\n\t\t<\/tr>\n\t\t<tr>\n\t\t\t<td style=\"padding-right: 5px;\">\n\t\t\t\t<p><span class=\"wpcf7-form-control-wrap\" data-name=\"your-postal\"><input size=\"40\" maxlength=\"400\" class=\"wpcf7-form-control wpcf7-text\" aria-invalid=\"false\" placeholder=\"Ihre Postleitzahl\" value=\"\" type=\"text\" name=\"your-postal\" \/><\/span>\n\t\t\t\t<\/p>\n\t\t\t<\/td>\n\t\t\t<td style=\"padding-left: 5px;\">\n\t\t\t\t<p><span class=\"wpcf7-form-control-wrap\" data-name=\"your-city\"><input size=\"40\" maxlength=\"400\" class=\"wpcf7-form-control wpcf7-text\" aria-invalid=\"false\" placeholder=\"Dein Wohnort\" value=\"\" type=\"text\" name=\"your-city\" \/><\/span>\n\t\t\t\t<\/p>\n\t\t\t<\/td>\n\t\t<\/tr>\n\t\t<tr>\n\t\t\t<td style=\"padding-right: 5px;\">\n\t\t\t\t<p><span class=\"wpcf7-form-control-wrap\" data-name=\"your-phone\"><input size=\"40\" maxlength=\"400\" class=\"wpcf7-form-control wpcf7-tel wpcf7-validates-as-required wpcf7-text wpcf7-validates-as-tel\" aria-required=\"true\" aria-invalid=\"false\" placeholder=\"Deine Telefonnummer *\" value=\"\" type=\"tel\" name=\"your-phone\" \/><\/span>\n\t\t\t\t<\/p>\n\t\t\t<\/td>\n\t\t\t<td style=\"padding-left: 5px;\">\n\t\t\t\t<p><span class=\"wpcf7-form-control-wrap\" data-name=\"your-email\"><input size=\"40\" maxlength=\"400\" class=\"wpcf7-form-control wpcf7-email wpcf7-validates-as-required wpcf7-text wpcf7-validates-as-email\" aria-required=\"true\" aria-invalid=\"false\" placeholder=\"Deine E-Mail *\" value=\"\" type=\"email\" name=\"your-email\" \/><\/span>\n\t\t\t\t<\/p>\n\t\t\t<\/td>\n\t\t<\/tr>\n\t\t<tr>\n\t\t\t<td colspan=\"2\">\n\t\t\t\t<p>Wie bist du zu uns gekommen?\n\t\t\t\t<\/p>\n\t\t\t\t<p><span class=\"wpcf7-form-control-wrap\" data-name=\"terecht\"><select class=\"wpcf7-form-control wpcf7-select wpcf7-validates-as-required\" aria-required=\"true\" aria-invalid=\"false\" name=\"terecht\"><option value=\"\">&#8212;Kies een optie&#8212;<\/option><option value=\"\u00dcber Google\">\u00dcber Google<\/option><option value=\"Durch Mundpropaganda\">Durch Mundpropaganda<\/option><option value=\"Durch soziale Medien\">Durch soziale Medien<\/option><option value=\"Durch etwas anderes, n\u00e4mlich:\">Durch etwas anderes, n\u00e4mlich:<\/option><\/select><\/span>\n\t\t\t\t<\/p>\n\t\t\t\t<div data-id=\"anders\" data-orig_data_id=\"anders\"  class=\"\" data-class=\"wpcf7cf_group\">\n\t\t\t\t\t<p><span class=\"wpcf7-form-control-wrap\" data-name=\"your-anders\"><input size=\"40\" maxlength=\"400\" class=\"wpcf7-form-control wpcf7-text wpcf7-validates-as-required\" aria-required=\"true\" aria-invalid=\"false\" placeholder=\"etwas anderes, n\u00e4mlich: *\" value=\"\" type=\"text\" name=\"your-anders\" \/><\/span>\n\t\t\t\t\t<\/p>\n\t\t\t\t<\/div>\n\t\t\t<\/td>\n\t\t<\/tr>\n\t\t<tr>\n\t\t<\/tr>\n\t\t<tr>\n\t\t\t<td colspan=\"2\">\n\t\t\t\t<p><span class=\"wpcf7-form-control-wrap\" data-name=\"your-message\"><textarea cols=\"40\" rows=\"5\" maxlength=\"2000\" class=\"wpcf7-form-control wpcf7-textarea\" aria-invalid=\"false\" placeholder=\"Ihre Nachricht\" name=\"your-message\"><\/textarea><\/span>\n\t\t\t\t<\/p>\n\t\t\t<\/td>\n\t\t<\/tr>\n\t\t<tr>\n\t\t\t<td colspan=\"2\">\n\t\t\t\t<p><span class=\"wpcf7-form-control-wrap\" data-name=\"akkoordprivacy\"><span class=\"wpcf7-form-control wpcf7-checkbox wpcf7-validates-as-required\"><span class=\"wpcf7-list-item first last\"><input type=\"checkbox\" name=\"akkoordprivacy[]\" value=\"Ich stimme den Datenschutzbedingungen zu.\" \/><span class=\"wpcf7-list-item-label\">Ich stimme den Datenschutzbedingungen zu.<\/span><\/span><\/span><\/span> Lesen Sie unsere <a href=\"https:\/\/www.cornybakers.nl\/de\/datenschutz-erklaerung\/\" target=\"_blank\" rel=\"noopener\">Datenschutz-erkl\u00e4rung<\/a> (*)\n\t\t\t\t<\/p>\n\t\t\t<\/td>\n\t\t<\/tr>\n\t\t<tr>\n\t\t\t<td colspan=\"2\">\n\t\t\t\t<p><input class=\"wpcf7-form-control wpcf7-submit has-spinner\" type=\"submit\" value=\"Senden\" \/>\n\t\t\t\t<\/p>\n\t\t\t<\/td>\n\t\t<\/tr>\n\t<\/tbody>\n<\/table><div class=\"wpcf7-response-output\" aria-hidden=\"true\"><\/div>\n<\/form>\n<\/div>\n[\/vc_column][\/vc_row]<\/p>\n","protected":false},"excerpt":{"rendered":"<p>[vc_row rt_row_background_width=&#8220;fullwidth&#8220; rt_row_content_width=&#8220;default&#8220; rt_row_style=&#8220;default-style&#8220; rt_row_height=&#8220;&#8220; rt_column_gaps=&#8220;&#8220; rt_row_shadows=&#8220;&#8220; rt_row_borders=&#8220;&#8220; rt_bg_effect=&#8220;classic&#8220; rt_bg_image_repeat=&#8220;repeat&#8220; rt_bg_size=&#8220;cover&#8220; rt_bg_position=&#8220;right top&#8220; rt_bg_attachment=&#8220;scroll&#8220; rt_bg_layer=&#8220;&#8220; rt_bg_video_format=&#8220;self-hosted&#8220; rt_class=&#8220;rt-7397708&#8243; rt_paddings=&#8220;50,50,,&#8220; rt_margins=&#8220;,,,&#8220; rt_content_margins=&#8220;,,,&#8220; rt_tablet_paddings=&#8220;,,,&#8220; rt_tablet_margins=&#8220;,,,&#8220; rt_tablet_content_margins=&#8220;,,,&#8220; rt_sp_paddings=&#8220;,,,&#8220; rt_sp_margins=&#8220;,,,&#8220; rt_sp_content_margins=&#8220;,,,&#8220;][vc_column width=&#8220;2\/3&#8243; rt_bg_effect=&#8220;classic&#8220; rt_bg_image_repeat=&#8220;repeat&#8220; rt_bg_size=&#8220;auto auto&#8220; rt_bg_position=&#8220;right top&#8220; rt_bg_attachment=&#8220;scroll&#8220;][vc_column_text]In Mexiko glaubt man in die Kraft von guten Gew\u00fcrzen und Gew\u00fcrzmischungen. Und genau das tun wir von Corny Bakers auch! Ein [&hellip;]<\/p>\n","protected":false},"author":1,"featured_media":0,"parent":0,"menu_order":0,"comment_status":"closed","ping_status":"closed","template":"","meta":{"inline_featured_image":false,"footnotes":""},"class_list":["post-5436","page","type-page","status-publish","hentry"],"yoast_head":"<!-- This site is optimized with the Yoast SEO plugin v24.8.1 - https:\/\/yoast.com\/wordpress\/plugins\/seo\/ -->\n<title>Gew\u00fcrze Gew\u00fcrzmischungen\/Seasonings - Corny Bakers<\/title>\n<meta name=\"description\" content=\"In Mexiko glaubt man in die Kraft von guten Gew\u00fcrzen, Gew\u00fcrzmischungen und Seasonings. Und genau das tun wir von Corny Bakers auch!\" \/>\n<meta name=\"robots\" content=\"index, follow, max-snippet:-1, max-image-preview:large, max-video-preview:-1\" \/>\n<link rel=\"canonical\" href=\"https:\/\/www.cornybakers.nl\/de\/gewurze-gewurzmischungen-seasonings\/\" \/>\n<meta property=\"og:locale\" content=\"de_DE\" \/>\n<meta property=\"og:type\" content=\"article\" \/>\n<meta property=\"og:title\" content=\"Gew\u00fcrze Gew\u00fcrzmischungen\/Seasonings - Corny Bakers\" \/>\n<meta property=\"og:description\" content=\"In Mexiko glaubt man in die Kraft von guten Gew\u00fcrzen, Gew\u00fcrzmischungen und Seasonings. Und genau das tun wir von Corny Bakers auch!\" \/>\n<meta property=\"og:url\" content=\"https:\/\/www.cornybakers.nl\/de\/gewurze-gewurzmischungen-seasonings\/\" \/>\n<meta property=\"og:site_name\" content=\"Corny Bakers\" \/>\n<meta property=\"article:modified_time\" content=\"2022-01-24T11:27:47+00:00\" \/>\n<meta name=\"twitter:card\" content=\"summary_large_image\" \/>\n<meta name=\"twitter:label1\" content=\"Gesch\u00e4tzte Lesezeit\" \/>\n\t<meta name=\"twitter:data1\" content=\"3\u00a0Minuten\" \/>\n<script type=\"application\/ld+json\" class=\"yoast-schema-graph\">{\"@context\":\"https:\/\/schema.org\",\"@graph\":[{\"@type\":\"WebPage\",\"@id\":\"https:\/\/www.cornybakers.nl\/de\/gewurze-gewurzmischungen-seasonings\/\",\"url\":\"https:\/\/www.cornybakers.nl\/de\/gewurze-gewurzmischungen-seasonings\/\",\"name\":\"Gew\u00fcrze Gew\u00fcrzmischungen\/Seasonings - Corny Bakers\",\"isPartOf\":{\"@id\":\"https:\/\/www.cornybakers.nl\/#website\"},\"datePublished\":\"2022-01-14T13:25:21+00:00\",\"dateModified\":\"2022-01-24T11:27:47+00:00\",\"description\":\"In Mexiko glaubt man in die Kraft von guten Gew\u00fcrzen, Gew\u00fcrzmischungen und Seasonings. Und genau das tun wir von Corny Bakers auch!\",\"breadcrumb\":{\"@id\":\"https:\/\/www.cornybakers.nl\/de\/gewurze-gewurzmischungen-seasonings\/#breadcrumb\"},\"inLanguage\":\"de\",\"potentialAction\":[{\"@type\":\"ReadAction\",\"target\":[\"https:\/\/www.cornybakers.nl\/de\/gewurze-gewurzmischungen-seasonings\/\"]}]},{\"@type\":\"BreadcrumbList\",\"@id\":\"https:\/\/www.cornybakers.nl\/de\/gewurze-gewurzmischungen-seasonings\/#breadcrumb\",\"itemListElement\":[{\"@type\":\"ListItem\",\"position\":1,\"name\":\"Home\",\"item\":\"https:\/\/www.cornybakers.nl\/de\/\"},{\"@type\":\"ListItem\",\"position\":2,\"name\":\"Gew\u00fcrze Gew\u00fcrzmischungen\/Seasonings\"}]},{\"@type\":\"WebSite\",\"@id\":\"https:\/\/www.cornybakers.nl\/#website\",\"url\":\"https:\/\/www.cornybakers.nl\/\",\"name\":\"Corny Bakers\",\"description\":\"\",\"potentialAction\":[{\"@type\":\"SearchAction\",\"target\":{\"@type\":\"EntryPoint\",\"urlTemplate\":\"https:\/\/www.cornybakers.nl\/?s={search_term_string}\"},\"query-input\":{\"@type\":\"PropertyValueSpecification\",\"valueRequired\":true,\"valueName\":\"search_term_string\"}}],\"inLanguage\":\"de\"}]}<\/script>\n<!-- \/ Yoast SEO plugin. -->","yoast_head_json":{"title":"Gew\u00fcrze Gew\u00fcrzmischungen\/Seasonings - Corny Bakers","description":"In Mexiko glaubt man in die Kraft von guten Gew\u00fcrzen, Gew\u00fcrzmischungen und Seasonings. Und genau das tun wir von Corny Bakers auch!","robots":{"index":"index","follow":"follow","max-snippet":"max-snippet:-1","max-image-preview":"max-image-preview:large","max-video-preview":"max-video-preview:-1"},"canonical":"https:\/\/www.cornybakers.nl\/de\/gewurze-gewurzmischungen-seasonings\/","og_locale":"de_DE","og_type":"article","og_title":"Gew\u00fcrze Gew\u00fcrzmischungen\/Seasonings - Corny Bakers","og_description":"In Mexiko glaubt man in die Kraft von guten Gew\u00fcrzen, Gew\u00fcrzmischungen und Seasonings. Und genau das tun wir von Corny Bakers auch!","og_url":"https:\/\/www.cornybakers.nl\/de\/gewurze-gewurzmischungen-seasonings\/","og_site_name":"Corny Bakers","article_modified_time":"2022-01-24T11:27:47+00:00","twitter_card":"summary_large_image","twitter_misc":{"Gesch\u00e4tzte Lesezeit":"3\u00a0Minuten"},"schema":{"@context":"https:\/\/schema.org","@graph":[{"@type":"WebPage","@id":"https:\/\/www.cornybakers.nl\/de\/gewurze-gewurzmischungen-seasonings\/","url":"https:\/\/www.cornybakers.nl\/de\/gewurze-gewurzmischungen-seasonings\/","name":"Gew\u00fcrze Gew\u00fcrzmischungen\/Seasonings - Corny Bakers","isPartOf":{"@id":"https:\/\/www.cornybakers.nl\/#website"},"datePublished":"2022-01-14T13:25:21+00:00","dateModified":"2022-01-24T11:27:47+00:00","description":"In Mexiko glaubt man in die Kraft von guten Gew\u00fcrzen, Gew\u00fcrzmischungen und Seasonings. Und genau das tun wir von Corny Bakers auch!","breadcrumb":{"@id":"https:\/\/www.cornybakers.nl\/de\/gewurze-gewurzmischungen-seasonings\/#breadcrumb"},"inLanguage":"de","potentialAction":[{"@type":"ReadAction","target":["https:\/\/www.cornybakers.nl\/de\/gewurze-gewurzmischungen-seasonings\/"]}]},{"@type":"BreadcrumbList","@id":"https:\/\/www.cornybakers.nl\/de\/gewurze-gewurzmischungen-seasonings\/#breadcrumb","itemListElement":[{"@type":"ListItem","position":1,"name":"Home","item":"https:\/\/www.cornybakers.nl\/de\/"},{"@type":"ListItem","position":2,"name":"Gew\u00fcrze Gew\u00fcrzmischungen\/Seasonings"}]},{"@type":"WebSite","@id":"https:\/\/www.cornybakers.nl\/#website","url":"https:\/\/www.cornybakers.nl\/","name":"Corny Bakers","description":"","potentialAction":[{"@type":"SearchAction","target":{"@type":"EntryPoint","urlTemplate":"https:\/\/www.cornybakers.nl\/?s={search_term_string}"},"query-input":{"@type":"PropertyValueSpecification","valueRequired":true,"valueName":"search_term_string"}}],"inLanguage":"de"}]}},"_links":{"self":[{"href":"https:\/\/www.cornybakers.nl\/de\/wp-json\/wp\/v2\/pages\/5436","targetHints":{"allow":["GET"]}}],"collection":[{"href":"https:\/\/www.cornybakers.nl\/de\/wp-json\/wp\/v2\/pages"}],"about":[{"href":"https:\/\/www.cornybakers.nl\/de\/wp-json\/wp\/v2\/types\/page"}],"author":[{"embeddable":true,"href":"https:\/\/www.cornybakers.nl\/de\/wp-json\/wp\/v2\/users\/1"}],"replies":[{"embeddable":true,"href":"https:\/\/www.cornybakers.nl\/de\/wp-json\/wp\/v2\/comments?post=5436"}],"version-history":[{"count":2,"href":"https:\/\/www.cornybakers.nl\/de\/wp-json\/wp\/v2\/pages\/5436\/revisions"}],"predecessor-version":[{"id":5438,"href":"https:\/\/www.cornybakers.nl\/de\/wp-json\/wp\/v2\/pages\/5436\/revisions\/5438"}],"wp:attachment":[{"href":"https:\/\/www.cornybakers.nl\/de\/wp-json\/wp\/v2\/media?parent=5436"}],"curies":[{"name":"wp","href":"https:\/\/api.w.org\/{rel}","templated":true}]}}