{"id":13983,"date":"2025-10-16T12:44:52","date_gmt":"2025-10-16T10:44:52","guid":{"rendered":"https:\/\/www.cornybakers.nl\/?post_type=product&#038;p=13983"},"modified":"2025-10-16T12:47:38","modified_gmt":"2025-10-16T10:47:38","slug":"3-sec-taco-top-tray-day-of-dead-1st","status":"publish","type":"product","link":"https:\/\/www.cornybakers.nl\/de\/product\/3-sec-taco-top-tray-day-of-dead-1st\/","title":{"rendered":"3 SEC. TACO TOP TRAY &#8222;DAY OF DEAD&#8220; 1ST."},"content":{"rendered":"","protected":false},"excerpt":{"rendered":"<p>Artikelnummer: <strong>935DOD<\/strong><\/p>\n<p>Presenteer je taco\u2019s effici\u00ebnt en feestelijk met 3 Sec. Taco Top Tray &#8222;Day of Dead&#8220;, een handige tray ge\u00efnspireerd op de traditionele D\u00eda de los Muertos die snel en eenvoudig te gebruiken is. Deze 1 stuk verpakking is ideaal voor feesten, diners of thematische evenementen. 3 Sec. Taco Top Tray &#8222;Day of Dead&#8220; combineert functionaliteit met een kleurrijk en authentiek Mexicaans design.<\/p>\n","protected":false},"featured_media":13989,"template":"","meta":{"inline_featured_image":false},"product_brand":[],"product_cat":[38],"product_tag":[],"class_list":{"0":"post-13983","1":"product","2":"type-product","3":"status-publish","4":"has-post-thumbnail","6":"product_cat-non-food","8":"first","9":"instock","10":"shipping-taxable","11":"purchasable","12":"product-type-simple"},"yoast_head":"<!-- This site is optimized with the Yoast SEO plugin v24.8.1 - https:\/\/yoast.com\/wordpress\/plugins\/seo\/ -->\n<title>3 SEC. TACO TOP TRAY &quot;DAY OF DEAD&quot; 1ST. - Corny Bakers<\/title>\n<meta name=\"description\" content=\"Presenteer je taco\u2019s op een unieke en feestelijke manier met TChip n Dip &quot;Day of Dead&quot;, ge\u00efnspireerd op de traditionele D\u00eda de los Muertos.\" \/>\n<meta name=\"robots\" content=\"index, follow, max-snippet:-1, max-image-preview:large, max-video-preview:-1\" \/>\n<link rel=\"canonical\" href=\"https:\/\/www.cornybakers.nl\/product\/3-sec-taco-top-tray-day-of-dead-1st\/\" \/>\n<meta property=\"og:locale\" content=\"de_DE\" \/>\n<meta property=\"og:type\" content=\"article\" \/>\n<meta property=\"og:title\" content=\"3 SEC. TACO TOP TRAY &quot;DAY OF DEAD&quot; 1ST. - Corny Bakers\" \/>\n<meta property=\"og:description\" content=\"Presenteer je taco\u2019s op een unieke en feestelijke manier met TChip n Dip &quot;Day of Dead&quot;, ge\u00efnspireerd op de traditionele D\u00eda de los Muertos.\" \/>\n<meta property=\"og:url\" content=\"https:\/\/www.cornybakers.nl\/product\/3-sec-taco-top-tray-day-of-dead-1st\/\" \/>\n<meta property=\"og:site_name\" content=\"Corny Bakers\" \/>\n<meta property=\"article:modified_time\" content=\"2025-10-16T10:47:38+00:00\" \/>\n<meta property=\"og:image\" content=\"https:\/\/www.cornybakers.nl\/wp-content\/uploads\/Prepara-Chips-and-Sauce-Server-met-sticker_2.jpg\" \/>\n\t<meta property=\"og:image:width\" content=\"1500\" \/>\n\t<meta property=\"og:image:height\" content=\"1500\" \/>\n\t<meta property=\"og:image:type\" content=\"image\/jpeg\" \/>\n<meta name=\"twitter:card\" content=\"summary_large_image\" \/>\n<meta name=\"twitter:label1\" content=\"Gesch\u00e4tzte Lesezeit\" \/>\n\t<meta name=\"twitter:data1\" content=\"1\u00a0Minute\" \/>\n<script type=\"application\/ld+json\" class=\"yoast-schema-graph\">{\"@context\":\"https:\/\/schema.org\",\"@graph\":[{\"@type\":\"WebPage\",\"@id\":\"https:\/\/www.cornybakers.nl\/product\/3-sec-taco-top-tray-day-of-dead-1st\/\",\"url\":\"https:\/\/www.cornybakers.nl\/product\/3-sec-taco-top-tray-day-of-dead-1st\/\",\"name\":\"3 SEC. TACO TOP TRAY \\\"DAY OF DEAD\\\" 1ST. - Corny Bakers\",\"isPartOf\":{\"@id\":\"https:\/\/www.cornybakers.nl\/#website\"},\"primaryImageOfPage\":{\"@id\":\"https:\/\/www.cornybakers.nl\/product\/3-sec-taco-top-tray-day-of-dead-1st\/#primaryimage\"},\"image\":{\"@id\":\"https:\/\/www.cornybakers.nl\/product\/3-sec-taco-top-tray-day-of-dead-1st\/#primaryimage\"},\"thumbnailUrl\":\"https:\/\/www.cornybakers.nl\/wp-content\/uploads\/Prepara-Chips-and-Sauce-Server-met-sticker_2.jpg\",\"datePublished\":\"2025-10-16T10:44:52+00:00\",\"dateModified\":\"2025-10-16T10:47:38+00:00\",\"description\":\"Presenteer je taco\u2019s op een unieke en feestelijke manier met TChip n Dip \\\"Day of Dead\\\", ge\u00efnspireerd op de traditionele D\u00eda de los Muertos.\",\"breadcrumb\":{\"@id\":\"https:\/\/www.cornybakers.nl\/product\/3-sec-taco-top-tray-day-of-dead-1st\/#breadcrumb\"},\"inLanguage\":\"de\",\"potentialAction\":[{\"@type\":\"ReadAction\",\"target\":[\"https:\/\/www.cornybakers.nl\/product\/3-sec-taco-top-tray-day-of-dead-1st\/\"]}]},{\"@type\":\"ImageObject\",\"inLanguage\":\"de\",\"@id\":\"https:\/\/www.cornybakers.nl\/product\/3-sec-taco-top-tray-day-of-dead-1st\/#primaryimage\",\"url\":\"https:\/\/www.cornybakers.nl\/wp-content\/uploads\/Prepara-Chips-and-Sauce-Server-met-sticker_2.jpg\",\"contentUrl\":\"https:\/\/www.cornybakers.nl\/wp-content\/uploads\/Prepara-Chips-and-Sauce-Server-met-sticker_2.jpg\",\"width\":1500,\"height\":1500},{\"@type\":\"BreadcrumbList\",\"@id\":\"https:\/\/www.cornybakers.nl\/product\/3-sec-taco-top-tray-day-of-dead-1st\/#breadcrumb\",\"itemListElement\":[{\"@type\":\"ListItem\",\"position\":1,\"name\":\"Home\",\"item\":\"https:\/\/www.cornybakers.nl\/de\/\"},{\"@type\":\"ListItem\",\"position\":2,\"name\":\"Produktauswahl\",\"item\":\"https:\/\/www.cornybakers.nl\/de\/produktauswahl\/\"},{\"@type\":\"ListItem\",\"position\":3,\"name\":\"3 SEC. TACO TOP TRAY &#8220;DAY OF DEAD&#8221; 1ST.\"}]},{\"@type\":\"WebSite\",\"@id\":\"https:\/\/www.cornybakers.nl\/#website\",\"url\":\"https:\/\/www.cornybakers.nl\/\",\"name\":\"Corny Bakers\",\"description\":\"\",\"potentialAction\":[{\"@type\":\"SearchAction\",\"target\":{\"@type\":\"EntryPoint\",\"urlTemplate\":\"https:\/\/www.cornybakers.nl\/?s={search_term_string}\"},\"query-input\":{\"@type\":\"PropertyValueSpecification\",\"valueRequired\":true,\"valueName\":\"search_term_string\"}}],\"inLanguage\":\"de\"}]}<\/script>\n<!-- \/ Yoast SEO plugin. -->","yoast_head_json":{"title":"3 SEC. TACO TOP TRAY \"DAY OF DEAD\" 1ST. - Corny Bakers","description":"Presenteer je taco\u2019s op een unieke en feestelijke manier met TChip n Dip \"Day of Dead\", ge\u00efnspireerd op de traditionele D\u00eda de los Muertos.","robots":{"index":"index","follow":"follow","max-snippet":"max-snippet:-1","max-image-preview":"max-image-preview:large","max-video-preview":"max-video-preview:-1"},"canonical":"https:\/\/www.cornybakers.nl\/product\/3-sec-taco-top-tray-day-of-dead-1st\/","og_locale":"de_DE","og_type":"article","og_title":"3 SEC. TACO TOP TRAY \"DAY OF DEAD\" 1ST. - Corny Bakers","og_description":"Presenteer je taco\u2019s op een unieke en feestelijke manier met TChip n Dip \"Day of Dead\", ge\u00efnspireerd op de traditionele D\u00eda de los Muertos.","og_url":"https:\/\/www.cornybakers.nl\/product\/3-sec-taco-top-tray-day-of-dead-1st\/","og_site_name":"Corny Bakers","article_modified_time":"2025-10-16T10:47:38+00:00","og_image":[{"width":1500,"height":1500,"url":"https:\/\/www.cornybakers.nl\/wp-content\/uploads\/Prepara-Chips-and-Sauce-Server-met-sticker_2.jpg","type":"image\/jpeg"}],"twitter_card":"summary_large_image","twitter_misc":{"Gesch\u00e4tzte Lesezeit":"1\u00a0Minute"},"schema":{"@context":"https:\/\/schema.org","@graph":[{"@type":"WebPage","@id":"https:\/\/www.cornybakers.nl\/product\/3-sec-taco-top-tray-day-of-dead-1st\/","url":"https:\/\/www.cornybakers.nl\/product\/3-sec-taco-top-tray-day-of-dead-1st\/","name":"3 SEC. TACO TOP TRAY \"DAY OF DEAD\" 1ST. - Corny Bakers","isPartOf":{"@id":"https:\/\/www.cornybakers.nl\/#website"},"primaryImageOfPage":{"@id":"https:\/\/www.cornybakers.nl\/product\/3-sec-taco-top-tray-day-of-dead-1st\/#primaryimage"},"image":{"@id":"https:\/\/www.cornybakers.nl\/product\/3-sec-taco-top-tray-day-of-dead-1st\/#primaryimage"},"thumbnailUrl":"https:\/\/www.cornybakers.nl\/wp-content\/uploads\/Prepara-Chips-and-Sauce-Server-met-sticker_2.jpg","datePublished":"2025-10-16T10:44:52+00:00","dateModified":"2025-10-16T10:47:38+00:00","description":"Presenteer je taco\u2019s op een unieke en feestelijke manier met TChip n Dip \"Day of Dead\", ge\u00efnspireerd op de traditionele D\u00eda de los Muertos.","breadcrumb":{"@id":"https:\/\/www.cornybakers.nl\/product\/3-sec-taco-top-tray-day-of-dead-1st\/#breadcrumb"},"inLanguage":"de","potentialAction":[{"@type":"ReadAction","target":["https:\/\/www.cornybakers.nl\/product\/3-sec-taco-top-tray-day-of-dead-1st\/"]}]},{"@type":"ImageObject","inLanguage":"de","@id":"https:\/\/www.cornybakers.nl\/product\/3-sec-taco-top-tray-day-of-dead-1st\/#primaryimage","url":"https:\/\/www.cornybakers.nl\/wp-content\/uploads\/Prepara-Chips-and-Sauce-Server-met-sticker_2.jpg","contentUrl":"https:\/\/www.cornybakers.nl\/wp-content\/uploads\/Prepara-Chips-and-Sauce-Server-met-sticker_2.jpg","width":1500,"height":1500},{"@type":"BreadcrumbList","@id":"https:\/\/www.cornybakers.nl\/product\/3-sec-taco-top-tray-day-of-dead-1st\/#breadcrumb","itemListElement":[{"@type":"ListItem","position":1,"name":"Home","item":"https:\/\/www.cornybakers.nl\/de\/"},{"@type":"ListItem","position":2,"name":"Produktauswahl","item":"https:\/\/www.cornybakers.nl\/de\/produktauswahl\/"},{"@type":"ListItem","position":3,"name":"3 SEC. TACO TOP TRAY &#8220;DAY OF DEAD&#8221; 1ST."}]},{"@type":"WebSite","@id":"https:\/\/www.cornybakers.nl\/#website","url":"https:\/\/www.cornybakers.nl\/","name":"Corny Bakers","description":"","potentialAction":[{"@type":"SearchAction","target":{"@type":"EntryPoint","urlTemplate":"https:\/\/www.cornybakers.nl\/?s={search_term_string}"},"query-input":{"@type":"PropertyValueSpecification","valueRequired":true,"valueName":"search_term_string"}}],"inLanguage":"de"}]}},"_links":{"self":[{"href":"https:\/\/www.cornybakers.nl\/de\/wp-json\/wp\/v2\/product\/13983","targetHints":{"allow":["GET"]}}],"collection":[{"href":"https:\/\/www.cornybakers.nl\/de\/wp-json\/wp\/v2\/product"}],"about":[{"href":"https:\/\/www.cornybakers.nl\/de\/wp-json\/wp\/v2\/types\/product"}],"wp:featuredmedia":[{"embeddable":true,"href":"https:\/\/www.cornybakers.nl\/de\/wp-json\/wp\/v2\/media\/13989"}],"wp:attachment":[{"href":"https:\/\/www.cornybakers.nl\/de\/wp-json\/wp\/v2\/media?parent=13983"}],"wp:term":[{"taxonomy":"product_brand","embeddable":true,"href":"https:\/\/www.cornybakers.nl\/de\/wp-json\/wp\/v2\/product_brand?post=13983"},{"taxonomy":"product_cat","embeddable":true,"href":"https:\/\/www.cornybakers.nl\/de\/wp-json\/wp\/v2\/product_cat?post=13983"},{"taxonomy":"product_tag","embeddable":true,"href":"https:\/\/www.cornybakers.nl\/de\/wp-json\/wp\/v2\/product_tag?post=13983"}],"curies":[{"name":"wp","href":"https:\/\/api.w.org\/{rel}","templated":true}]}}