{"id":1719,"date":"2021-11-09T12:18:16","date_gmt":"2021-11-09T11:18:16","guid":{"rendered":"https:\/\/www.vanoo29.nl\/over-ons\/"},"modified":"2021-12-22T11:44:22","modified_gmt":"2021-12-22T10:44:22","slug":"sobre-nosotros","status":"publish","type":"page","link":"https:\/\/www.cornybakers.nl\/es\/sobre-nosotros\/","title":{"rendered":"Sobre nosotros"},"content":{"rendered":"<p>[vc_row rt_row_background_width=\u00bbfullwidth\u00bb rt_row_content_width=\u00bbdefault\u00bb rt_row_style=\u00bbdefault-style\u00bb rt_row_height=\u00bb\u00bb rt_column_gaps=\u00bb\u00bb rt_row_shadows=\u00bb\u00bb rt_row_borders=\u00bb\u00bb rt_bg_effect=\u00bbclassic\u00bb rt_transparent_bg=\u00bbtrue\u00bb rt_bg_image_repeat=\u00bbrepeat\u00bb rt_bg_size=\u00bbcover\u00bb rt_bg_position=\u00bbright top\u00bb rt_bg_attachment=\u00bbscroll\u00bb rt_bg_layer=\u00bb\u00bb rt_bg_video_format=\u00bbself-hosted\u00bb rt_class=\u00bbrt-3993393&#8243; rt_paddings=\u00bb75,75,,\u00bb rt_margins=\u00bb,,,\u00bb rt_content_margins=\u00bb,,,\u00bb rt_tablet_paddings=\u00bb,,,\u00bb rt_tablet_margins=\u00bb,,,\u00bb rt_tablet_content_margins=\u00bb,,,\u00bb rt_sp_paddings=\u00bb,,,\u00bb rt_sp_margins=\u00bb,,,\u00bb rt_sp_content_margins=\u00bb,,,\u00bb][vc_column width=\u00bb3\/5&#8243; rt_bg_effect=\u00bbclassic\u00bb rt_bg_image_repeat=\u00bbrepeat\u00bb rt_bg_size=\u00bbauto auto\u00bb rt_bg_position=\u00bbright top\u00bb rt_bg_attachment=\u00bbscroll\u00bb]<div class=\"rt-heading-wrapper rt-8829941\">\n\t\t\t\t\t\t<h3 class=\"rt-heading\" >Acerca del mayorista mexicano Corny Bakers<\/h3>\n\t\t\t\t\t<\/div>[vc_column_text]El mayorista mexicano Corny Bakers ha sido un reconocido proveedor de productos alimenticios mexicanos en Europa desde 1972. Corny Bakers ofrece una amplia gama de m\u00e1s de 300 productos mexicanos y texanos.<\/p>\n<p>Corny Bakers tiene todas las <a href=\"https:\/\/www.cornybakers.nl\/es\/calidad\/\">certificaciones<\/a> requeridas, por lo que puede estar seguro de que todos los productos que se le env\u00edan cumplen con las normas y regulaciones m\u00e1s estrictas. El mayorista mexicano Corny Bakers realiza entregas a mayoristas y restauradores en Europa, Turqu\u00eda y Oriente Medio.<\/p>\n<p>Los productos del mayorista mexicano Corny Bakers son importados principalmente desde M\u00e9xico y Estados Unidos. Pero algunos productos se producen en los Pa\u00edses Bajos, especial y exclusivamente para la propia marca de Corny Bakers. Por lo tanto, Corny Bakers, adem\u00e1s de una amplia selecci\u00f3n de reconocidas marcas mexicanas, tambi\u00e9n dispone de una gama de productos de marca propia, que incluyen tortillas de harina y ma\u00edz, salsas y guacamole.<\/p>\n<p>Adem\u00e1s de la amplia gama de productos alimenticios, Corny Bakers tambi\u00e9n es su proveedor de bebidas como cervezas mexicanas, tequila, as\u00ed como una variedad de licores y vinos.<\/p>\n<p>Por \u00faltimo, pero no menos importante, el mayorista mexicano Corny Bakers tambi\u00e9n vende una amplia gama de productos no alimenticios.[\/vc_column_text][\/vc_column][vc_column width=\u00bb2\/5&#8243; rt_bg_effect=\u00bbclassic\u00bb rt_bg_image_repeat=\u00bbrepeat\u00bb rt_bg_size=\u00bbauto auto\u00bb rt_bg_position=\u00bbright top\u00bb rt_bg_attachment=\u00bbscroll\u00bb]<div class=\"rt-heading-wrapper rt-6784227\">\n\t\t\t\t\t\t<h3 class=\"rt-heading\" >Ventajas<\/h3>\n\t\t\t\t\t<\/div>[vc_column_text]<\/p>\n<ul>\n<li>Una amplia gama de pdoructos.<\/li>\n<li>Casi todos los productos est\u00e1n en stock, lo que asegura una entrega rapid\u00e1<\/li>\n<li>Marcas premium<\/li>\n<li>Productos Frescos que facilitan la preparaci\u00f3n<\/li>\n<li>El mejor sabor asegurado, siempre<\/li>\n<li>Asesoramiento y entrega personalizados<\/li>\n<li>Flexible, orientado a soluciones y centrado en el cliente<\/li>\n<\/ul>\n<p>[\/vc_column_text][vc_single_image image=\u00bb177&#8243; img_size=\u00bbfull\u00bb][\/vc_column][\/vc_row]<\/p>\n","protected":false},"excerpt":{"rendered":"<p>[vc_row rt_row_background_width=\u00bbfullwidth\u00bb rt_row_content_width=\u00bbdefault\u00bb rt_row_style=\u00bbdefault-style\u00bb rt_row_height=\u00bb\u00bb rt_column_gaps=\u00bb\u00bb rt_row_shadows=\u00bb\u00bb rt_row_borders=\u00bb\u00bb rt_bg_effect=\u00bbclassic\u00bb rt_transparent_bg=\u00bbtrue\u00bb rt_bg_image_repeat=\u00bbrepeat\u00bb rt_bg_size=\u00bbcover\u00bb rt_bg_position=\u00bbright top\u00bb rt_bg_attachment=\u00bbscroll\u00bb rt_bg_layer=\u00bb\u00bb rt_bg_video_format=\u00bbself-hosted\u00bb rt_class=\u00bbrt-3993393&#8243; rt_paddings=\u00bb75,75,,\u00bb rt_margins=\u00bb,,,\u00bb rt_content_margins=\u00bb,,,\u00bb rt_tablet_paddings=\u00bb,,,\u00bb rt_tablet_margins=\u00bb,,,\u00bb rt_tablet_content_margins=\u00bb,,,\u00bb rt_sp_paddings=\u00bb,,,\u00bb rt_sp_margins=\u00bb,,,\u00bb rt_sp_content_margins=\u00bb,,,\u00bb][vc_column width=\u00bb3\/5&#8243; rt_bg_effect=\u00bbclassic\u00bb rt_bg_image_repeat=\u00bbrepeat\u00bb rt_bg_size=\u00bbauto auto\u00bb rt_bg_position=\u00bbright top\u00bb rt_bg_attachment=\u00bbscroll\u00bb][vc_column_text]El mayorista mexicano Corny Bakers ha sido un reconocido proveedor de productos alimenticios mexicanos en Europa desde 1972. Corny Bakers ofrece [&hellip;]<\/p>\n","protected":false},"author":1,"featured_media":0,"parent":0,"menu_order":0,"comment_status":"closed","ping_status":"closed","template":"","meta":{"inline_featured_image":false,"footnotes":""},"class_list":["post-1719","page","type-page","status-publish","hentry"],"yoast_head":"<!-- This site is optimized with the Yoast SEO plugin v24.8.1 - https:\/\/yoast.com\/wordpress\/plugins\/seo\/ -->\n<title>Sobre nosotros - Corny Bakers<\/title>\n<meta name=\"description\" content=\"El mayorista mexicano Corny Bakers ha sido un reconocido proveedor de productos alimenticios mexicanos en Europa desde 1972.\" \/>\n<meta name=\"robots\" content=\"index, follow, max-snippet:-1, max-image-preview:large, max-video-preview:-1\" \/>\n<link rel=\"canonical\" href=\"https:\/\/www.cornybakers.nl\/es\/sobre-nosotros\/\" \/>\n<meta property=\"og:locale\" content=\"es_ES\" \/>\n<meta property=\"og:type\" content=\"article\" \/>\n<meta property=\"og:title\" content=\"Sobre nosotros - Corny Bakers\" \/>\n<meta property=\"og:description\" content=\"El mayorista mexicano Corny Bakers ha sido un reconocido proveedor de productos alimenticios mexicanos en Europa desde 1972.\" \/>\n<meta property=\"og:url\" content=\"https:\/\/www.cornybakers.nl\/es\/sobre-nosotros\/\" \/>\n<meta property=\"og:site_name\" content=\"Corny Bakers\" \/>\n<meta property=\"article:modified_time\" content=\"2021-12-22T10:44:22+00:00\" \/>\n<meta name=\"twitter:card\" content=\"summary_large_image\" \/>\n<meta name=\"twitter:label1\" content=\"Tiempo de lectura\" \/>\n\t<meta name=\"twitter:data1\" content=\"2 minutos\" \/>\n<script type=\"application\/ld+json\" class=\"yoast-schema-graph\">{\"@context\":\"https:\/\/schema.org\",\"@graph\":[{\"@type\":\"WebPage\",\"@id\":\"https:\/\/www.cornybakers.nl\/es\/sobre-nosotros\/\",\"url\":\"https:\/\/www.cornybakers.nl\/es\/sobre-nosotros\/\",\"name\":\"Sobre nosotros - Corny Bakers\",\"isPartOf\":{\"@id\":\"https:\/\/www.cornybakers.nl\/#website\"},\"datePublished\":\"2021-11-09T11:18:16+00:00\",\"dateModified\":\"2021-12-22T10:44:22+00:00\",\"description\":\"El mayorista mexicano Corny Bakers ha sido un reconocido proveedor de productos alimenticios mexicanos en Europa desde 1972.\",\"breadcrumb\":{\"@id\":\"https:\/\/www.cornybakers.nl\/es\/sobre-nosotros\/#breadcrumb\"},\"inLanguage\":\"es\",\"potentialAction\":[{\"@type\":\"ReadAction\",\"target\":[\"https:\/\/www.cornybakers.nl\/es\/sobre-nosotros\/\"]}]},{\"@type\":\"BreadcrumbList\",\"@id\":\"https:\/\/www.cornybakers.nl\/es\/sobre-nosotros\/#breadcrumb\",\"itemListElement\":[{\"@type\":\"ListItem\",\"position\":1,\"name\":\"Home\",\"item\":\"https:\/\/www.cornybakers.nl\/es\/\"},{\"@type\":\"ListItem\",\"position\":2,\"name\":\"Sobre nosotros\"}]},{\"@type\":\"WebSite\",\"@id\":\"https:\/\/www.cornybakers.nl\/#website\",\"url\":\"https:\/\/www.cornybakers.nl\/\",\"name\":\"Corny Bakers\",\"description\":\"\",\"potentialAction\":[{\"@type\":\"SearchAction\",\"target\":{\"@type\":\"EntryPoint\",\"urlTemplate\":\"https:\/\/www.cornybakers.nl\/?s={search_term_string}\"},\"query-input\":{\"@type\":\"PropertyValueSpecification\",\"valueRequired\":true,\"valueName\":\"search_term_string\"}}],\"inLanguage\":\"es\"}]}<\/script>\n<!-- \/ Yoast SEO plugin. -->","yoast_head_json":{"title":"Sobre nosotros - Corny Bakers","description":"El mayorista mexicano Corny Bakers ha sido un reconocido proveedor de productos alimenticios mexicanos en Europa desde 1972.","robots":{"index":"index","follow":"follow","max-snippet":"max-snippet:-1","max-image-preview":"max-image-preview:large","max-video-preview":"max-video-preview:-1"},"canonical":"https:\/\/www.cornybakers.nl\/es\/sobre-nosotros\/","og_locale":"es_ES","og_type":"article","og_title":"Sobre nosotros - Corny Bakers","og_description":"El mayorista mexicano Corny Bakers ha sido un reconocido proveedor de productos alimenticios mexicanos en Europa desde 1972.","og_url":"https:\/\/www.cornybakers.nl\/es\/sobre-nosotros\/","og_site_name":"Corny Bakers","article_modified_time":"2021-12-22T10:44:22+00:00","twitter_card":"summary_large_image","twitter_misc":{"Tiempo de lectura":"2 minutos"},"schema":{"@context":"https:\/\/schema.org","@graph":[{"@type":"WebPage","@id":"https:\/\/www.cornybakers.nl\/es\/sobre-nosotros\/","url":"https:\/\/www.cornybakers.nl\/es\/sobre-nosotros\/","name":"Sobre nosotros - Corny Bakers","isPartOf":{"@id":"https:\/\/www.cornybakers.nl\/#website"},"datePublished":"2021-11-09T11:18:16+00:00","dateModified":"2021-12-22T10:44:22+00:00","description":"El mayorista mexicano Corny Bakers ha sido un reconocido proveedor de productos alimenticios mexicanos en Europa desde 1972.","breadcrumb":{"@id":"https:\/\/www.cornybakers.nl\/es\/sobre-nosotros\/#breadcrumb"},"inLanguage":"es","potentialAction":[{"@type":"ReadAction","target":["https:\/\/www.cornybakers.nl\/es\/sobre-nosotros\/"]}]},{"@type":"BreadcrumbList","@id":"https:\/\/www.cornybakers.nl\/es\/sobre-nosotros\/#breadcrumb","itemListElement":[{"@type":"ListItem","position":1,"name":"Home","item":"https:\/\/www.cornybakers.nl\/es\/"},{"@type":"ListItem","position":2,"name":"Sobre nosotros"}]},{"@type":"WebSite","@id":"https:\/\/www.cornybakers.nl\/#website","url":"https:\/\/www.cornybakers.nl\/","name":"Corny Bakers","description":"","potentialAction":[{"@type":"SearchAction","target":{"@type":"EntryPoint","urlTemplate":"https:\/\/www.cornybakers.nl\/?s={search_term_string}"},"query-input":{"@type":"PropertyValueSpecification","valueRequired":true,"valueName":"search_term_string"}}],"inLanguage":"es"}]}},"_links":{"self":[{"href":"https:\/\/www.cornybakers.nl\/es\/wp-json\/wp\/v2\/pages\/1719","targetHints":{"allow":["GET"]}}],"collection":[{"href":"https:\/\/www.cornybakers.nl\/es\/wp-json\/wp\/v2\/pages"}],"about":[{"href":"https:\/\/www.cornybakers.nl\/es\/wp-json\/wp\/v2\/types\/page"}],"author":[{"embeddable":true,"href":"https:\/\/www.cornybakers.nl\/es\/wp-json\/wp\/v2\/users\/1"}],"replies":[{"embeddable":true,"href":"https:\/\/www.cornybakers.nl\/es\/wp-json\/wp\/v2\/comments?post=1719"}],"version-history":[{"count":3,"href":"https:\/\/www.cornybakers.nl\/es\/wp-json\/wp\/v2\/pages\/1719\/revisions"}],"predecessor-version":[{"id":5189,"href":"https:\/\/www.cornybakers.nl\/es\/wp-json\/wp\/v2\/pages\/1719\/revisions\/5189"}],"wp:attachment":[{"href":"https:\/\/www.cornybakers.nl\/es\/wp-json\/wp\/v2\/media?parent=1719"}],"curies":[{"name":"wp","href":"https:\/\/api.w.org\/{rel}","templated":true}]}}