{"id":1757,"date":"2021-11-16T10:25:05","date_gmt":"2021-11-16T09:25:05","guid":{"rendered":"https:\/\/www.vanoo29.nl\/privacyverklaring\/"},"modified":"2021-11-23T15:21:42","modified_gmt":"2021-11-23T14:21:42","slug":"declaracion-de-privacidad","status":"publish","type":"page","link":"https:\/\/www.cornybakers.nl\/es\/declaracion-de-privacidad\/","title":{"rendered":"Declaraci\u00f3n de privacidad"},"content":{"rendered":"<p>[vc_row rt_row_background_width=\u00bbfullwidth\u00bb rt_row_content_width=\u00bbdefault\u00bb rt_row_style=\u00bbdefault-style\u00bb rt_row_height=\u00bb\u00bb rt_column_gaps=\u00bb\u00bb rt_row_shadows=\u00bb\u00bb rt_row_borders=\u00bb\u00bb rt_bg_effect=\u00bbclassic\u00bb rt_bg_image_repeat=\u00bbrepeat\u00bb rt_bg_size=\u00bbcover\u00bb rt_bg_position=\u00bbright top\u00bb rt_bg_attachment=\u00bbscroll\u00bb rt_bg_layer=\u00bb\u00bb rt_bg_video_format=\u00bbself-hosted\u00bb rt_class=\u00bbrt-9828281&#8243; rt_paddings=\u00bb50,50,,\u00bb rt_margins=\u00bb,,,\u00bb rt_content_margins=\u00bb,,,\u00bb rt_tablet_paddings=\u00bb,,,\u00bb rt_tablet_margins=\u00bb,,,\u00bb rt_tablet_content_margins=\u00bb,,,\u00bb rt_sp_paddings=\u00bb,,,\u00bb rt_sp_margins=\u00bb,,,\u00bb rt_sp_content_margins=\u00bb,,,\u00bb][vc_column rt_bg_effect=\u00bbclassic\u00bb rt_bg_image_repeat=\u00bbrepeat\u00bb rt_bg_size=\u00bbauto auto\u00bb rt_bg_position=\u00bbright top\u00bb rt_bg_attachment=\u00bbscroll\u00bb][vc_column_text]<\/p>\n<h2>Declaraci\u00f3n de privacidad Corny Bakers B.V.<\/h2>\n<p>Corny Bakers B.V. procesa los datos personales de sus clientes, posibles clientes y otros contactos. Hacemos esto para implementar un posible acuerdo comercial. Esta declaraci\u00f3n de privacidad describe c\u00f3mo procesamos sus datos personales.<\/p>\n<p>No contamos con un especialista dedicado a la protecci\u00f3n de datos, pero nos complacer\u00e1 responder cualquier pregunta que pueda tener con respecto a nuestra pol\u00edtica de privacidad, a trav\u00e9s de info@cornybakers.nl<\/p>\n<h2>Qu\u00e9 datos personales procesa Corny Bakers B.V.?<\/h2>\n<p>A continuaci\u00f3n, encontrar\u00e1 una descripci\u00f3n general de los datos personales que podemos procesar, seg\u00fan los productos o servicios que compre o utilice:<\/p>\n<ul>\n<li>Nombres y apellidos<\/li>\n<li>Direcci\u00f3n<\/li>\n<li>Lugar de residencia<\/li>\n<li>N\u00famero de tel\u00e9fono<\/li>\n<li>Direcci\u00f3n de correo electr\u00f3nico<\/li>\n<li>Nombre empresa<\/li>\n<li>Direcci\u00f3n de la empresa<\/li>\n<li>Datos de la ubicaci\u00f3n<\/li>\n<li>Historial de contactos<\/li>\n<\/ul>\n<p>Otros datos personales que proporcione activamente, por ejemplo, mediante un registro en nuestro sitio web, en cualquier correspondencia o por tel\u00e9fono.<\/p>\n<ul>\n<li>Obligaciones jur\u00eddicas<\/li>\n<\/ul>\n<p>La ley exige una peque\u00f1a parte de los datos que procesamos. Esto se refiere principalmente a los datos personales que necesitamos para cumplir con nuestras obligaciones fiscales.<\/p>\n<ul>\n<li>Boletines informativos y correos<\/li>\n<\/ul>\n<p>A prop\u00f3sito, le enviaremos boletines y\/o correos. A veces, estos son personalizados en funci\u00f3n de sus acciones anteriores o de los productos y\/o servicios que nos ha comprado. Siempre tiene la opci\u00f3n de ajustar sus preferencias para recibir boletines y correos.<\/p>\n<h2>Decisiones automatizadas<\/h2>\n<p>Corny Bakers B.V. no toma decisiones basadas en el procesamiento automatizado (algoritmos) que podr\u00edan tener consecuencias negativas para usted.<\/p>\n<h2>Derechos de las partes interesadas<\/h2>\n<p>Seg\u00fan el Reglamento general de protecci\u00f3n de datos (GDPR), todos tienen un cierto n\u00famero de derechos. Hacemos todo lo posible para cumplir con esto. Tiene alg\u00fan consejo o comentario? H\u00e1ganoslo saber! Para ejercer sus derechos, cont\u00e1ctenos a trav\u00e9s de info@cornybakers.nl<\/p>\n<ul>\n<li>Informaci\u00f3n y acceso: naturalmente, puede acceder a sus datos personales que tratamos. Estaremos encantados de contarle m\u00e1s sobre c\u00f3mo y por qu\u00e9 procesamos estos detalles.<\/li>\n<li>Rectificaci\u00f3n: tiene la impresi\u00f3n de que los datos personales que hemos almacenado son incorrectos? H\u00e1ganoslo saber para que podamos corregirlos, por favor.<\/li>\n<li>Derecho al olvido: puede solicitarnos que eliminemos los datos personales que tenemos sobre usted. Sin embargo, es posible que debamos conservar estos detalles para otros fines de procesamiento (por ejemplo, administraci\u00f3n o deduplicaci\u00f3n).<\/li>\n<li>Restricciones: tiene la impresi\u00f3n de que procesamos sus datos personales de manera ilegal o incorrecta? Entonces puede restringir el uso de sus datos personales.<\/li>\n<li>Objeci\u00f3n: puede oponerse al tratamiento de sus datos personales. Tiene que ver con marketing? Entonces dejaremos de procesar sus datos lo antes posible.<\/li>\n<li>Transferencia: esta es una nueva ley de RGPD para transferir sus datos personales. Si deseas ejercer este derecho, solo tienes que escribirnos.<\/li>\n<\/ul>\n<p>Tambi\u00e9n puede:<\/p>\n<ul>\n<li>Retirar su permiso: por ejemplo, para recibir mensajes de correo electr\u00f3nico. Si desea retirar otro tipo de procesamiento de datos, contacte con nosotros. Puede hacerlo a trav\u00e9s de info@cornybakers.nl<\/li>\n<li>Procedimiento de quejas en La Autoridad Holandesa de Protecci\u00f3n de Datos (AP): tiene la impresi\u00f3n de que no estamos cumpliendo con las leyes de privacidad? H\u00e1ganoslo saber. Despu\u00e9s del 25 de mayo de 2018, tambi\u00e9n puede presentar una queja ante la AP.<\/li>\n<\/ul>\n<h2>Durante cu\u00e1nto tiempo conservamos sus datos personales?<\/h2>\n<p>Es los datos personales no se pueden almacenar m\u00e1s de lo necesario. El per\u00edodo de retenci\u00f3n depende del prop\u00f3sito para el que adquirimos o recopilamos los detalles y de cualquier obligaci\u00f3n legal de almacenar dichos detalles.<\/p>\n<p>Si nos solicit\u00f3 un presupuesto pero no se convirti\u00f3 en nuestro cliente, eliminaremos sus datos a m\u00e1s tardar dos a\u00f1os tras nuestro \u00faltimo contacto. Lo mismo sucede si le solicitamos un presupuesto, pero no nos convertimos en su cliente; sus datos personales se eliminar\u00e1n, a m\u00e1s tardar, dos a\u00f1os despu\u00e9s de nuestro \u00faltimo contacto. Si se convirti\u00f3 en nuestro cliente o nosotros nos convertimos en su cliente, conservaremos sus datos personales durante siete a\u00f1os tras el cierre del a\u00f1o financiero en el que se cumpli\u00f3 el acuerdo comercial en su totalidad. El plazo de siete a\u00f1os est\u00e1 en consonancia con el plazo que nos obliga la autoridad fiscal a mantener nuestros archivos administrativos. Una vez finalizado este plazo, eliminaremos sus datos personales.<\/p>\n<h2>Principios de los fines del procesamiento<\/h2>\n<p>Como explicamos anteriormente, procesamos algunos detalles para cumplir con una obligaci\u00f3n legal, algunos para cumplir con un acuerdo comercial y la mayor\u00eda para implementar el inter\u00e9s justificado de Corny Bakers B.V.: cumplir con nuestro objetivo. Si quiere saber m\u00e1s sobre nuestra consideraci\u00f3n de inter\u00e9s justificado, p\u00f3ngase en contacto con nosotros.<\/p>\n<p>Transferencia a terceros<\/p>\n<p>A veces, es posible que necesitemos proporcionar sus datos personales a las partes que nos suministran productos y\/o servicios, o que operan de nuestra parte, para cumplir con un acuerdo comercial que hicimos con usted. Adem\u00e1s, utilizamos un espacio de servidor externo para el almacenamiento de (partes de) nuestra administraci\u00f3n de ventas y compras. Sus datos personales tambi\u00e9n pueden almacenarse aqu\u00ed. Para este prop\u00f3sito, sus datos personales ser\u00e1n proporcionados al anfitri\u00f3n de nuestro espacio de servidor.<\/p>\n<h2>C\u00f3mo protege Corny Bakers B.V. sus datos personales?<\/h2>\n<p>Nos tomamos muy en serio la protecci\u00f3n de sus datos personales y hemos tomado las medidas adecuadas para evitar el abuso, la p\u00e9rdida, el acceso ilegal, la publicaci\u00f3n no deseada y las modificaciones ilegales. Si tiene dudas sobre la correcta protecci\u00f3n de sus datos personales, o si hay indicios de abuso, cont\u00e1ctenos a trav\u00e9s de info@cornybakers.nl<\/p>\n<p>Hemos tomado las siguientes medidas para proteger sus datos personales:<\/p>\n<ul>\n<li>Los servidores y dispositivos de nuestros empleados est\u00e1n equipados con software de seguridad actualizado, como un antivirus y un firewall.<\/li>\n<li>Solo enviamos sus datos a trav\u00e9s de conexiones seguras a Internet (SSL). Puede ver esto en el campo de la URL indicado por \u00abhttps\u00bb y un candado verde.<\/li>\n<li>El acceso a los datos personales desde dispositivos m\u00f3viles ha sido limitado y se supervisa de forma activa.<\/li>\n<\/ul>\n<p>DKIM son est\u00e1ndares de Internet que utilizamos para evitar que reciba correos electr\u00f3nicos que contengan virus, correo no deseado, o correos destinados a obtener datos personales (de inicio de sesi\u00f3n), pretendiendo hacerlo de nuestra parte.<\/p>\n<h2>Pol\u00edtica de cookies<\/h2>\n<p>Corny Bakers B.V. utiliza cookies. Hacemos esto para estar al d\u00eda sobre el mantenimiento de la p\u00e1gina web y analizar su tr\u00e1fico mediante Google Analytics.<\/p>\n<p>Consulte nuestra pol\u00edtica de cookies.<\/p>\n<h2>Pol\u00edtica de cookies<\/h2>\n<p>Tipos de cookies utilizadas en el sitio web de Corny Bakers BV:<\/p>\n<ol>\n<li>Cookies funcionales<\/li>\n<\/ol>\n<p>Estas cookies son necesarias para el correcto funcionamiento del sitio web o para garantizar una experiencia de usuario sin dificultades. Esto incluye almacenar sus datos de inicio de sesi\u00f3n, para que no tenga que iniciar sesi\u00f3n nuevamente cada vez. Almacenar el contenido de su carrito de compra o cerrar el aviso de cookies tambi\u00e9n forma parte de las cookies funcionales.<\/p>\n<p>2. Cookies de an\u00e1lisis<\/p>\n<p>Estas cookies se utilizan para medir el comportamiento del visitante en la p\u00e1gina web con fines anal\u00edticos. Usamos esta informaci\u00f3n para mejorar el sitio web tanto como sea posible. No se almacenan datos personales o confidenciales de privacidad por usar esta funci\u00f3n.[\/vc_column_text][\/vc_column][\/vc_row]<\/p>\n","protected":false},"excerpt":{"rendered":"<p>[vc_row rt_row_background_width=\u00bbfullwidth\u00bb rt_row_content_width=\u00bbdefault\u00bb rt_row_style=\u00bbdefault-style\u00bb rt_row_height=\u00bb\u00bb rt_column_gaps=\u00bb\u00bb rt_row_shadows=\u00bb\u00bb rt_row_borders=\u00bb\u00bb rt_bg_effect=\u00bbclassic\u00bb rt_bg_image_repeat=\u00bbrepeat\u00bb rt_bg_size=\u00bbcover\u00bb rt_bg_position=\u00bbright top\u00bb rt_bg_attachment=\u00bbscroll\u00bb rt_bg_layer=\u00bb\u00bb rt_bg_video_format=\u00bbself-hosted\u00bb rt_class=\u00bbrt-9828281&#8243; rt_paddings=\u00bb50,50,,\u00bb rt_margins=\u00bb,,,\u00bb rt_content_margins=\u00bb,,,\u00bb rt_tablet_paddings=\u00bb,,,\u00bb rt_tablet_margins=\u00bb,,,\u00bb rt_tablet_content_margins=\u00bb,,,\u00bb rt_sp_paddings=\u00bb,,,\u00bb rt_sp_margins=\u00bb,,,\u00bb rt_sp_content_margins=\u00bb,,,\u00bb][vc_column rt_bg_effect=\u00bbclassic\u00bb rt_bg_image_repeat=\u00bbrepeat\u00bb rt_bg_size=\u00bbauto auto\u00bb rt_bg_position=\u00bbright top\u00bb rt_bg_attachment=\u00bbscroll\u00bb][vc_column_text] Declaraci\u00f3n de privacidad Corny Bakers B.V. Corny Bakers B.V. procesa los datos personales de sus clientes, posibles clientes y otros contactos. Hacemos [&hellip;]<\/p>\n","protected":false},"author":1,"featured_media":0,"parent":0,"menu_order":0,"comment_status":"closed","ping_status":"closed","template":"","meta":{"inline_featured_image":false,"footnotes":""},"class_list":["post-1757","page","type-page","status-publish","hentry"],"yoast_head":"<!-- This site is optimized with the Yoast SEO plugin v24.8.1 - https:\/\/yoast.com\/wordpress\/plugins\/seo\/ -->\n<title>Declaraci\u00f3n de privacidad - Corny Bakers<\/title>\n<meta name=\"robots\" content=\"index, follow, max-snippet:-1, max-image-preview:large, max-video-preview:-1\" \/>\n<link rel=\"canonical\" href=\"https:\/\/www.cornybakers.nl\/es\/declaracion-de-privacidad\/\" \/>\n<meta property=\"og:locale\" content=\"es_ES\" \/>\n<meta property=\"og:type\" content=\"article\" \/>\n<meta property=\"og:title\" content=\"Declaraci\u00f3n de privacidad - Corny Bakers\" \/>\n<meta property=\"og:description\" content=\"[vc_row rt_row_background_width=\u00bbfullwidth\u00bb rt_row_content_width=\u00bbdefault\u00bb rt_row_style=\u00bbdefault-style\u00bb rt_row_height=\u00bb\u00bb rt_column_gaps=\u00bb\u00bb rt_row_shadows=\u00bb\u00bb rt_row_borders=\u00bb\u00bb rt_bg_effect=\u00bbclassic\u00bb rt_bg_image_repeat=\u00bbrepeat\u00bb rt_bg_size=\u00bbcover\u00bb rt_bg_position=\u00bbright top\u00bb rt_bg_attachment=\u00bbscroll\u00bb rt_bg_layer=\u00bb\u00bb rt_bg_video_format=\u00bbself-hosted\u00bb rt_class=\u00bbrt-9828281&#8243; rt_paddings=\u00bb50,50,,\u00bb rt_margins=\u00bb,,,\u00bb rt_content_margins=\u00bb,,,\u00bb rt_tablet_paddings=\u00bb,,,\u00bb rt_tablet_margins=\u00bb,,,\u00bb rt_tablet_content_margins=\u00bb,,,\u00bb rt_sp_paddings=\u00bb,,,\u00bb rt_sp_margins=\u00bb,,,\u00bb rt_sp_content_margins=\u00bb,,,\u00bb][vc_column rt_bg_effect=\u00bbclassic\u00bb rt_bg_image_repeat=\u00bbrepeat\u00bb rt_bg_size=\u00bbauto auto\u00bb rt_bg_position=\u00bbright top\u00bb rt_bg_attachment=\u00bbscroll\u00bb][vc_column_text] Declaraci\u00f3n de privacidad Corny Bakers B.V. Corny Bakers B.V. procesa los datos personales de sus clientes, posibles clientes y otros contactos. Hacemos [&hellip;]\" \/>\n<meta property=\"og:url\" content=\"https:\/\/www.cornybakers.nl\/es\/declaracion-de-privacidad\/\" \/>\n<meta property=\"og:site_name\" content=\"Corny Bakers\" \/>\n<meta property=\"article:modified_time\" content=\"2021-11-23T14:21:42+00:00\" \/>\n<meta name=\"twitter:card\" content=\"summary_large_image\" \/>\n<meta name=\"twitter:label1\" content=\"Tiempo de lectura\" \/>\n\t<meta name=\"twitter:data1\" content=\"7 minutos\" \/>\n<script type=\"application\/ld+json\" class=\"yoast-schema-graph\">{\"@context\":\"https:\/\/schema.org\",\"@graph\":[{\"@type\":\"WebPage\",\"@id\":\"https:\/\/www.cornybakers.nl\/es\/declaracion-de-privacidad\/\",\"url\":\"https:\/\/www.cornybakers.nl\/es\/declaracion-de-privacidad\/\",\"name\":\"Declaraci\u00f3n de privacidad - Corny Bakers\",\"isPartOf\":{\"@id\":\"https:\/\/www.cornybakers.nl\/#website\"},\"datePublished\":\"2021-11-16T09:25:05+00:00\",\"dateModified\":\"2021-11-23T14:21:42+00:00\",\"breadcrumb\":{\"@id\":\"https:\/\/www.cornybakers.nl\/es\/declaracion-de-privacidad\/#breadcrumb\"},\"inLanguage\":\"es\",\"potentialAction\":[{\"@type\":\"ReadAction\",\"target\":[\"https:\/\/www.cornybakers.nl\/es\/declaracion-de-privacidad\/\"]}]},{\"@type\":\"BreadcrumbList\",\"@id\":\"https:\/\/www.cornybakers.nl\/es\/declaracion-de-privacidad\/#breadcrumb\",\"itemListElement\":[{\"@type\":\"ListItem\",\"position\":1,\"name\":\"Home\",\"item\":\"https:\/\/www.cornybakers.nl\/es\/\"},{\"@type\":\"ListItem\",\"position\":2,\"name\":\"Declaraci\u00f3n de privacidad\"}]},{\"@type\":\"WebSite\",\"@id\":\"https:\/\/www.cornybakers.nl\/#website\",\"url\":\"https:\/\/www.cornybakers.nl\/\",\"name\":\"Corny Bakers\",\"description\":\"\",\"potentialAction\":[{\"@type\":\"SearchAction\",\"target\":{\"@type\":\"EntryPoint\",\"urlTemplate\":\"https:\/\/www.cornybakers.nl\/?s={search_term_string}\"},\"query-input\":{\"@type\":\"PropertyValueSpecification\",\"valueRequired\":true,\"valueName\":\"search_term_string\"}}],\"inLanguage\":\"es\"}]}<\/script>\n<!-- \/ Yoast SEO plugin. -->","yoast_head_json":{"title":"Declaraci\u00f3n de privacidad - Corny Bakers","robots":{"index":"index","follow":"follow","max-snippet":"max-snippet:-1","max-image-preview":"max-image-preview:large","max-video-preview":"max-video-preview:-1"},"canonical":"https:\/\/www.cornybakers.nl\/es\/declaracion-de-privacidad\/","og_locale":"es_ES","og_type":"article","og_title":"Declaraci\u00f3n de privacidad - Corny Bakers","og_description":"[vc_row rt_row_background_width=\u00bbfullwidth\u00bb rt_row_content_width=\u00bbdefault\u00bb rt_row_style=\u00bbdefault-style\u00bb rt_row_height=\u00bb\u00bb rt_column_gaps=\u00bb\u00bb rt_row_shadows=\u00bb\u00bb rt_row_borders=\u00bb\u00bb rt_bg_effect=\u00bbclassic\u00bb rt_bg_image_repeat=\u00bbrepeat\u00bb rt_bg_size=\u00bbcover\u00bb rt_bg_position=\u00bbright top\u00bb rt_bg_attachment=\u00bbscroll\u00bb rt_bg_layer=\u00bb\u00bb rt_bg_video_format=\u00bbself-hosted\u00bb rt_class=\u00bbrt-9828281&#8243; rt_paddings=\u00bb50,50,,\u00bb rt_margins=\u00bb,,,\u00bb rt_content_margins=\u00bb,,,\u00bb rt_tablet_paddings=\u00bb,,,\u00bb rt_tablet_margins=\u00bb,,,\u00bb rt_tablet_content_margins=\u00bb,,,\u00bb rt_sp_paddings=\u00bb,,,\u00bb rt_sp_margins=\u00bb,,,\u00bb rt_sp_content_margins=\u00bb,,,\u00bb][vc_column rt_bg_effect=\u00bbclassic\u00bb rt_bg_image_repeat=\u00bbrepeat\u00bb rt_bg_size=\u00bbauto auto\u00bb rt_bg_position=\u00bbright top\u00bb rt_bg_attachment=\u00bbscroll\u00bb][vc_column_text] Declaraci\u00f3n de privacidad Corny Bakers B.V. Corny Bakers B.V. procesa los datos personales de sus clientes, posibles clientes y otros contactos. Hacemos [&hellip;]","og_url":"https:\/\/www.cornybakers.nl\/es\/declaracion-de-privacidad\/","og_site_name":"Corny Bakers","article_modified_time":"2021-11-23T14:21:42+00:00","twitter_card":"summary_large_image","twitter_misc":{"Tiempo de lectura":"7 minutos"},"schema":{"@context":"https:\/\/schema.org","@graph":[{"@type":"WebPage","@id":"https:\/\/www.cornybakers.nl\/es\/declaracion-de-privacidad\/","url":"https:\/\/www.cornybakers.nl\/es\/declaracion-de-privacidad\/","name":"Declaraci\u00f3n de privacidad - Corny Bakers","isPartOf":{"@id":"https:\/\/www.cornybakers.nl\/#website"},"datePublished":"2021-11-16T09:25:05+00:00","dateModified":"2021-11-23T14:21:42+00:00","breadcrumb":{"@id":"https:\/\/www.cornybakers.nl\/es\/declaracion-de-privacidad\/#breadcrumb"},"inLanguage":"es","potentialAction":[{"@type":"ReadAction","target":["https:\/\/www.cornybakers.nl\/es\/declaracion-de-privacidad\/"]}]},{"@type":"BreadcrumbList","@id":"https:\/\/www.cornybakers.nl\/es\/declaracion-de-privacidad\/#breadcrumb","itemListElement":[{"@type":"ListItem","position":1,"name":"Home","item":"https:\/\/www.cornybakers.nl\/es\/"},{"@type":"ListItem","position":2,"name":"Declaraci\u00f3n de privacidad"}]},{"@type":"WebSite","@id":"https:\/\/www.cornybakers.nl\/#website","url":"https:\/\/www.cornybakers.nl\/","name":"Corny Bakers","description":"","potentialAction":[{"@type":"SearchAction","target":{"@type":"EntryPoint","urlTemplate":"https:\/\/www.cornybakers.nl\/?s={search_term_string}"},"query-input":{"@type":"PropertyValueSpecification","valueRequired":true,"valueName":"search_term_string"}}],"inLanguage":"es"}]}},"_links":{"self":[{"href":"https:\/\/www.cornybakers.nl\/es\/wp-json\/wp\/v2\/pages\/1757","targetHints":{"allow":["GET"]}}],"collection":[{"href":"https:\/\/www.cornybakers.nl\/es\/wp-json\/wp\/v2\/pages"}],"about":[{"href":"https:\/\/www.cornybakers.nl\/es\/wp-json\/wp\/v2\/types\/page"}],"author":[{"embeddable":true,"href":"https:\/\/www.cornybakers.nl\/es\/wp-json\/wp\/v2\/users\/1"}],"replies":[{"embeddable":true,"href":"https:\/\/www.cornybakers.nl\/es\/wp-json\/wp\/v2\/comments?post=1757"}],"version-history":[{"count":2,"href":"https:\/\/www.cornybakers.nl\/es\/wp-json\/wp\/v2\/pages\/1757\/revisions"}],"predecessor-version":[{"id":1762,"href":"https:\/\/www.cornybakers.nl\/es\/wp-json\/wp\/v2\/pages\/1757\/revisions\/1762"}],"wp:attachment":[{"href":"https:\/\/www.cornybakers.nl\/es\/wp-json\/wp\/v2\/media?parent=1757"}],"curies":[{"name":"wp","href":"https:\/\/api.w.org\/{rel}","templated":true}]}}