{"id":2687,"date":"2021-11-09T12:18:41","date_gmt":"2021-11-09T11:18:41","guid":{"rendered":"https:\/\/www.vanoo29.nl\/historie\/"},"modified":"2022-11-21T11:02:26","modified_gmt":"2022-11-21T10:02:26","slug":"historia","status":"publish","type":"page","link":"https:\/\/www.cornybakers.nl\/es\/historia\/","title":{"rendered":"Historia"},"content":{"rendered":"<p>[vc_row rt_row_background_width=\u00bbfullwidth\u00bb rt_row_content_width=\u00bbdefault\u00bb rt_row_style=\u00bbdefault-style\u00bb rt_row_height=\u00bb\u00bb rt_column_placement=\u00bbmiddle\u00bb rt_column_gaps=\u00bb\u00bb rt_row_shadows=\u00bb\u00bb rt_row_borders=\u00bb\u00bb rt_bg_effect=\u00bbclassic\u00bb rt_transparent_bg=\u00bbtrue\u00bb rt_bg_image_repeat=\u00bbrepeat\u00bb rt_bg_size=\u00bbcover\u00bb rt_bg_position=\u00bbright top\u00bb rt_bg_attachment=\u00bbscroll\u00bb rt_bg_layer=\u00bb\u00bb rt_bg_video_format=\u00bbself-hosted\u00bb rt_class=\u00bbrt-3126839&#8243; rt_paddings=\u00bb75,25,,\u00bb rt_margins=\u00bb,,,\u00bb rt_content_margins=\u00bb,,,\u00bb rt_tablet_paddings=\u00bb,,,\u00bb rt_tablet_margins=\u00bb,,,\u00bb rt_tablet_content_margins=\u00bb,,,\u00bb rt_sp_paddings=\u00bb,,,\u00bb rt_sp_margins=\u00bb,,,\u00bb rt_sp_content_margins=\u00bb,,,\u00bb][vc_column width=\u00bb2\/3&#8243; rt_bg_effect=\u00bbclassic\u00bb rt_bg_image_repeat=\u00bbrepeat\u00bb rt_bg_size=\u00bbauto auto\u00bb rt_bg_position=\u00bbright top\u00bb rt_bg_attachment=\u00bbscroll\u00bb]<div class=\"rt-heading-wrapper rt-6212440\">\n\t\t\t\t\t\t<h3 class=\"rt-heading\" >Historia de Corny Bakers<\/h3>\n\t\t\t\t\t<\/div>[vc_column_text]En 1972, un panadero de Amsterdam comenz\u00f3 a elaborar productos de ma\u00edz para los soldados estadounidenses en Alemania. Tras un per\u00edodo tormentoso, la empresa fue absorbida y se cre\u00f3 el nombre Corny Bakers.<\/p>\n<p>Poco despu\u00e9s, Corny Bakers inici\u00f3 una colaboraci\u00f3n con Old El Paso, para compartir el conocimiento de los productos mexicanos y latinoamericanos. A partir de esta colaboraci\u00f3n, se abri\u00f3 en Weesp la primera ubicaci\u00f3n europea de Old El Paso.[\/vc_column_text][\/vc_column][vc_column width=\u00bb1\/3&#8243; rt_bg_effect=\u00bbclassic\u00bb rt_bg_image_repeat=\u00bbrepeat\u00bb rt_bg_size=\u00bbauto auto\u00bb rt_bg_position=\u00bbright top\u00bb rt_bg_attachment=\u00bbscroll\u00bb][vc_single_image image=\u00bb182&#8243; img_size=\u00bbfull\u00bb][\/vc_column][\/vc_row][vc_row rt_row_background_width=\u00bbfullwidth\u00bb rt_row_content_width=\u00bbdefault\u00bb rt_row_style=\u00bbdefault-style\u00bb rt_row_height=\u00bb\u00bb rt_column_gaps=\u00bb\u00bb rt_row_shadows=\u00bb\u00bb rt_row_borders=\u00bb\u00bb rt_bg_effect=\u00bbclassic\u00bb rt_transparent_bg=\u00bbtrue\u00bb rt_bg_image_repeat=\u00bbrepeat\u00bb rt_bg_size=\u00bbcover\u00bb rt_bg_position=\u00bbright top\u00bb rt_bg_attachment=\u00bbscroll\u00bb rt_bg_layer=\u00bb\u00bb rt_bg_video_format=\u00bbself-hosted\u00bb rt_class=\u00bbrt-6067058&#8243; rt_paddings=\u00bb25,25,,\u00bb rt_margins=\u00bb,,,\u00bb rt_content_margins=\u00bb,,,\u00bb rt_tablet_paddings=\u00bb,,,\u00bb rt_tablet_margins=\u00bb,,,\u00bb rt_tablet_content_margins=\u00bb,,,\u00bb rt_sp_paddings=\u00bb,,,\u00bb rt_sp_margins=\u00bb,,,\u00bb rt_sp_content_margins=\u00bb,,,\u00bb][vc_column rt_bg_effect=\u00bbclassic\u00bb rt_bg_image_repeat=\u00bbrepeat\u00bb rt_bg_size=\u00bbauto auto\u00bb rt_bg_position=\u00bbright top\u00bb rt_bg_attachment=\u00bbscroll\u00bb][vc_column_text]En septiembre de 1995, el Sr. Ren\u00e9 Kamerbeek se hizo cargo de Corny Bakers. La empresa pronto experiment\u00f3 un crecimiento en el que se cre\u00f3 una gama completa de m\u00e1s de 400 productos a partir de los 40 productos originales. En el a\u00f1o 2000, Corny Bakers y Old El Paso se separaron. Poco despu\u00e9s de este per\u00edodo, Corny Bakers se hizo cargo de Sunshine Foods en Amersfoort. Como resultado de esta adquisici\u00f3n, no solo se abasteci\u00f3 al restaurador sino tambi\u00e9n a los mayoristas, esta fue una ampliaci\u00f3n muy bienvenida.<\/p>\n<p>En 2005, se comenz\u00f3 a producir varios productos bajo la propia marca, incluidos nachos, tacos, otros productos de ma\u00edz y productos preparados. En 2012, se vendi\u00f3 la pr\u00f3spera empresa de producci\u00f3n y se centr\u00f3 por completo en el negocio principal, importaci\u00f3n\/exportaci\u00f3n y compras\/ventas.[\/vc_column_text][\/vc_column][\/vc_row][vc_row rt_row_background_width=\u00bbfullwidth\u00bb rt_row_content_width=\u00bbdefault\u00bb rt_row_style=\u00bbdefault-style\u00bb rt_row_height=\u00bb\u00bb rt_column_placement=\u00bbmiddle\u00bb rt_column_gaps=\u00bb\u00bb rt_row_shadows=\u00bb\u00bb rt_row_borders=\u00bb\u00bb rt_bg_effect=\u00bbclassic\u00bb rt_transparent_bg=\u00bbtrue\u00bb rt_bg_image_repeat=\u00bbrepeat\u00bb rt_bg_size=\u00bbcover\u00bb rt_bg_position=\u00bbright top\u00bb rt_bg_attachment=\u00bbscroll\u00bb rt_bg_layer=\u00bb\u00bb rt_bg_video_format=\u00bbself-hosted\u00bb rt_class=\u00bbrt-5030024&#8243; rt_paddings=\u00bb25,25,,\u00bb rt_margins=\u00bb,,,\u00bb rt_content_margins=\u00bb,,,\u00bb rt_tablet_paddings=\u00bb,,,\u00bb rt_tablet_margins=\u00bb,,,\u00bb rt_tablet_content_margins=\u00bb,,,\u00bb rt_sp_paddings=\u00bb,,,\u00bb rt_sp_margins=\u00bb,,,\u00bb rt_sp_content_margins=\u00bb,,,\u00bb][vc_column width=\u00bb2\/3&#8243; rt_bg_effect=\u00bbclassic\u00bb rt_bg_image_repeat=\u00bbrepeat\u00bb rt_bg_size=\u00bbauto auto\u00bb rt_bg_position=\u00bbright top\u00bb rt_bg_attachment=\u00bbscroll\u00bb][vc_column_text]2016 fue el momento para que se llevara a cabo una fusi\u00f3n entre Corny Bakers (propietario el Sr. Ren\u00e9 Kamerbeek) y LK Logistics, Warehousing and Trading (propietario el Sr. Lars Kamerbeek) quien cre\u00f3 una nueva entidad llamada Corny Bakers First Mexican- &amp; Latin American Foods BV bajo la direcci\u00f3n de los dos directivos. Corny Bakers First Mexican- &amp; Latin American Foods BV aprovech\u00f3 por completo las instalaciones comerciales actuales de LK Logistics en Bloemendalerweg 45, en Weesp. Durante estos cambios, los pa\u00edses fuera de Europa para exportar y las ubicaciones dentro de Europa se han ampliado excepcionalmente.[\/vc_column_text][\/vc_column][vc_column width=\u00bb1\/3&#8243; rt_bg_effect=\u00bbclassic\u00bb rt_bg_image_repeat=\u00bbrepeat\u00bb rt_bg_size=\u00bbauto auto\u00bb rt_bg_position=\u00bbright top\u00bb rt_bg_attachment=\u00bbscroll\u00bb][vc_single_image image=\u00bb184&#8243; img_size=\u00bbfull\u00bb][\/vc_column][\/vc_row][vc_row rt_row_background_width=\u00bbfullwidth\u00bb rt_row_content_width=\u00bbdefault\u00bb rt_row_style=\u00bbdefault-style\u00bb rt_row_height=\u00bb\u00bb rt_column_gaps=\u00bb\u00bb rt_row_shadows=\u00bb\u00bb rt_row_borders=\u00bb\u00bb rt_bg_effect=\u00bbclassic\u00bb rt_transparent_bg=\u00bbtrue\u00bb rt_bg_image_repeat=\u00bbrepeat\u00bb rt_bg_size=\u00bbcover\u00bb rt_bg_position=\u00bbright top\u00bb rt_bg_attachment=\u00bbscroll\u00bb rt_bg_layer=\u00bb\u00bb rt_bg_video_format=\u00bbself-hosted\u00bb rt_class=\u00bbrt-8919774&#8243; rt_paddings=\u00bb25,25,,\u00bb rt_margins=\u00bb,,,\u00bb rt_content_margins=\u00bb,,,\u00bb rt_tablet_paddings=\u00bb,,,\u00bb rt_tablet_margins=\u00bb,,,\u00bb rt_tablet_content_margins=\u00bb,,,\u00bb rt_sp_paddings=\u00bb,,,\u00bb rt_sp_margins=\u00bb,,,\u00bb rt_sp_content_margins=\u00bb,,,\u00bb][vc_column rt_bg_effect=\u00bbclassic\u00bb rt_bg_image_repeat=\u00bbrepeat\u00bb rt_bg_size=\u00bbauto auto\u00bb rt_bg_position=\u00bbright top\u00bb rt_bg_attachment=\u00bbscroll\u00bb][vc_column_text]En noviembre de 2022, el Sr. Lars Kamerbeek adquiri\u00f3 las acciones restantes de Corny Bakers First Mexican- &amp; Latin American Foods BV, tras haber trabajado aqu\u00ed desde los 16 a\u00f1os, se le confiaron todos los entresijos de la empresa. Con una plantilla actual de m\u00e1s de 15 empleados en la que somos una empresa certificada ISO 22000, el desarrollo y los planes de futuro de Corny Bakers First Mexican &amp; Latin American Foods BV crecen d\u00eda a d\u00eda.[\/vc_column_text][\/vc_column][\/vc_row][vc_row rt_row_background_width=\u00bbfullwidth\u00bb rt_row_content_width=\u00bbdefault\u00bb rt_row_style=\u00bbdefault-style\u00bb rt_row_height=\u00bb\u00bb rt_column_placement=\u00bbmiddle\u00bb rt_column_gaps=\u00bb\u00bb rt_row_shadows=\u00bb\u00bb rt_row_borders=\u00bb\u00bb rt_bg_effect=\u00bbclassic\u00bb rt_transparent_bg=\u00bbtrue\u00bb rt_bg_image_repeat=\u00bbrepeat\u00bb rt_bg_size=\u00bbcover\u00bb rt_bg_position=\u00bbright top\u00bb rt_bg_attachment=\u00bbscroll\u00bb rt_bg_layer=\u00bb\u00bb rt_bg_video_format=\u00bbself-hosted\u00bb rt_class=\u00bbrt-4237494&#8243; rt_paddings=\u00bb25,75,,\u00bb rt_margins=\u00bb,,,\u00bb rt_content_margins=\u00bb,,,\u00bb rt_tablet_paddings=\u00bb,,,\u00bb rt_tablet_margins=\u00bb,,,\u00bb rt_tablet_content_margins=\u00bb,,,\u00bb rt_sp_paddings=\u00bb,,,\u00bb rt_sp_margins=\u00bb,,,\u00bb rt_sp_content_margins=\u00bb,,,\u00bb][vc_column width=\u00bb5\/6&#8243; rt_bg_effect=\u00bbclassic\u00bb rt_bg_image_repeat=\u00bbrepeat\u00bb rt_bg_size=\u00bbauto auto\u00bb rt_bg_position=\u00bbright top\u00bb rt_bg_attachment=\u00bbscroll\u00bb]<div class=\"rt-heading-wrapper rt-5188895\">\n\t\t\t\t\t\t<h3 class=\"rt-heading\" >\u00bfYa te dejas inspirar por nuestra gama?<\/h3>\n\t\t\t\t\t<\/div>[vc_column_text]Corny Bakers, para todos tus productos mexicanos y latinoamericanos.[\/vc_column_text][\/vc_column][vc_column width=\u00bb1\/6&#8243; rt_bg_effect=\u00bbclassic\u00bb rt_bg_image_repeat=\u00bbrepeat\u00bb rt_bg_size=\u00bbauto auto\u00bb rt_bg_position=\u00bbright top\u00bb rt_bg_attachment=\u00bbscroll\u00bb][vc_single_image image=\u00bb185&#8243; img_size=\u00bbfull\u00bb][\/vc_column][\/vc_row]<\/p>\n","protected":false},"excerpt":{"rendered":"<p>[vc_row rt_row_background_width=\u00bbfullwidth\u00bb rt_row_content_width=\u00bbdefault\u00bb rt_row_style=\u00bbdefault-style\u00bb rt_row_height=\u00bb\u00bb rt_column_placement=\u00bbmiddle\u00bb rt_column_gaps=\u00bb\u00bb rt_row_shadows=\u00bb\u00bb rt_row_borders=\u00bb\u00bb rt_bg_effect=\u00bbclassic\u00bb rt_transparent_bg=\u00bbtrue\u00bb rt_bg_image_repeat=\u00bbrepeat\u00bb rt_bg_size=\u00bbcover\u00bb rt_bg_position=\u00bbright top\u00bb rt_bg_attachment=\u00bbscroll\u00bb rt_bg_layer=\u00bb\u00bb rt_bg_video_format=\u00bbself-hosted\u00bb rt_class=\u00bbrt-3126839&#8243; rt_paddings=\u00bb75,25,,\u00bb rt_margins=\u00bb,,,\u00bb rt_content_margins=\u00bb,,,\u00bb rt_tablet_paddings=\u00bb,,,\u00bb rt_tablet_margins=\u00bb,,,\u00bb rt_tablet_content_margins=\u00bb,,,\u00bb rt_sp_paddings=\u00bb,,,\u00bb rt_sp_margins=\u00bb,,,\u00bb rt_sp_content_margins=\u00bb,,,\u00bb][vc_column width=\u00bb2\/3&#8243; rt_bg_effect=\u00bbclassic\u00bb rt_bg_image_repeat=\u00bbrepeat\u00bb rt_bg_size=\u00bbauto auto\u00bb rt_bg_position=\u00bbright top\u00bb rt_bg_attachment=\u00bbscroll\u00bb][vc_column_text]En 1972, un panadero de Amsterdam comenz\u00f3 a elaborar productos de ma\u00edz para los soldados estadounidenses en Alemania. Tras un [&hellip;]<\/p>\n","protected":false},"author":1,"featured_media":0,"parent":0,"menu_order":0,"comment_status":"closed","ping_status":"closed","template":"","meta":{"inline_featured_image":false,"footnotes":""},"class_list":["post-2687","page","type-page","status-publish","hentry"],"yoast_head":"<!-- This site is optimized with the Yoast SEO plugin v24.8.1 - https:\/\/yoast.com\/wordpress\/plugins\/seo\/ -->\n<title>Historia - Corny Bakers<\/title>\n<meta name=\"description\" content=\"La historia de Corny Bakers comenz\u00f3 en 1972, de la mano de un panadero en \u00c1msterdam. Decidi\u00f3 producir alimentos de ma\u00edz para soldados.\" \/>\n<meta name=\"robots\" content=\"index, follow, max-snippet:-1, max-image-preview:large, max-video-preview:-1\" \/>\n<link rel=\"canonical\" href=\"https:\/\/www.cornybakers.nl\/es\/historia\/\" \/>\n<meta property=\"og:locale\" content=\"es_ES\" \/>\n<meta property=\"og:type\" content=\"article\" \/>\n<meta property=\"og:title\" content=\"Historia - Corny Bakers\" \/>\n<meta property=\"og:description\" content=\"La historia de Corny Bakers comenz\u00f3 en 1972, de la mano de un panadero en \u00c1msterdam. Decidi\u00f3 producir alimentos de ma\u00edz para soldados.\" \/>\n<meta property=\"og:url\" content=\"https:\/\/www.cornybakers.nl\/es\/historia\/\" \/>\n<meta property=\"og:site_name\" content=\"Corny Bakers\" \/>\n<meta property=\"article:modified_time\" content=\"2022-11-21T10:02:26+00:00\" \/>\n<meta name=\"twitter:card\" content=\"summary_large_image\" \/>\n<meta name=\"twitter:label1\" content=\"Tiempo de lectura\" \/>\n\t<meta name=\"twitter:data1\" content=\"3 minutos\" \/>\n<script type=\"application\/ld+json\" class=\"yoast-schema-graph\">{\"@context\":\"https:\/\/schema.org\",\"@graph\":[{\"@type\":\"WebPage\",\"@id\":\"https:\/\/www.cornybakers.nl\/es\/historia\/\",\"url\":\"https:\/\/www.cornybakers.nl\/es\/historia\/\",\"name\":\"Historia - Corny Bakers\",\"isPartOf\":{\"@id\":\"https:\/\/www.cornybakers.nl\/#website\"},\"datePublished\":\"2021-11-09T11:18:41+00:00\",\"dateModified\":\"2022-11-21T10:02:26+00:00\",\"description\":\"La historia de Corny Bakers comenz\u00f3 en 1972, de la mano de un panadero en \u00c1msterdam. Decidi\u00f3 producir alimentos de ma\u00edz para soldados.\",\"breadcrumb\":{\"@id\":\"https:\/\/www.cornybakers.nl\/es\/historia\/#breadcrumb\"},\"inLanguage\":\"es\",\"potentialAction\":[{\"@type\":\"ReadAction\",\"target\":[\"https:\/\/www.cornybakers.nl\/es\/historia\/\"]}]},{\"@type\":\"BreadcrumbList\",\"@id\":\"https:\/\/www.cornybakers.nl\/es\/historia\/#breadcrumb\",\"itemListElement\":[{\"@type\":\"ListItem\",\"position\":1,\"name\":\"Home\",\"item\":\"https:\/\/www.cornybakers.nl\/es\/\"},{\"@type\":\"ListItem\",\"position\":2,\"name\":\"Historia\"}]},{\"@type\":\"WebSite\",\"@id\":\"https:\/\/www.cornybakers.nl\/#website\",\"url\":\"https:\/\/www.cornybakers.nl\/\",\"name\":\"Corny Bakers\",\"description\":\"\",\"potentialAction\":[{\"@type\":\"SearchAction\",\"target\":{\"@type\":\"EntryPoint\",\"urlTemplate\":\"https:\/\/www.cornybakers.nl\/?s={search_term_string}\"},\"query-input\":{\"@type\":\"PropertyValueSpecification\",\"valueRequired\":true,\"valueName\":\"search_term_string\"}}],\"inLanguage\":\"es\"}]}<\/script>\n<!-- \/ Yoast SEO plugin. -->","yoast_head_json":{"title":"Historia - Corny Bakers","description":"La historia de Corny Bakers comenz\u00f3 en 1972, de la mano de un panadero en \u00c1msterdam. Decidi\u00f3 producir alimentos de ma\u00edz para soldados.","robots":{"index":"index","follow":"follow","max-snippet":"max-snippet:-1","max-image-preview":"max-image-preview:large","max-video-preview":"max-video-preview:-1"},"canonical":"https:\/\/www.cornybakers.nl\/es\/historia\/","og_locale":"es_ES","og_type":"article","og_title":"Historia - Corny Bakers","og_description":"La historia de Corny Bakers comenz\u00f3 en 1972, de la mano de un panadero en \u00c1msterdam. Decidi\u00f3 producir alimentos de ma\u00edz para soldados.","og_url":"https:\/\/www.cornybakers.nl\/es\/historia\/","og_site_name":"Corny Bakers","article_modified_time":"2022-11-21T10:02:26+00:00","twitter_card":"summary_large_image","twitter_misc":{"Tiempo de lectura":"3 minutos"},"schema":{"@context":"https:\/\/schema.org","@graph":[{"@type":"WebPage","@id":"https:\/\/www.cornybakers.nl\/es\/historia\/","url":"https:\/\/www.cornybakers.nl\/es\/historia\/","name":"Historia - Corny Bakers","isPartOf":{"@id":"https:\/\/www.cornybakers.nl\/#website"},"datePublished":"2021-11-09T11:18:41+00:00","dateModified":"2022-11-21T10:02:26+00:00","description":"La historia de Corny Bakers comenz\u00f3 en 1972, de la mano de un panadero en \u00c1msterdam. Decidi\u00f3 producir alimentos de ma\u00edz para soldados.","breadcrumb":{"@id":"https:\/\/www.cornybakers.nl\/es\/historia\/#breadcrumb"},"inLanguage":"es","potentialAction":[{"@type":"ReadAction","target":["https:\/\/www.cornybakers.nl\/es\/historia\/"]}]},{"@type":"BreadcrumbList","@id":"https:\/\/www.cornybakers.nl\/es\/historia\/#breadcrumb","itemListElement":[{"@type":"ListItem","position":1,"name":"Home","item":"https:\/\/www.cornybakers.nl\/es\/"},{"@type":"ListItem","position":2,"name":"Historia"}]},{"@type":"WebSite","@id":"https:\/\/www.cornybakers.nl\/#website","url":"https:\/\/www.cornybakers.nl\/","name":"Corny Bakers","description":"","potentialAction":[{"@type":"SearchAction","target":{"@type":"EntryPoint","urlTemplate":"https:\/\/www.cornybakers.nl\/?s={search_term_string}"},"query-input":{"@type":"PropertyValueSpecification","valueRequired":true,"valueName":"search_term_string"}}],"inLanguage":"es"}]}},"_links":{"self":[{"href":"https:\/\/www.cornybakers.nl\/es\/wp-json\/wp\/v2\/pages\/2687","targetHints":{"allow":["GET"]}}],"collection":[{"href":"https:\/\/www.cornybakers.nl\/es\/wp-json\/wp\/v2\/pages"}],"about":[{"href":"https:\/\/www.cornybakers.nl\/es\/wp-json\/wp\/v2\/types\/page"}],"author":[{"embeddable":true,"href":"https:\/\/www.cornybakers.nl\/es\/wp-json\/wp\/v2\/users\/1"}],"replies":[{"embeddable":true,"href":"https:\/\/www.cornybakers.nl\/es\/wp-json\/wp\/v2\/comments?post=2687"}],"version-history":[{"count":5,"href":"https:\/\/www.cornybakers.nl\/es\/wp-json\/wp\/v2\/pages\/2687\/revisions"}],"predecessor-version":[{"id":6661,"href":"https:\/\/www.cornybakers.nl\/es\/wp-json\/wp\/v2\/pages\/2687\/revisions\/6661"}],"wp:attachment":[{"href":"https:\/\/www.cornybakers.nl\/es\/wp-json\/wp\/v2\/media?parent=2687"}],"curies":[{"name":"wp","href":"https:\/\/api.w.org\/{rel}","templated":true}]}}