{"id":5460,"date":"2022-01-14T12:07:38","date_gmt":"2022-01-14T11:07:38","guid":{"rendered":"https:\/\/www.vanoo29.nl\/jalapeno-cheese-sauce\/"},"modified":"2022-01-24T14:36:05","modified_gmt":"2022-01-24T13:36:05","slug":"salsa-de-queso-jalapeno","status":"publish","type":"page","link":"https:\/\/www.cornybakers.nl\/es\/salsa-de-queso-jalapeno\/","title":{"rendered":"Salsa de queso jalape\u00f1o"},"content":{"rendered":"<p>[vc_row rt_row_background_width=\u00bbfullwidth\u00bb rt_row_content_width=\u00bbdefault\u00bb rt_row_style=\u00bbdefault-style\u00bb rt_row_height=\u00bb\u00bb rt_column_gaps=\u00bb\u00bb rt_row_shadows=\u00bb\u00bb rt_row_borders=\u00bb\u00bb rt_bg_effect=\u00bbclassic\u00bb rt_bg_image_repeat=\u00bbrepeat\u00bb rt_bg_size=\u00bbcover\u00bb rt_bg_position=\u00bbright top\u00bb rt_bg_attachment=\u00bbscroll\u00bb rt_bg_layer=\u00bb\u00bb rt_bg_video_format=\u00bbself-hosted\u00bb rt_class=\u00bbrt-7397708&#8243; rt_paddings=\u00bb50,50,,\u00bb rt_margins=\u00bb,,,\u00bb rt_content_margins=\u00bb,,,\u00bb rt_tablet_paddings=\u00bb,,,\u00bb rt_tablet_margins=\u00bb,,,\u00bb rt_tablet_content_margins=\u00bb,,,\u00bb rt_sp_paddings=\u00bb,,,\u00bb rt_sp_margins=\u00bb,,,\u00bb rt_sp_content_margins=\u00bb,,,\u00bb][vc_column width=\u00bb2\/3&#8243; rt_bg_effect=\u00bbclassic\u00bb rt_bg_image_repeat=\u00bbrepeat\u00bb rt_bg_size=\u00bbauto auto\u00bb rt_bg_position=\u00bbright top\u00bb rt_bg_attachment=\u00bbscroll\u00bb]<div class=\"rt-heading-wrapper rt-4220082\">\n\t\t\t\t\t\t<h2 class=\"rt-heading\" >Salsa de queso jalape\u00f1o<\/h2>\n\t\t\t\t\t<\/div>[vc_column_text]Los mayoristas y empresas del sector HORECA pueden encontrar deliciosos productos de la cocina mexicana y latinoamericana en Corny Bakers. Ofrecemos una amplia gama de salsas de primera calidad. Por ejemplo, piense en la salsa de queso jalape\u00f1o, la salsa BBQ y la salsa mexicana. \u00a1Definitivamente recomendamos la deliciosa salsa de queso jalape\u00f1o! Esta salsa le da a su plato un toque mexicano picante que le transportar\u00e1 instantaneamente al soleado M\u00e9xico. Esta salsa cremosa es deliciosa en combinaci\u00f3n con nachos o tacos.<\/p>\n<h2>Nuestra amplia gama<\/h2>\n<p>En Corny Bakers puede encontrar productos alimenticios para preparar deliciosos platos mexicanos y latinoamericanos. \u00bfPensando en preparar unos deliciosos nachos picantes? Si es as\u00ed, podemos suministrarle diferentes tipos de chips de tortilla, crema agria, condimentos y por supuesto la deliciosa salsa de queso jalape\u00f1o para verter sobre los nachos. \u00bfLe apetece un buen trago con el plato mexicano? Corny Bakers es tambi\u00e9n el lugar ideal para satisfacerle. Ofrecemos una amplia gama de bebidas t\u00edpicas mexicanas incluyendo cerveza, vino, refrescos y licor. Los refrescos BOING en los sabores mango, fresa y guayaba son extremadamente populares. Adem\u00e1s de productos alimenticios, tambi\u00e9n podemos ofrecerle productos no alimenticios, como planchas para preparar platos, tortilleras y platos para servir las delicias mexicanas de manera festiva a sus invitados. En resumen, Corny Bakers dispone de todo lo que necesita para su velada mexicana.<\/p>\n<h2>Pedido: salsa de queso jalape\u00f1o y otros productos<\/h2>\n<p>Pedir los productos deseados en Corny Bakers es my sencillo. Haga su pedido y reciba sus productos en muy poco tiempo. Use los filtros para encontrar los productos que desea en nuestro sitio web claro y bien organizado. \u00bfQuiz\u00e1s est\u00e1 buscando salsa de queso? Filtre por &#8216;Comida&#8217; y luego por &#8216;Surtido de salsas&#8217; para encontrar f\u00e1cilmente la salsa de queso jalape\u00f1o y todas las dem\u00e1s deliciosas salsas.[\/vc_column_text]<div class=\"rt-heading-wrapper rt-5382060\">\n\t\t\t\t\t\t<h2 class=\"rt-heading\" >Vea nuestra gama aqu\u00ed!<\/h2>\n\t\t\t\t\t<\/div><div class=\"woocommerce columns-3\"><\/div><div class=\"button_wrapper  alignleft\"><a href=\"https:\/\/www.cornybakers.nl\/es\/winkel\/\" target=\"_self\" title=\"Ver todas las categorias\" class=\"button_ landingpage-knop secondary-font style-1 big rt-8520277\"><span><span>Ver todas las categorias<\/span><\/span><\/a><\/div>[\/vc_column][vc_column width=\u00bb1\/3&#8243; rt_bg_effect=\u00bbclassic\u00bb rt_bg_image_repeat=\u00bbrepeat\u00bb rt_bg_size=\u00bbauto auto\u00bb rt_bg_position=\u00bbright top\u00bb rt_bg_attachment=\u00bbscroll\u00bb rt_class=\u00bbrt-8809495&#8243; rt_margins=\u00bb,\u00bb rt_paddings=\u00bb,,,\u00bb rt_wrapper_paddings=\u00bb,,,\u00bb rt_tablet_margins=\u00bb,\u00bb rt_tablet_paddings=\u00bb,,,\u00bb rt_tablet_wrapper_paddings=\u00bb,,,\u00bb rt_sp_margins=\u00bb50,0&#8243; rt_sp_paddings=\u00bb,,,\u00bb rt_sp_wrapper_paddings=\u00bb,,,\u00bb rt_bg_color=\u00bb\u00bb rt_bg_overlay_color=\u00bb\u00bb][vc_single_image image=\u00bb5229&#8243; img_size=\u00bbfull\u00bb style=\u00bbvc_box_rounded\u00bb el_class=\u00bbfoto-landingpage\u00bb]<div class=\"rt-heading-wrapper rt-5831786\">\n\t\t\t\t\t\t<h2 class=\"rt-heading\" >Formulario de contacto<\/h2>\n\t\t\t\t\t<\/div>\n<div class=\"wpcf7 no-js\" id=\"wpcf7-f1749-o1\" lang=\"nl-NL\" dir=\"ltr\" data-wpcf7-id=\"1749\">\n<div class=\"screen-reader-response\"><p role=\"status\" aria-live=\"polite\" aria-atomic=\"true\"><\/p> <ul><\/ul><\/div>\n<form action=\"\/es\/wp-json\/wp\/v2\/pages\/5460#wpcf7-f1749-o1\" method=\"post\" class=\"wpcf7-form init\" aria-label=\"Contactformulier\" novalidate=\"novalidate\" data-status=\"init\">\n<fieldset class=\"hidden-fields-container\"><input type=\"hidden\" name=\"_wpcf7\" value=\"1749\" \/><input type=\"hidden\" name=\"_wpcf7_version\" value=\"6.1.4\" \/><input type=\"hidden\" name=\"_wpcf7_locale\" value=\"nl_NL\" \/><input type=\"hidden\" name=\"_wpcf7_unit_tag\" value=\"wpcf7-f1749-o1\" \/><input type=\"hidden\" name=\"_wpcf7_container_post\" value=\"0\" \/><input type=\"hidden\" name=\"_wpcf7_posted_data_hash\" value=\"\" \/><input type=\"hidden\" name=\"_wpcf7cf_hidden_group_fields\" value=\"[]\" \/><input type=\"hidden\" name=\"_wpcf7cf_hidden_groups\" value=\"[]\" \/><input type=\"hidden\" name=\"_wpcf7cf_visible_groups\" value=\"[]\" \/><input type=\"hidden\" name=\"_wpcf7cf_repeaters\" value=\"[]\" \/><input type=\"hidden\" name=\"_wpcf7cf_steps\" value=\"{}\" \/><input type=\"hidden\" name=\"_wpcf7cf_options\" value=\"{&quot;form_id&quot;:1749,&quot;conditions&quot;:[{&quot;then_field&quot;:&quot;anders&quot;,&quot;and_rules&quot;:[{&quot;if_field&quot;:&quot;terecht&quot;,&quot;operator&quot;:&quot;equals&quot;,&quot;if_value&quot;:&quot;A trav\\u00e9s de otra cosa, a saber:&quot;}]}],&quot;settings&quot;:{&quot;animation&quot;:&quot;yes&quot;,&quot;animation_intime&quot;:200,&quot;animation_outtime&quot;:200,&quot;conditions_ui&quot;:&quot;normal&quot;,&quot;notice_dismissed&quot;:false,&quot;notice_dismissed_rollback-cf7-5.8.3&quot;:true,&quot;notice_dismissed_rollback-cf7-5.9.4&quot;:true}}\" \/>\n<\/fieldset>\n<div class=\"wpcf7-turnstile cf-turnstile\" data-sitekey=\"0x4AAAAAACFbo73hTV00eySb\" data-response-field-name=\"_wpcf7_turnstile_response\"><\/div>\n\n<table class=\"formulier\">\n\t<tbody>\n\t\t<tr>\n\t\t\t<td colspan=\"2\">\n\t\t\t\t<p><span class=\"wpcf7-form-control-wrap\" data-name=\"your-name\"><input size=\"40\" maxlength=\"400\" class=\"wpcf7-form-control wpcf7-text wpcf7-validates-as-required\" aria-required=\"true\" aria-invalid=\"false\" placeholder=\"Tu nombre *\" value=\"\" type=\"text\" name=\"your-name\" \/><\/span>\n\t\t\t\t<\/p>\n\t\t\t<\/td>\n\t\t<\/tr>\n\t\t<tr>\n\t\t\t<td colspan=\"2\">\n\t\t\t\t<p><span class=\"wpcf7-form-control-wrap\" data-name=\"your-adress\"><input size=\"40\" maxlength=\"400\" class=\"wpcf7-form-control wpcf7-text\" aria-invalid=\"false\" placeholder=\"Su direcci\u00f3n\" value=\"\" type=\"text\" name=\"your-adress\" \/><\/span>\n\t\t\t\t<\/p>\n\t\t\t<\/td>\n\t\t<\/tr>\n\t\t<tr>\n\t\t\t<td style=\"padding-right: 5px;\">\n\t\t\t\t<p><span class=\"wpcf7-form-control-wrap\" data-name=\"your-postal\"><input size=\"40\" maxlength=\"400\" class=\"wpcf7-form-control wpcf7-text\" aria-invalid=\"false\" placeholder=\"Tu c\u00f3digo postal\" value=\"\" type=\"text\" name=\"your-postal\" \/><\/span>\n\t\t\t\t<\/p>\n\t\t\t<\/td>\n\t\t\t<td style=\"padding-left: 5px;\">\n\t\t\t\t<p><span class=\"wpcf7-form-control-wrap\" data-name=\"your-city\"><input size=\"40\" maxlength=\"400\" class=\"wpcf7-form-control wpcf7-text\" aria-invalid=\"false\" placeholder=\"Tu lugar de residencia\" value=\"\" type=\"text\" name=\"your-city\" \/><\/span>\n\t\t\t\t<\/p>\n\t\t\t<\/td>\n\t\t<\/tr>\n\t\t<tr>\n\t\t\t<td style=\"padding-right: 5px;\">\n\t\t\t\t<p><span class=\"wpcf7-form-control-wrap\" data-name=\"your-phone\"><input size=\"40\" maxlength=\"400\" class=\"wpcf7-form-control wpcf7-tel wpcf7-validates-as-required wpcf7-text wpcf7-validates-as-tel\" aria-required=\"true\" aria-invalid=\"false\" placeholder=\"Su n\u00famero de tel\u00e9fono *\" value=\"\" type=\"tel\" name=\"your-phone\" \/><\/span>\n\t\t\t\t<\/p>\n\t\t\t<\/td>\n\t\t\t<td style=\"padding-left: 5px;\">\n\t\t\t\t<p><span class=\"wpcf7-form-control-wrap\" data-name=\"your-email\"><input size=\"40\" maxlength=\"400\" class=\"wpcf7-form-control wpcf7-email wpcf7-validates-as-required wpcf7-text wpcf7-validates-as-email\" aria-required=\"true\" aria-invalid=\"false\" placeholder=\"Tu correo electr\u00f3nico *\" value=\"\" type=\"email\" name=\"your-email\" \/><\/span>\n\t\t\t\t<\/p>\n\t\t\t<\/td>\n\t\t<\/tr>\n\t\t<tr>\n\t\t\t<td colspan=\"2\">\n\t\t\t\t<p>C\u00f3mo llegaste a nosotros?\n\t\t\t\t<\/p>\n\t\t\t\t<p><span class=\"wpcf7-form-control-wrap\" data-name=\"terecht\"><select class=\"wpcf7-form-control wpcf7-select wpcf7-validates-as-required\" aria-required=\"true\" aria-invalid=\"false\" name=\"terecht\"><option value=\"\">&#8212;Kies een optie&#8212;<\/option><option value=\"A tr\u00e1ves de Google\">A tr\u00e1ves de Google<\/option><option value=\"A trav\u00e9s de publicidad boca a boca\">A trav\u00e9s de publicidad boca a boca<\/option><option value=\"A trav\u00e9s de las redes sociales\">A trav\u00e9s de las redes sociales<\/option><option value=\"A trav\u00e9s de otra cosa, a saber:\">A trav\u00e9s de otra cosa, a saber:<\/option><\/select><\/span>\n\t\t\t\t<\/p>\n\t\t\t\t<div data-id=\"anders\" data-orig_data_id=\"anders\"  class=\"\" data-class=\"wpcf7cf_group\">\n\t\t\t\t\t<p><span class=\"wpcf7-form-control-wrap\" data-name=\"your-anders\"><input size=\"40\" maxlength=\"400\" class=\"wpcf7-form-control wpcf7-text wpcf7-validates-as-required\" aria-required=\"true\" aria-invalid=\"false\" placeholder=\"De lo contrario, a saber: *\" value=\"\" type=\"text\" name=\"your-anders\" \/><\/span>\n\t\t\t\t\t<\/p>\n\t\t\t\t<\/div>\n\t\t\t<\/td>\n\t\t<\/tr>\n\t\t<tr>\n\t\t<\/tr>\n\t\t<tr>\n\t\t\t<td colspan=\"2\">\n\t\t\t\t<p><span class=\"wpcf7-form-control-wrap\" data-name=\"your-message\"><textarea cols=\"40\" rows=\"5\" maxlength=\"2000\" class=\"wpcf7-form-control wpcf7-textarea\" aria-invalid=\"false\" placeholder=\"Tu mensaje\" name=\"your-message\"><\/textarea><\/span>\n\t\t\t\t<\/p>\n\t\t\t<\/td>\n\t\t<\/tr>\n\t\t<tr>\n\t\t\t<td colspan=\"2\">\n\t\t\t\t<p><span class=\"wpcf7-form-control-wrap\" data-name=\"akkoordprivacy\"><span class=\"wpcf7-form-control wpcf7-checkbox wpcf7-validates-as-required\"><span class=\"wpcf7-list-item first last\"><input type=\"checkbox\" name=\"akkoordprivacy[]\" value=\"Estoy de acuerdo con las condiciones de privacidad\" \/><span class=\"wpcf7-list-item-label\">Estoy de acuerdo con las condiciones de privacidad<\/span><\/span><\/span><\/span> Lea nuestro <a href=\"https:\/\/www.cornybakers.nl\/es\/declaracion-de-privacidad\/\" target=\"_blank\" rel=\"noopener\">condiciones de privacidad(*)<\/a>\n\t\t\t\t<\/p>\n\t\t\t<\/td>\n\t\t<\/tr>\n\t\t<tr>\n\t\t\t<td colspan=\"2\">\n\t\t\t\t<p><input class=\"wpcf7-form-control wpcf7-submit has-spinner\" type=\"submit\" value=\"Enviar\" \/>\n\t\t\t\t<\/p>\n\t\t\t<\/td>\n\t\t<\/tr>\n\t<\/tbody>\n<\/table><div class=\"wpcf7-response-output\" aria-hidden=\"true\"><\/div>\n<\/form>\n<\/div>\n[\/vc_column][\/vc_row]<\/p>\n","protected":false},"excerpt":{"rendered":"<p>[vc_row rt_row_background_width=\u00bbfullwidth\u00bb rt_row_content_width=\u00bbdefault\u00bb rt_row_style=\u00bbdefault-style\u00bb rt_row_height=\u00bb\u00bb rt_column_gaps=\u00bb\u00bb rt_row_shadows=\u00bb\u00bb rt_row_borders=\u00bb\u00bb rt_bg_effect=\u00bbclassic\u00bb rt_bg_image_repeat=\u00bbrepeat\u00bb rt_bg_size=\u00bbcover\u00bb rt_bg_position=\u00bbright top\u00bb rt_bg_attachment=\u00bbscroll\u00bb rt_bg_layer=\u00bb\u00bb rt_bg_video_format=\u00bbself-hosted\u00bb rt_class=\u00bbrt-7397708&#8243; rt_paddings=\u00bb50,50,,\u00bb rt_margins=\u00bb,,,\u00bb rt_content_margins=\u00bb,,,\u00bb rt_tablet_paddings=\u00bb,,,\u00bb rt_tablet_margins=\u00bb,,,\u00bb rt_tablet_content_margins=\u00bb,,,\u00bb rt_sp_paddings=\u00bb,,,\u00bb rt_sp_margins=\u00bb,,,\u00bb rt_sp_content_margins=\u00bb,,,\u00bb][vc_column width=\u00bb2\/3&#8243; rt_bg_effect=\u00bbclassic\u00bb rt_bg_image_repeat=\u00bbrepeat\u00bb rt_bg_size=\u00bbauto auto\u00bb rt_bg_position=\u00bbright top\u00bb rt_bg_attachment=\u00bbscroll\u00bb][vc_column_text]Los mayoristas y empresas del sector HORECA pueden encontrar deliciosos productos de la cocina mexicana y latinoamericana en Corny Bakers. Ofrecemos una [&hellip;]<\/p>\n","protected":false},"author":1,"featured_media":0,"parent":0,"menu_order":0,"comment_status":"closed","ping_status":"closed","template":"","meta":{"inline_featured_image":false,"footnotes":""},"class_list":["post-5460","page","type-page","status-publish","hentry"],"yoast_head":"<!-- This site is optimized with the Yoast SEO plugin v24.8.1 - https:\/\/yoast.com\/wordpress\/plugins\/seo\/ -->\n<title>Salsa de queso jalape\u00f1o - Corny Bakers<\/title>\n<meta name=\"description\" content=\"\u00a1Definitivamente recomendamos la deliciosa salsa de queso jalape\u00f1o! Esta salsa cremosa es deliciosa en combinaci\u00f3n con nachos o tacos.\" \/>\n<meta name=\"robots\" content=\"index, follow, max-snippet:-1, max-image-preview:large, max-video-preview:-1\" \/>\n<link rel=\"canonical\" href=\"https:\/\/www.cornybakers.nl\/es\/salsa-de-queso-jalapeno\/\" \/>\n<meta property=\"og:locale\" content=\"es_ES\" \/>\n<meta property=\"og:type\" content=\"article\" \/>\n<meta property=\"og:title\" content=\"Salsa de queso jalape\u00f1o - Corny Bakers\" \/>\n<meta property=\"og:description\" content=\"\u00a1Definitivamente recomendamos la deliciosa salsa de queso jalape\u00f1o! Esta salsa cremosa es deliciosa en combinaci\u00f3n con nachos o tacos.\" \/>\n<meta property=\"og:url\" content=\"https:\/\/www.cornybakers.nl\/es\/salsa-de-queso-jalapeno\/\" \/>\n<meta property=\"og:site_name\" content=\"Corny Bakers\" \/>\n<meta property=\"article:modified_time\" content=\"2022-01-24T13:36:05+00:00\" \/>\n<meta name=\"twitter:card\" content=\"summary_large_image\" \/>\n<meta name=\"twitter:label1\" content=\"Tiempo de lectura\" \/>\n\t<meta name=\"twitter:data1\" content=\"2 minutos\" \/>\n<script type=\"application\/ld+json\" class=\"yoast-schema-graph\">{\"@context\":\"https:\/\/schema.org\",\"@graph\":[{\"@type\":\"WebPage\",\"@id\":\"https:\/\/www.cornybakers.nl\/es\/salsa-de-queso-jalapeno\/\",\"url\":\"https:\/\/www.cornybakers.nl\/es\/salsa-de-queso-jalapeno\/\",\"name\":\"Salsa de queso jalape\u00f1o - Corny Bakers\",\"isPartOf\":{\"@id\":\"https:\/\/www.cornybakers.nl\/#website\"},\"datePublished\":\"2022-01-14T11:07:38+00:00\",\"dateModified\":\"2022-01-24T13:36:05+00:00\",\"description\":\"\u00a1Definitivamente recomendamos la deliciosa salsa de queso jalape\u00f1o! Esta salsa cremosa es deliciosa en combinaci\u00f3n con nachos o tacos.\",\"breadcrumb\":{\"@id\":\"https:\/\/www.cornybakers.nl\/es\/salsa-de-queso-jalapeno\/#breadcrumb\"},\"inLanguage\":\"es\",\"potentialAction\":[{\"@type\":\"ReadAction\",\"target\":[\"https:\/\/www.cornybakers.nl\/es\/salsa-de-queso-jalapeno\/\"]}]},{\"@type\":\"BreadcrumbList\",\"@id\":\"https:\/\/www.cornybakers.nl\/es\/salsa-de-queso-jalapeno\/#breadcrumb\",\"itemListElement\":[{\"@type\":\"ListItem\",\"position\":1,\"name\":\"Home\",\"item\":\"https:\/\/www.cornybakers.nl\/es\/\"},{\"@type\":\"ListItem\",\"position\":2,\"name\":\"Salsa de queso jalape\u00f1o\"}]},{\"@type\":\"WebSite\",\"@id\":\"https:\/\/www.cornybakers.nl\/#website\",\"url\":\"https:\/\/www.cornybakers.nl\/\",\"name\":\"Corny Bakers\",\"description\":\"\",\"potentialAction\":[{\"@type\":\"SearchAction\",\"target\":{\"@type\":\"EntryPoint\",\"urlTemplate\":\"https:\/\/www.cornybakers.nl\/?s={search_term_string}\"},\"query-input\":{\"@type\":\"PropertyValueSpecification\",\"valueRequired\":true,\"valueName\":\"search_term_string\"}}],\"inLanguage\":\"es\"}]}<\/script>\n<!-- \/ Yoast SEO plugin. -->","yoast_head_json":{"title":"Salsa de queso jalape\u00f1o - Corny Bakers","description":"\u00a1Definitivamente recomendamos la deliciosa salsa de queso jalape\u00f1o! Esta salsa cremosa es deliciosa en combinaci\u00f3n con nachos o tacos.","robots":{"index":"index","follow":"follow","max-snippet":"max-snippet:-1","max-image-preview":"max-image-preview:large","max-video-preview":"max-video-preview:-1"},"canonical":"https:\/\/www.cornybakers.nl\/es\/salsa-de-queso-jalapeno\/","og_locale":"es_ES","og_type":"article","og_title":"Salsa de queso jalape\u00f1o - Corny Bakers","og_description":"\u00a1Definitivamente recomendamos la deliciosa salsa de queso jalape\u00f1o! Esta salsa cremosa es deliciosa en combinaci\u00f3n con nachos o tacos.","og_url":"https:\/\/www.cornybakers.nl\/es\/salsa-de-queso-jalapeno\/","og_site_name":"Corny Bakers","article_modified_time":"2022-01-24T13:36:05+00:00","twitter_card":"summary_large_image","twitter_misc":{"Tiempo de lectura":"2 minutos"},"schema":{"@context":"https:\/\/schema.org","@graph":[{"@type":"WebPage","@id":"https:\/\/www.cornybakers.nl\/es\/salsa-de-queso-jalapeno\/","url":"https:\/\/www.cornybakers.nl\/es\/salsa-de-queso-jalapeno\/","name":"Salsa de queso jalape\u00f1o - Corny Bakers","isPartOf":{"@id":"https:\/\/www.cornybakers.nl\/#website"},"datePublished":"2022-01-14T11:07:38+00:00","dateModified":"2022-01-24T13:36:05+00:00","description":"\u00a1Definitivamente recomendamos la deliciosa salsa de queso jalape\u00f1o! Esta salsa cremosa es deliciosa en combinaci\u00f3n con nachos o tacos.","breadcrumb":{"@id":"https:\/\/www.cornybakers.nl\/es\/salsa-de-queso-jalapeno\/#breadcrumb"},"inLanguage":"es","potentialAction":[{"@type":"ReadAction","target":["https:\/\/www.cornybakers.nl\/es\/salsa-de-queso-jalapeno\/"]}]},{"@type":"BreadcrumbList","@id":"https:\/\/www.cornybakers.nl\/es\/salsa-de-queso-jalapeno\/#breadcrumb","itemListElement":[{"@type":"ListItem","position":1,"name":"Home","item":"https:\/\/www.cornybakers.nl\/es\/"},{"@type":"ListItem","position":2,"name":"Salsa de queso jalape\u00f1o"}]},{"@type":"WebSite","@id":"https:\/\/www.cornybakers.nl\/#website","url":"https:\/\/www.cornybakers.nl\/","name":"Corny Bakers","description":"","potentialAction":[{"@type":"SearchAction","target":{"@type":"EntryPoint","urlTemplate":"https:\/\/www.cornybakers.nl\/?s={search_term_string}"},"query-input":{"@type":"PropertyValueSpecification","valueRequired":true,"valueName":"search_term_string"}}],"inLanguage":"es"}]}},"_links":{"self":[{"href":"https:\/\/www.cornybakers.nl\/es\/wp-json\/wp\/v2\/pages\/5460","targetHints":{"allow":["GET"]}}],"collection":[{"href":"https:\/\/www.cornybakers.nl\/es\/wp-json\/wp\/v2\/pages"}],"about":[{"href":"https:\/\/www.cornybakers.nl\/es\/wp-json\/wp\/v2\/types\/page"}],"author":[{"embeddable":true,"href":"https:\/\/www.cornybakers.nl\/es\/wp-json\/wp\/v2\/users\/1"}],"replies":[{"embeddable":true,"href":"https:\/\/www.cornybakers.nl\/es\/wp-json\/wp\/v2\/comments?post=5460"}],"version-history":[{"count":2,"href":"https:\/\/www.cornybakers.nl\/es\/wp-json\/wp\/v2\/pages\/5460\/revisions"}],"predecessor-version":[{"id":5462,"href":"https:\/\/www.cornybakers.nl\/es\/wp-json\/wp\/v2\/pages\/5460\/revisions\/5462"}],"wp:attachment":[{"href":"https:\/\/www.cornybakers.nl\/es\/wp-json\/wp\/v2\/media?parent=5460"}],"curies":[{"name":"wp","href":"https:\/\/api.w.org\/{rel}","templated":true}]}}