{"id":4689,"date":"2021-11-16T10:25:05","date_gmt":"2021-11-16T09:25:05","guid":{"rendered":"https:\/\/www.vanoo29.nl\/privacyverklaring\/"},"modified":"2021-12-13T15:40:21","modified_gmt":"2021-12-13T14:40:21","slug":"declaration-de-confidentialite","status":"publish","type":"page","link":"https:\/\/www.cornybakers.nl\/fr\/declaration-de-confidentialite\/","title":{"rendered":"D\u00e9claration de confidentialit\u00e9"},"content":{"rendered":"<p>[vc_row rt_row_background_width=\u00a0\u00bbfullwidth\u00a0\u00bb rt_row_content_width=\u00a0\u00bbdefault\u00a0\u00bb rt_row_style=\u00a0\u00bbdefault-style\u00a0\u00bb rt_row_height=\u00a0\u00bb\u00a0\u00bb rt_column_gaps=\u00a0\u00bb\u00a0\u00bb rt_row_shadows=\u00a0\u00bb\u00a0\u00bb rt_row_borders=\u00a0\u00bb\u00a0\u00bb rt_bg_effect=\u00a0\u00bbclassic\u00a0\u00bb rt_bg_image_repeat=\u00a0\u00bbrepeat\u00a0\u00bb rt_bg_size=\u00a0\u00bbcover\u00a0\u00bb rt_bg_position=\u00a0\u00bbright top\u00a0\u00bb rt_bg_attachment=\u00a0\u00bbscroll\u00a0\u00bb rt_bg_layer=\u00a0\u00bb\u00a0\u00bb rt_bg_video_format=\u00a0\u00bbself-hosted\u00a0\u00bb rt_class=\u00a0\u00bbrt-9828281&Prime; rt_paddings=\u00a0\u00bb50,50,,\u00a0\u00bb rt_margins=\u00a0\u00bb,,,\u00a0\u00bb rt_content_margins=\u00a0\u00bb,,,\u00a0\u00bb rt_tablet_paddings=\u00a0\u00bb,,,\u00a0\u00bb rt_tablet_margins=\u00a0\u00bb,,,\u00a0\u00bb rt_tablet_content_margins=\u00a0\u00bb,,,\u00a0\u00bb rt_sp_paddings=\u00a0\u00bb,,,\u00a0\u00bb rt_sp_margins=\u00a0\u00bb,,,\u00a0\u00bb rt_sp_content_margins=\u00a0\u00bb,,,\u00a0\u00bb][vc_column rt_bg_effect=\u00a0\u00bbclassic\u00a0\u00bb rt_bg_image_repeat=\u00a0\u00bbrepeat\u00a0\u00bb rt_bg_size=\u00a0\u00bbauto auto\u00a0\u00bb rt_bg_position=\u00a0\u00bbright top\u00a0\u00bb rt_bg_attachment=\u00a0\u00bbscroll\u00a0\u00bb][vc_column_text]<\/p>\n<h2>D\u00e9claration de confidentialit\u00e9 Corny Bakers B.V<\/h2>\n<p>Corny Bakers B.V. utilise des donn\u00e9es personnelles de ses clients, ses clients potentiels et autres personnes de contact. Nous y proc\u00e9dons afin de pouvoir ex\u00e9cuter un \u00e9ventuel contrat. Cette d\u00e9claration de confidentialit\u00e9 explique la raison pour laquelle et la mani\u00e8re dont nous traitons vos donn\u00e9es personnelles.<\/p>\n<p>Nous n&#8217;employons pas de d\u00e9l\u00e9gu\u00e9 \u00e0 la protection des donn\u00e9es, mais nous nous tenons \u00e0 votre disposition pour r\u00e9pondre \u00e0 toutes vos questions sur notre politique de confidentialit\u00e9 sur <a href=\"mailto:info@cornybakers.nl\">info@cornybakers.nl<\/a><\/p>\n<h2>Quelles sont les donn\u00e9es personnelles trait\u00e9es par Corny Bakers B.V.?<\/h2>\n<p>Ci-dessous, vous trouverez la liste de donn\u00e9es que nous pourrons traiter, selon les produits ou les services que vous achetez ou utilisez:<\/p>\n<ul>\n<li>Nom et pr\u00e9nom<\/li>\n<li>Adresse<\/li>\n<li>Ville<\/li>\n<li>Num\u00e9ro de t\u00e9l\u00e9phone<\/li>\n<li>Adresse e-mail<\/li>\n<li>Nom de soci\u00e9t\u00e9<\/li>\n<li>Coordonn\u00e9es de soci\u00e9t\u00e9<\/li>\n<li>Donn\u00e9es de site<\/li>\n<li>Num\u00e9ro de TVA<\/li>\n<li>Historique de contact<\/li>\n<\/ul>\n<p>Autres donn\u00e9es personnelles que vous fournissez activement, notamment en vous inscrivant sur notre site web, lors des \u00e9changes \u00e9crits ou par t\u00e9l\u00e9phone.<\/p>\n<ul>\n<li>Obligations l\u00e9gales<\/li>\n<\/ul>\n<p>Il y a une petite partie du traitement qui nous est impos\u00e9e par la loi. Il s\u2019agit principalement des donn\u00e9es n\u00e9cessaires pour r\u00e9pondre \u00e0 nos obligations fiscales.<\/p>\n<ul>\n<li>Bulletins d\u2019information et mailings<\/li>\n<\/ul>\n<p>Occasionnellement, nous envoyons des bulletins d\u2019information et\/ou des mailings. Ceux-ci sont parfois personnalis\u00e9s en fonction de vos actions ou de vos achats de produits ou de services chez nous. Vous pouvez \u00e0 tout moment modifier vos pr\u00e9f\u00e9rences en mati\u00e8re de r\u00e9ception de bulletins ou de mailings.<\/p>\n<h2>Prise de d\u00e9cision automatis\u00e9e<\/h2>\n<p>Corny Bakers B.V. ne prend pas de d\u00e9cisions susceptibles d\u2019avoir des effets n\u00e9gatifs pour vous, \u00e0 partir d\u2019un traitement automatis\u00e9 (algorithmes) de vos donn\u00e9es.<\/p>\n<h2>Droits des personnes concern\u00e9es<\/h2>\n<p>Dans le cadre de la protection des donn\u00e9es personnelles, toute personne dispose d\u2019un certain nombre de droits. Nous faisons tout notre possible pour les respecter. Avez-vous des suggestions ou des commentaires\u00a0? N\u2019h\u00e9sitez pas \u00e0 les partager avec nous. Pour exercer vos droits, veuillez nous contacter sur <a href=\"mailto:info@cornybakers.nl\">info@cornybakers.nl<\/a><\/p>\n<ul>\n<li><strong>Acc\u00e8s et information:<\/strong>Vous avez, bien entendu, droit \u00e0 l\u2019acc\u00e8s aux donn\u00e9es personnelles que nous traitons. Ainsi, nous serons heureux de vous en dire plus sur le pourquoi et comment de notre traitement de vos donn\u00e9es.<\/li>\n<li><strong>Rectification:<\/strong>vous avez l\u2019impression que nous disposons d&rsquo;informations erron\u00e9es \u00e0 votre sujet\u00a0? N\u2019h\u00e9sitez pas \u00e0 nous en avertir pour que nous les corrigions.<\/li>\n<li><strong>Droit \u00e0 l\u2019oubli: <\/strong>vous avez le droit de faire supprimer vos donn\u00e9es dont nous disposons. Il est possible quenous devons encore les traites \u00e0 d\u2019autres fins (administration ou d\u00e9duplication, par exemple.<\/li>\n<li><strong>Restrictions: : <\/strong>si vous avez l\u2019impression que nous traitons vos donn\u00e9es d\u2019une mani\u00e8re erron\u00e9e ou illicite, vous avez le droit de restreindre ce traitement.<\/li>\n<li><strong>Objection (opposition):<\/strong>Vous pouvez vous opposer au traitement de vos donn\u00e9es. Il s\u2019agit de marketing\u00a0? Nous cesserons le traitement dans les meilleurs d\u00e9lais.<\/li>\n<li><strong>Transf\u00e9rabilit\u00e9:<\/strong>il s\u2019agit d\u2019un nouveau droit dans le cadre de la protection des donn\u00e9es personnelles et vous donne la possibilit\u00e9 de (faire) transf\u00e9rer vos donn\u00e9es personnelles. Si vous souhaitez en faire usage, veuillez nous contacter.<\/li>\n<\/ul>\n<p>Vous avez, en outre, la possibilit\u00e9 de\u00a0:<\/p>\n<ul>\n<li><strong>Retirer votre consentement:<\/strong> notamment pour la r\u00e9ception de mailing. Pour retirer votre consentement dans d\u2019autres domaines de traitement, veuillez nous contacter sur <a href=\"mailto:info@cornybakers.nl\">info@cornybakers.nl<\/a><\/li>\n<li><strong>D\u00e9poser une plainte aupr\u00e8s de l&rsquo;autorit\u00e9 n\u00e9erlandaise de protection des donn\u00e9es (AP):<\/strong>si vous estimez que nous n&rsquo;agissons pas dans le respect de la l\u00e9gislation sur la protection de la vie priv\u00e9e, nous vous prions de nous en avertir. Depuis le 25 mais 2018, vous avez \u00e9galement la possibilit\u00e9 de d\u00e9poser plainte \u00e0 ce sujet, aupr\u00e8s de l\u2019AP.<\/li>\n<\/ul>\n<h2>Combien de temps nous conservons vos donn\u00e9es personnelles?<\/h2>\n<p>Les donn\u00e9es personnelles ne peuvent \u00eatre conserv\u00e9es plus longtemps que n\u00e9cessaire. La dur\u00e9e de conservation d\u00e9pend de la finalit\u00e9 pour laquelle elles ont \u00e9t\u00e9 recueillies et des \u00e9ventuelles obligations l\u00e9gales de conservation.<\/p>\n<p>Si vous nous avez demand\u00e9 un devis sans \u00eatre devenu client chez nous, nous supprimons vos donn\u00e9es au plus tard deux ans apr\u00e8s notre dernier contact. De m\u00eame si nous vous avons demand\u00e9 un devis sans \u00eatre devenu client, vos donn\u00e9es seront supprim\u00e9es au plus tard deux ans apr\u00e8s notre dernier contact.<\/p>\n<p>Si vous \u00eates devenu client chez nous ou nous le sommes devenus chez vous, nous conserverons vos donn\u00e9es personnelles pour une dur\u00e9e de sept ans suivant l\u2019ann\u00e9e fiscale dans laquelle le contrat avec vous a \u00e9t\u00e9 enti\u00e8rement r\u00e9alis\u00e9.<\/p>\n<p>La p\u00e9riode de sept ans correspond avec la p\u00e9riode pendant laquelle nous devons conserver nos dossiers pour les autorit\u00e9s fiscales. Apr\u00e8s la fin de ce d\u00e9lai, nous supprimons vos donn\u00e9es personnelles.<\/p>\n<h2>Les bases du traitement:<\/h2>\n<p>Comme cela a \u00e9t\u00e9 expos\u00e9 ci-dessus, nous traitons certaines donn\u00e9es dans le cadre des obligations l\u00e9gales, d\u2019autres pour pouvoir ex\u00e9cuter un contrat et la plupart pour satisfaire l&rsquo;int\u00e9r\u00eat l\u00e9gitime de Corny Bakers B.V.\u00a0: la r\u00e9alisation de notre objectif. Si vous souhaitez en savoir davantage sur notre fa\u00e7on d\u2019appr\u00e9cier l\u2019int\u00e9r\u00eat l\u00e9gitime, n\u2019h\u00e9sitez pas \u00e0 nous contacter.<\/p>\n<p>Transfert aux tiers<\/p>\n<p>Il est possible que dans d\u2019ex\u00e9cution d\u2019un \u00e9ventuel contrat que nous avons conclu avec vous, nous devons transf\u00e9rer des donn\u00e9es personnelles \u00e0 des tiers fournisseurs de produits ou de services ou \u00e0 des tiers qui r\u00e9alisent des activit\u00e9s \u00e0 notre compte. Puis, nous utilisons de l\u2019espace sur des serveurs externes pour le stockage de (certaines parties) de notre administration d\u2019achat et de vente, dont vos donn\u00e9es personnelles font partie. Pour cette raison, celles-ci seront transmises \u00e0 notre fournisseur de l\u2019espace serveur.<\/p>\n<h2>Comment Corny Bakers B.V. prot\u00e8ge vos donn\u00e9es<\/h2>\n<p>Nous prenons la protection de vos donn\u00e9es tr\u00e8s au s\u00e9rieux et nous mettons en place des mesures appropri\u00e9es afin de pr\u00e9venir l\u2019abus, la perte, l\u2019acc\u00e8s abusif, la divulgation non souhait\u00e9e et la modification non autoris\u00e9e. Si vous pensez tout de m\u00eame que vos donn\u00e9es ne sont pas assez bien s\u00e9curis\u00e9es ou en cas de signes d\u2019abus, veuillez nous contacter sur <a href=\"mailto:info@cornybakers.nl\">info@cornybakers.nl <\/a><\/p>\n<p>Nous avons mis en place les mesures suivantes pour prot\u00e9ger vos donn\u00e9es personnelles:<\/p>\n<ul>\n<li>Les serveurs et les appareils de nos employ\u00e9s sont \u00e9quip\u00e9s du logiciel de s\u00e9curit\u00e9 toujours \u00e0 jour, tels qu\u2019un scanner de virus et un pare-feu.<\/li>\n<li>Pour le transfert de vos donn\u00e9es, nous utilisons toujours de connexions internet s\u00e9curis\u00e9es (SSL). Vous pouvez le v\u00e9rifier gr\u00e2ce aux symboles \u00ab\u00a0https\u00a0\u00bb et le cadenas dans la barre d\u2019adresse.<\/li>\n<li>L\u2019acc\u00e8s aux donn\u00e9es personnelles depuis d\u2019appareils mobiles est limit\u00e9 et activement surveill\u00e9.<\/li>\n<\/ul>\n<p>DKIM sont des standards internet que nous utilisons pour \u00e9viter que vous receviez en notre nom du courriel contenant des virus, des spams ou destin\u00e9 \u00e0 obtenir vos donn\u00e9es (de connexion) personnelles.<\/p>\n<h2>D\u00e9claration sur les cookies<\/h2>\n<p>Corny Bakers B.V. utilise des cookies pour rester inform\u00e9 sur la maintenance du site web et pour faire analyser l\u2019utilisation de notre site \u00e0 l\u2019aide de Google Analytics.<\/p>\n<h2>Politique en mati\u00e8re de cookies<\/h2>\n<p><strong>Types de cookies utilis\u00e9s sur le site web de Corny Bakers B.V:<\/strong><\/p>\n<ol>\n<li><strong>Cookies fonctionnels<\/strong><\/li>\n<\/ol>\n<p>Les cookies qui sont n\u00e9cessaires au bon fonctionnement du site web ou qui rendent votre utilisation de celui-ci plus commode. Notamment, la conservation de vos donn\u00e9es de connexion pour \u00e9viter que vous deviez vous reconnecter \u00e0 chaque reprise. La sauvegarde du contenu de votre panier ainsi que la fermeture des notifications cookie rel\u00e8vent \u00e9galement des cookies fonctionnels.<\/p>\n<p><strong>2. Cookies analytiques<\/strong><\/p>\n<p>Ce sont des cookies que l\u2019on place afin de pouvoir mesurer et analyser le comportement du visiteur sur le site web. Nous utilisons ces donn\u00e9es pour optimiser ce dernier. Cette fonction n\u2019inclut pas le stockage de donn\u00e9es personnelles ou sensibles \u00e0 la vie priv\u00e9.[\/vc_column_text][\/vc_column][\/vc_row]<\/p>\n","protected":false},"excerpt":{"rendered":"<p>[vc_row rt_row_background_width=\u00a0\u00bbfullwidth\u00a0\u00bb rt_row_content_width=\u00a0\u00bbdefault\u00a0\u00bb rt_row_style=\u00a0\u00bbdefault-style\u00a0\u00bb rt_row_height=\u00a0\u00bb\u00a0\u00bb rt_column_gaps=\u00a0\u00bb\u00a0\u00bb rt_row_shadows=\u00a0\u00bb\u00a0\u00bb rt_row_borders=\u00a0\u00bb\u00a0\u00bb rt_bg_effect=\u00a0\u00bbclassic\u00a0\u00bb rt_bg_image_repeat=\u00a0\u00bbrepeat\u00a0\u00bb rt_bg_size=\u00a0\u00bbcover\u00a0\u00bb rt_bg_position=\u00a0\u00bbright top\u00a0\u00bb rt_bg_attachment=\u00a0\u00bbscroll\u00a0\u00bb rt_bg_layer=\u00a0\u00bb\u00a0\u00bb rt_bg_video_format=\u00a0\u00bbself-hosted\u00a0\u00bb rt_class=\u00a0\u00bbrt-9828281&Prime; rt_paddings=\u00a0\u00bb50,50,,\u00a0\u00bb rt_margins=\u00a0\u00bb,,,\u00a0\u00bb rt_content_margins=\u00a0\u00bb,,,\u00a0\u00bb rt_tablet_paddings=\u00a0\u00bb,,,\u00a0\u00bb rt_tablet_margins=\u00a0\u00bb,,,\u00a0\u00bb rt_tablet_content_margins=\u00a0\u00bb,,,\u00a0\u00bb rt_sp_paddings=\u00a0\u00bb,,,\u00a0\u00bb rt_sp_margins=\u00a0\u00bb,,,\u00a0\u00bb rt_sp_content_margins=\u00a0\u00bb,,,\u00a0\u00bb][vc_column rt_bg_effect=\u00a0\u00bbclassic\u00a0\u00bb rt_bg_image_repeat=\u00a0\u00bbrepeat\u00a0\u00bb rt_bg_size=\u00a0\u00bbauto auto\u00a0\u00bb rt_bg_position=\u00a0\u00bbright top\u00a0\u00bb rt_bg_attachment=\u00a0\u00bbscroll\u00a0\u00bb][vc_column_text] D\u00e9claration de confidentialit\u00e9 Corny Bakers B.V Corny Bakers B.V. utilise des donn\u00e9es personnelles de ses clients, ses clients potentiels et autres personnes [&hellip;]<\/p>\n","protected":false},"author":1,"featured_media":0,"parent":0,"menu_order":0,"comment_status":"closed","ping_status":"closed","template":"","meta":{"inline_featured_image":false,"footnotes":""},"class_list":["post-4689","page","type-page","status-publish","hentry"],"yoast_head":"<!-- This site is optimized with the Yoast SEO plugin v24.8.1 - https:\/\/yoast.com\/wordpress\/plugins\/seo\/ -->\n<title>D\u00e9claration de confidentialit\u00e9 - Corny Bakers<\/title>\n<meta name=\"robots\" content=\"index, follow, max-snippet:-1, max-image-preview:large, max-video-preview:-1\" \/>\n<link rel=\"canonical\" href=\"https:\/\/www.cornybakers.nl\/fr\/declaration-de-confidentialite\/\" \/>\n<meta property=\"og:locale\" content=\"fr_FR\" \/>\n<meta property=\"og:type\" content=\"article\" \/>\n<meta property=\"og:title\" content=\"D\u00e9claration de confidentialit\u00e9 - Corny Bakers\" \/>\n<meta property=\"og:description\" content=\"[vc_row rt_row_background_width=\u00a0\u00bbfullwidth\u00a0\u00bb rt_row_content_width=\u00a0\u00bbdefault\u00a0\u00bb rt_row_style=\u00a0\u00bbdefault-style\u00a0\u00bb rt_row_height=\u00a0\u00bb\u00a0\u00bb rt_column_gaps=\u00a0\u00bb\u00a0\u00bb rt_row_shadows=\u00a0\u00bb\u00a0\u00bb rt_row_borders=\u00a0\u00bb\u00a0\u00bb rt_bg_effect=\u00a0\u00bbclassic\u00a0\u00bb rt_bg_image_repeat=\u00a0\u00bbrepeat\u00a0\u00bb rt_bg_size=\u00a0\u00bbcover\u00a0\u00bb rt_bg_position=\u00a0\u00bbright top\u00a0\u00bb rt_bg_attachment=\u00a0\u00bbscroll\u00a0\u00bb rt_bg_layer=\u00a0\u00bb\u00a0\u00bb rt_bg_video_format=\u00a0\u00bbself-hosted\u00a0\u00bb rt_class=\u00a0\u00bbrt-9828281&Prime; rt_paddings=\u00a0\u00bb50,50,,\u00a0\u00bb rt_margins=\u00a0\u00bb,,,\u00a0\u00bb rt_content_margins=\u00a0\u00bb,,,\u00a0\u00bb rt_tablet_paddings=\u00a0\u00bb,,,\u00a0\u00bb rt_tablet_margins=\u00a0\u00bb,,,\u00a0\u00bb rt_tablet_content_margins=\u00a0\u00bb,,,\u00a0\u00bb rt_sp_paddings=\u00a0\u00bb,,,\u00a0\u00bb rt_sp_margins=\u00a0\u00bb,,,\u00a0\u00bb rt_sp_content_margins=\u00a0\u00bb,,,\u00a0\u00bb][vc_column rt_bg_effect=\u00a0\u00bbclassic\u00a0\u00bb rt_bg_image_repeat=\u00a0\u00bbrepeat\u00a0\u00bb rt_bg_size=\u00a0\u00bbauto auto\u00a0\u00bb rt_bg_position=\u00a0\u00bbright top\u00a0\u00bb rt_bg_attachment=\u00a0\u00bbscroll\u00a0\u00bb][vc_column_text] D\u00e9claration de confidentialit\u00e9 Corny Bakers B.V Corny Bakers B.V. utilise des donn\u00e9es personnelles de ses clients, ses clients potentiels et autres personnes [&hellip;]\" \/>\n<meta property=\"og:url\" content=\"https:\/\/www.cornybakers.nl\/fr\/declaration-de-confidentialite\/\" \/>\n<meta property=\"og:site_name\" content=\"Corny Bakers\" \/>\n<meta property=\"article:modified_time\" content=\"2021-12-13T14:40:21+00:00\" \/>\n<meta name=\"twitter:card\" content=\"summary_large_image\" \/>\n<meta name=\"twitter:label1\" content=\"Dur\u00e9e de lecture estim\u00e9e\" \/>\n\t<meta name=\"twitter:data1\" content=\"8 minutes\" \/>\n<script type=\"application\/ld+json\" class=\"yoast-schema-graph\">{\"@context\":\"https:\/\/schema.org\",\"@graph\":[{\"@type\":\"WebPage\",\"@id\":\"https:\/\/www.cornybakers.nl\/fr\/declaration-de-confidentialite\/\",\"url\":\"https:\/\/www.cornybakers.nl\/fr\/declaration-de-confidentialite\/\",\"name\":\"D\u00e9claration de confidentialit\u00e9 - Corny Bakers\",\"isPartOf\":{\"@id\":\"https:\/\/www.cornybakers.nl\/#website\"},\"datePublished\":\"2021-11-16T09:25:05+00:00\",\"dateModified\":\"2021-12-13T14:40:21+00:00\",\"breadcrumb\":{\"@id\":\"https:\/\/www.cornybakers.nl\/fr\/declaration-de-confidentialite\/#breadcrumb\"},\"inLanguage\":\"fr-FR\",\"potentialAction\":[{\"@type\":\"ReadAction\",\"target\":[\"https:\/\/www.cornybakers.nl\/fr\/declaration-de-confidentialite\/\"]}]},{\"@type\":\"BreadcrumbList\",\"@id\":\"https:\/\/www.cornybakers.nl\/fr\/declaration-de-confidentialite\/#breadcrumb\",\"itemListElement\":[{\"@type\":\"ListItem\",\"position\":1,\"name\":\"Home\",\"item\":\"https:\/\/www.cornybakers.nl\/fr\/\"},{\"@type\":\"ListItem\",\"position\":2,\"name\":\"D\u00e9claration de confidentialit\u00e9\"}]},{\"@type\":\"WebSite\",\"@id\":\"https:\/\/www.cornybakers.nl\/#website\",\"url\":\"https:\/\/www.cornybakers.nl\/\",\"name\":\"Corny Bakers\",\"description\":\"\",\"potentialAction\":[{\"@type\":\"SearchAction\",\"target\":{\"@type\":\"EntryPoint\",\"urlTemplate\":\"https:\/\/www.cornybakers.nl\/?s={search_term_string}\"},\"query-input\":{\"@type\":\"PropertyValueSpecification\",\"valueRequired\":true,\"valueName\":\"search_term_string\"}}],\"inLanguage\":\"fr-FR\"}]}<\/script>\n<!-- \/ Yoast SEO plugin. -->","yoast_head_json":{"title":"D\u00e9claration de confidentialit\u00e9 - Corny Bakers","robots":{"index":"index","follow":"follow","max-snippet":"max-snippet:-1","max-image-preview":"max-image-preview:large","max-video-preview":"max-video-preview:-1"},"canonical":"https:\/\/www.cornybakers.nl\/fr\/declaration-de-confidentialite\/","og_locale":"fr_FR","og_type":"article","og_title":"D\u00e9claration de confidentialit\u00e9 - Corny Bakers","og_description":"[vc_row rt_row_background_width=\u00a0\u00bbfullwidth\u00a0\u00bb rt_row_content_width=\u00a0\u00bbdefault\u00a0\u00bb rt_row_style=\u00a0\u00bbdefault-style\u00a0\u00bb rt_row_height=\u00a0\u00bb\u00a0\u00bb rt_column_gaps=\u00a0\u00bb\u00a0\u00bb rt_row_shadows=\u00a0\u00bb\u00a0\u00bb rt_row_borders=\u00a0\u00bb\u00a0\u00bb rt_bg_effect=\u00a0\u00bbclassic\u00a0\u00bb rt_bg_image_repeat=\u00a0\u00bbrepeat\u00a0\u00bb rt_bg_size=\u00a0\u00bbcover\u00a0\u00bb rt_bg_position=\u00a0\u00bbright top\u00a0\u00bb rt_bg_attachment=\u00a0\u00bbscroll\u00a0\u00bb rt_bg_layer=\u00a0\u00bb\u00a0\u00bb rt_bg_video_format=\u00a0\u00bbself-hosted\u00a0\u00bb rt_class=\u00a0\u00bbrt-9828281&Prime; rt_paddings=\u00a0\u00bb50,50,,\u00a0\u00bb rt_margins=\u00a0\u00bb,,,\u00a0\u00bb rt_content_margins=\u00a0\u00bb,,,\u00a0\u00bb rt_tablet_paddings=\u00a0\u00bb,,,\u00a0\u00bb rt_tablet_margins=\u00a0\u00bb,,,\u00a0\u00bb rt_tablet_content_margins=\u00a0\u00bb,,,\u00a0\u00bb rt_sp_paddings=\u00a0\u00bb,,,\u00a0\u00bb rt_sp_margins=\u00a0\u00bb,,,\u00a0\u00bb rt_sp_content_margins=\u00a0\u00bb,,,\u00a0\u00bb][vc_column rt_bg_effect=\u00a0\u00bbclassic\u00a0\u00bb rt_bg_image_repeat=\u00a0\u00bbrepeat\u00a0\u00bb rt_bg_size=\u00a0\u00bbauto auto\u00a0\u00bb rt_bg_position=\u00a0\u00bbright top\u00a0\u00bb rt_bg_attachment=\u00a0\u00bbscroll\u00a0\u00bb][vc_column_text] D\u00e9claration de confidentialit\u00e9 Corny Bakers B.V Corny Bakers B.V. utilise des donn\u00e9es personnelles de ses clients, ses clients potentiels et autres personnes [&hellip;]","og_url":"https:\/\/www.cornybakers.nl\/fr\/declaration-de-confidentialite\/","og_site_name":"Corny Bakers","article_modified_time":"2021-12-13T14:40:21+00:00","twitter_card":"summary_large_image","twitter_misc":{"Dur\u00e9e de lecture estim\u00e9e":"8 minutes"},"schema":{"@context":"https:\/\/schema.org","@graph":[{"@type":"WebPage","@id":"https:\/\/www.cornybakers.nl\/fr\/declaration-de-confidentialite\/","url":"https:\/\/www.cornybakers.nl\/fr\/declaration-de-confidentialite\/","name":"D\u00e9claration de confidentialit\u00e9 - Corny Bakers","isPartOf":{"@id":"https:\/\/www.cornybakers.nl\/#website"},"datePublished":"2021-11-16T09:25:05+00:00","dateModified":"2021-12-13T14:40:21+00:00","breadcrumb":{"@id":"https:\/\/www.cornybakers.nl\/fr\/declaration-de-confidentialite\/#breadcrumb"},"inLanguage":"fr-FR","potentialAction":[{"@type":"ReadAction","target":["https:\/\/www.cornybakers.nl\/fr\/declaration-de-confidentialite\/"]}]},{"@type":"BreadcrumbList","@id":"https:\/\/www.cornybakers.nl\/fr\/declaration-de-confidentialite\/#breadcrumb","itemListElement":[{"@type":"ListItem","position":1,"name":"Home","item":"https:\/\/www.cornybakers.nl\/fr\/"},{"@type":"ListItem","position":2,"name":"D\u00e9claration de confidentialit\u00e9"}]},{"@type":"WebSite","@id":"https:\/\/www.cornybakers.nl\/#website","url":"https:\/\/www.cornybakers.nl\/","name":"Corny Bakers","description":"","potentialAction":[{"@type":"SearchAction","target":{"@type":"EntryPoint","urlTemplate":"https:\/\/www.cornybakers.nl\/?s={search_term_string}"},"query-input":{"@type":"PropertyValueSpecification","valueRequired":true,"valueName":"search_term_string"}}],"inLanguage":"fr-FR"}]}},"_links":{"self":[{"href":"https:\/\/www.cornybakers.nl\/fr\/wp-json\/wp\/v2\/pages\/4689","targetHints":{"allow":["GET"]}}],"collection":[{"href":"https:\/\/www.cornybakers.nl\/fr\/wp-json\/wp\/v2\/pages"}],"about":[{"href":"https:\/\/www.cornybakers.nl\/fr\/wp-json\/wp\/v2\/types\/page"}],"author":[{"embeddable":true,"href":"https:\/\/www.cornybakers.nl\/fr\/wp-json\/wp\/v2\/users\/1"}],"replies":[{"embeddable":true,"href":"https:\/\/www.cornybakers.nl\/fr\/wp-json\/wp\/v2\/comments?post=4689"}],"version-history":[{"count":1,"href":"https:\/\/www.cornybakers.nl\/fr\/wp-json\/wp\/v2\/pages\/4689\/revisions"}],"predecessor-version":[{"id":4690,"href":"https:\/\/www.cornybakers.nl\/fr\/wp-json\/wp\/v2\/pages\/4689\/revisions\/4690"}],"wp:attachment":[{"href":"https:\/\/www.cornybakers.nl\/fr\/wp-json\/wp\/v2\/media?parent=4689"}],"curies":[{"name":"wp","href":"https:\/\/api.w.org\/{rel}","templated":true}]}}