{"id":5330,"date":"2022-01-14T11:39:10","date_gmt":"2022-01-14T10:39:10","guid":{"rendered":"https:\/\/www.vanoo29.nl\/mexicaanse-bieren\/"},"modified":"2022-01-21T11:52:03","modified_gmt":"2022-01-21T10:52:03","slug":"bieres-mexicaines-2","status":"publish","type":"page","link":"https:\/\/www.cornybakers.nl\/fr\/bieres-mexicaines-2\/","title":{"rendered":"Bi\u00e8res mexicaines"},"content":{"rendered":"<p>[vc_row rt_row_background_width=\u00a0\u00bbfullwidth\u00a0\u00bb rt_row_content_width=\u00a0\u00bbdefault\u00a0\u00bb rt_row_style=\u00a0\u00bbdefault-style\u00a0\u00bb rt_row_height=\u00a0\u00bb\u00a0\u00bb rt_column_gaps=\u00a0\u00bb\u00a0\u00bb rt_row_shadows=\u00a0\u00bb\u00a0\u00bb rt_row_borders=\u00a0\u00bb\u00a0\u00bb rt_bg_effect=\u00a0\u00bbclassic\u00a0\u00bb rt_bg_image_repeat=\u00a0\u00bbrepeat\u00a0\u00bb rt_bg_size=\u00a0\u00bbcover\u00a0\u00bb rt_bg_position=\u00a0\u00bbright top\u00a0\u00bb rt_bg_attachment=\u00a0\u00bbscroll\u00a0\u00bb rt_bg_layer=\u00a0\u00bb\u00a0\u00bb rt_bg_video_format=\u00a0\u00bbself-hosted\u00a0\u00bb rt_class=\u00a0\u00bbrt-7397708&Prime; rt_paddings=\u00a0\u00bb50,50,,\u00a0\u00bb rt_margins=\u00a0\u00bb,,,\u00a0\u00bb rt_content_margins=\u00a0\u00bb,,,\u00a0\u00bb rt_tablet_paddings=\u00a0\u00bb,,,\u00a0\u00bb rt_tablet_margins=\u00a0\u00bb,,,\u00a0\u00bb rt_tablet_content_margins=\u00a0\u00bb,,,\u00a0\u00bb rt_sp_paddings=\u00a0\u00bb,,,\u00a0\u00bb rt_sp_margins=\u00a0\u00bb,,,\u00a0\u00bb rt_sp_content_margins=\u00a0\u00bb,,,\u00a0\u00bb][vc_column width=\u00a0\u00bb2\/3&Prime; rt_bg_effect=\u00a0\u00bbclassic\u00a0\u00bb rt_bg_image_repeat=\u00a0\u00bbrepeat\u00a0\u00bb rt_bg_size=\u00a0\u00bbauto auto\u00a0\u00bb rt_bg_position=\u00a0\u00bbright top\u00a0\u00bb rt_bg_attachment=\u00a0\u00bbscroll\u00a0\u00bb]<div class=\"rt-heading-wrapper rt-8850215\">\n\t\t\t\t\t\t<h2 class=\"rt-heading\" >Bi\u00e8res mexicaines<\/h2>\n\t\t\t\t\t<\/div>[vc_column_text]Vous cherchez les meilleures bi\u00e8res mexicaines\u00a0? Alors, chez Corny Bakers, vous avez frapp\u00e9 \u00e0 la bonne porte\u00a0! Car, depuis 1972, nous sommes le fournisseur par excellence de produits alimentaires et non alimentaires mexicains et latino-am\u00e9ricains. Depuis de longues ann\u00e9es, nous livrons partout en Europe, en Turquie et au Moyen Orient. L\u2019\u00e9norme avantage de Corny Bakers r\u00e9side entre autres dans le fait que c\u2019est tr\u00e8s rare qu\u2019un produit soit en rupture de stock. Vous ne manquerez jamais de rien et la livraison rapide est garantie. Outre les excellents produits de notre propre marque, nous vendons de nombreuses autres grandes marques mexicaines et latino-am\u00e9ricaines. Notre gamme de bi\u00e8res mexicaines, comme celle des produits comme les salsas, les sauces et les l\u00e9gumes, se composent de nombreuses marques renomm\u00e9es. Curieux de conna\u00eetre nos produits\u00a0? N\u2019h\u00e9sitez pas \u00e0 les d\u00e9couvrir sur notre site web.<\/p>\n<h2>Commandez votre marque pr\u00e9f\u00e9r\u00e9e<\/h2>\n<p>Chez nous, vous pouvez commander des bi\u00e8res mexicaines de toutes les grandes marques. Que penseriez-vous des bi\u00e8res populaires et tr\u00e8s courantes de Desperados, Corona ou Sol\u00a0? Ces marques sont toujours bien re\u00e7ues lors des soir\u00e9es mexicaines ! Ou une d\u00e9licieuse bi\u00e8re de Tecate, une bi\u00e8re mexicaine typique, provenant du pays ensoleill\u00e9 de Basse-Californie\u00a0?<\/p>\n<p>Les bi\u00e8res brunes de Negra Modelo sont \u00e9galement tr\u00e8s populaires. Ils sont disponibles en emballages de 12 ou 24 bouteilles. Et enfin, les bi\u00e8res mexicaines extr\u00eamement populaires de DOS XX. Depuis quelque temps, ces d\u00e9licieuses bi\u00e8res sont de nouveau en stock en large quantit\u00e9 et en trois variantes diff\u00e9rentes. Succ\u00e8s garanti chez vos clients !<\/p>\n<h2>Commandez des bi\u00e8res mexicaines chez Corny Bakers<\/h2>\n<p>Avec le formulaire de commande sur notre site web, vous passez toute commande en toute facilit\u00e9. Vous y trouverez \u00e9galement l\u2019ensemble de notre gamme. Vous cherchez un produit particulier\u00a0? Vous pouvez facilement filtrer par cat\u00e9gorie ou saisir un mot-cl\u00e9 dans la barre de recherche. Vous voulez commander de d\u00e9licieuses bi\u00e8res mexicaines\u00a0? Alors, allez \u00e0 \u00ab\u00a0Gamme\u00a0\u00bb, \u00ab\u00a0Boissons\u00a0\u00bb et trouvez toutes les bi\u00e8res que vous cherchiez\u00a0![\/vc_column_text]<div class=\"rt-heading-wrapper rt-6485303\">\n\t\t\t\t\t\t<h2 class=\"rt-heading\" >Voir notre gamme ici!<\/h2>\n\t\t\t\t\t<\/div><div class=\"woocommerce columns-3\"><\/div><div class=\"button_wrapper  alignleft\"><a href=\"https:\/\/www.cornybakers.nl\/winkel\/\" target=\"_self\" title=\"Voir toutes les cat\u00e9gories\" class=\"button_ landingpage-knop secondary-font style-1 big rt-6350289\"><span><span>Voir toutes les cat\u00e9gories<\/span><\/span><\/a><\/div>[\/vc_column][vc_column width=\u00a0\u00bb1\/3&Prime; rt_bg_effect=\u00a0\u00bbclassic\u00a0\u00bb rt_bg_image_repeat=\u00a0\u00bbrepeat\u00a0\u00bb rt_bg_size=\u00a0\u00bbauto auto\u00a0\u00bb rt_bg_position=\u00a0\u00bbright top\u00a0\u00bb rt_bg_attachment=\u00a0\u00bbscroll\u00a0\u00bb rt_class=\u00a0\u00bbrt-5757634&Prime; rt_margins=\u00a0\u00bb,\u00a0\u00bb rt_paddings=\u00a0\u00bb,,,\u00a0\u00bb rt_wrapper_paddings=\u00a0\u00bb,,,\u00a0\u00bb rt_tablet_margins=\u00a0\u00bb,\u00a0\u00bb rt_tablet_paddings=\u00a0\u00bb,,,\u00a0\u00bb rt_tablet_wrapper_paddings=\u00a0\u00bb,,,\u00a0\u00bb rt_sp_margins=\u00a0\u00bb50,\u00a0\u00bb rt_sp_paddings=\u00a0\u00bb,,,\u00a0\u00bb rt_sp_wrapper_paddings=\u00a0\u00bb,,,\u00a0\u00bb rt_bg_color=\u00a0\u00bb\u00a0\u00bb rt_bg_overlay_color=\u00a0\u00bb\u00a0\u00bb][vc_single_image image=\u00a0\u00bb5221&Prime; img_size=\u00a0\u00bbfull\u00a0\u00bb style=\u00a0\u00bbvc_box_rounded\u00a0\u00bb el_class=\u00a0\u00bbfoto-landingpage\u00a0\u00bb]<div class=\"rt-heading-wrapper rt-2330502\">\n\t\t\t\t\t\t<h2 class=\"rt-heading\" >Formulaire de contact<\/h2>\n\t\t\t\t\t<\/div>\n<div class=\"wpcf7 no-js\" id=\"wpcf7-f1746-o1\" lang=\"nl-NL\" dir=\"ltr\" data-wpcf7-id=\"1746\">\n<div class=\"screen-reader-response\"><p role=\"status\" aria-live=\"polite\" aria-atomic=\"true\"><\/p> <ul><\/ul><\/div>\n<form action=\"\/fr\/wp-json\/wp\/v2\/pages\/5330#wpcf7-f1746-o1\" method=\"post\" class=\"wpcf7-form init\" aria-label=\"Contactformulier\" novalidate=\"novalidate\" data-status=\"init\">\n<fieldset class=\"hidden-fields-container\"><input type=\"hidden\" name=\"_wpcf7\" value=\"1746\" \/><input type=\"hidden\" name=\"_wpcf7_version\" value=\"6.1.4\" \/><input type=\"hidden\" name=\"_wpcf7_locale\" value=\"nl_NL\" \/><input type=\"hidden\" name=\"_wpcf7_unit_tag\" value=\"wpcf7-f1746-o1\" \/><input type=\"hidden\" name=\"_wpcf7_container_post\" value=\"0\" \/><input type=\"hidden\" name=\"_wpcf7_posted_data_hash\" value=\"\" \/><input type=\"hidden\" name=\"_wpcf7cf_hidden_group_fields\" value=\"[]\" \/><input type=\"hidden\" name=\"_wpcf7cf_hidden_groups\" value=\"[]\" \/><input type=\"hidden\" name=\"_wpcf7cf_visible_groups\" value=\"[]\" \/><input type=\"hidden\" name=\"_wpcf7cf_repeaters\" value=\"[]\" \/><input type=\"hidden\" name=\"_wpcf7cf_steps\" value=\"{}\" \/><input type=\"hidden\" name=\"_wpcf7cf_options\" value=\"{&quot;form_id&quot;:1746,&quot;conditions&quot;:[{&quot;then_field&quot;:&quot;anders&quot;,&quot;and_rules&quot;:[{&quot;if_field&quot;:&quot;terecht&quot;,&quot;operator&quot;:&quot;equals&quot;,&quot;if_value&quot;:&quot;Par autre chose, \\u00e0 savoir:&quot;}]}],&quot;settings&quot;:{&quot;animation&quot;:&quot;yes&quot;,&quot;animation_intime&quot;:200,&quot;animation_outtime&quot;:200,&quot;conditions_ui&quot;:&quot;normal&quot;,&quot;notice_dismissed&quot;:false,&quot;notice_dismissed_rollback-cf7-5.8.3&quot;:true,&quot;notice_dismissed_rollback-cf7-5.9.4&quot;:true}}\" \/>\n<\/fieldset>\n<div class=\"wpcf7-turnstile cf-turnstile\" data-sitekey=\"0x4AAAAAACFbo73hTV00eySb\" data-response-field-name=\"_wpcf7_turnstile_response\"><\/div>\n\n<table class=\"formulier\">\n\t<tbody>\n\t\t<tr>\n\t\t\t<td colspan=\"2\">\n\t\t\t\t<p><span class=\"wpcf7-form-control-wrap\" data-name=\"your-name\"><input size=\"40\" maxlength=\"400\" class=\"wpcf7-form-control wpcf7-text wpcf7-validates-as-required\" aria-required=\"true\" aria-invalid=\"false\" placeholder=\"Votre nom *\" value=\"\" type=\"text\" name=\"your-name\" \/><\/span>\n\t\t\t\t<\/p>\n\t\t\t<\/td>\n\t\t<\/tr>\n\t\t<tr>\n\t\t\t<td colspan=\"2\">\n\t\t\t\t<p><span class=\"wpcf7-form-control-wrap\" data-name=\"your-adress\"><input size=\"40\" maxlength=\"400\" class=\"wpcf7-form-control wpcf7-text\" aria-invalid=\"false\" placeholder=\"Votre adresse\" value=\"\" type=\"text\" name=\"your-adress\" \/><\/span>\n\t\t\t\t<\/p>\n\t\t\t<\/td>\n\t\t<\/tr>\n\t\t<tr>\n\t\t\t<td style=\"padding-right: 5px;\">\n\t\t\t\t<p><span class=\"wpcf7-form-control-wrap\" data-name=\"your-postal\"><input size=\"40\" maxlength=\"400\" class=\"wpcf7-form-control wpcf7-text\" aria-invalid=\"false\" placeholder=\"Votre code postal\" value=\"\" type=\"text\" name=\"your-postal\" \/><\/span>\n\t\t\t\t<\/p>\n\t\t\t<\/td>\n\t\t\t<td style=\"padding-left: 5px;\">\n\t\t\t\t<p><span class=\"wpcf7-form-control-wrap\" data-name=\"your-city\"><input size=\"40\" maxlength=\"400\" class=\"wpcf7-form-control wpcf7-text\" aria-invalid=\"false\" placeholder=\"Votre lieu de r\u00e9sidence\" value=\"\" type=\"text\" name=\"your-city\" \/><\/span>\n\t\t\t\t<\/p>\n\t\t\t<\/td>\n\t\t<\/tr>\n\t\t<tr>\n\t\t\t<td style=\"padding-right: 5px;\">\n\t\t\t\t<p><span class=\"wpcf7-form-control-wrap\" data-name=\"your-phone\"><input size=\"40\" maxlength=\"400\" class=\"wpcf7-form-control wpcf7-tel wpcf7-validates-as-required wpcf7-text wpcf7-validates-as-tel\" aria-required=\"true\" aria-invalid=\"false\" placeholder=\"Votre num\u00e9ro de t\u00e9l\u00e9phone *\" value=\"\" type=\"tel\" name=\"your-phone\" \/><\/span>\n\t\t\t\t<\/p>\n\t\t\t<\/td>\n\t\t\t<td style=\"padding-left: 5px;\">\n\t\t\t\t<p><span class=\"wpcf7-form-control-wrap\" data-name=\"your-email\"><input size=\"40\" maxlength=\"400\" class=\"wpcf7-form-control wpcf7-email wpcf7-validates-as-required wpcf7-text wpcf7-validates-as-email\" aria-required=\"true\" aria-invalid=\"false\" placeholder=\"Votre e-mail *\" value=\"\" type=\"email\" name=\"your-email\" \/><\/span>\n\t\t\t\t<\/p>\n\t\t\t<\/td>\n\t\t<\/tr>\n\t\t<tr>\n\t\t\t<td colspan=\"2\">\n\t\t\t\t<p>Comment es-tu venu chez nous?\n\t\t\t\t<\/p>\n\t\t\t\t<p><span class=\"wpcf7-form-control-wrap\" data-name=\"terecht\"><select class=\"wpcf7-form-control wpcf7-select wpcf7-validates-as-required\" aria-required=\"true\" aria-invalid=\"false\" name=\"terecht\"><option value=\"\">&#8212;Kies een optie&#8212;<\/option><option value=\"Par Google\">Par Google<\/option><option value=\"Par le bouche \u00e0 oreille\">Par le bouche \u00e0 oreille<\/option><option value=\"via les r\u00e9seaux sociaux\">via les r\u00e9seaux sociaux<\/option><option value=\"Par autre chose, \u00e0 savoir:\">Par autre chose, \u00e0 savoir:<\/option><\/select><\/span>\n\t\t\t\t<\/p>\n\t\t\t\t<div data-id=\"anders\" data-orig_data_id=\"anders\"  class=\"\" data-class=\"wpcf7cf_group\">\n\t\t\t\t\t<p><span class=\"wpcf7-form-control-wrap\" data-name=\"your-anders\"><input size=\"40\" maxlength=\"400\" class=\"wpcf7-form-control wpcf7-text wpcf7-validates-as-required\" aria-required=\"true\" aria-invalid=\"false\" placeholder=\"Sinon, \u00e0 savoir: *\" value=\"\" type=\"text\" name=\"your-anders\" \/><\/span>\n\t\t\t\t\t<\/p>\n\t\t\t\t<\/div>\n\t\t\t<\/td>\n\t\t<\/tr>\n\t\t<tr>\n\t\t<\/tr>\n\t\t<tr>\n\t\t\t<td colspan=\"2\">\n\t\t\t\t<p><span class=\"wpcf7-form-control-wrap\" data-name=\"your-message\"><textarea cols=\"40\" rows=\"5\" maxlength=\"2000\" class=\"wpcf7-form-control wpcf7-textarea\" aria-invalid=\"false\" placeholder=\"Votre message\" name=\"your-message\"><\/textarea><\/span>\n\t\t\t\t<\/p>\n\t\t\t<\/td>\n\t\t<\/tr>\n\t\t<tr>\n\t\t\t<td colspan=\"2\">\n\t\t\t\t<p><span class=\"wpcf7-form-control-wrap\" data-name=\"akkoordprivacy\"><span class=\"wpcf7-form-control wpcf7-checkbox wpcf7-validates-as-required\"><span class=\"wpcf7-list-item first last\"><input type=\"checkbox\" name=\"akkoordprivacy[]\" value=\"Je suis d&#039;accord avec les conditions de confidentialit\u00e9\" \/><span class=\"wpcf7-list-item-label\">Je suis d&#039;accord avec les conditions de confidentialit\u00e9<\/span><\/span><\/span><\/span> Lisez notre <a href=\"https:\/\/www.cornybakers.nl\/fr\/declaration-de-confidentialite\/\" target=\"_blank\" rel=\"noopener\">Conditions de confidentialit\u00e9<\/a> (*)\n\t\t\t\t<\/p>\n\t\t\t<\/td>\n\t\t<\/tr>\n\t\t<tr>\n\t\t\t<td colspan=\"2\">\n\t\t\t\t<p><input class=\"wpcf7-form-control wpcf7-submit has-spinner\" type=\"submit\" value=\"Exp\u00e9dier\" \/>\n\t\t\t\t<\/p>\n\t\t\t<\/td>\n\t\t<\/tr>\n\t<\/tbody>\n<\/table><div class=\"wpcf7-response-output\" aria-hidden=\"true\"><\/div>\n<\/form>\n<\/div>\n[\/vc_column][\/vc_row]<\/p>\n","protected":false},"excerpt":{"rendered":"<p>[vc_row rt_row_background_width=\u00a0\u00bbfullwidth\u00a0\u00bb rt_row_content_width=\u00a0\u00bbdefault\u00a0\u00bb rt_row_style=\u00a0\u00bbdefault-style\u00a0\u00bb rt_row_height=\u00a0\u00bb\u00a0\u00bb rt_column_gaps=\u00a0\u00bb\u00a0\u00bb rt_row_shadows=\u00a0\u00bb\u00a0\u00bb rt_row_borders=\u00a0\u00bb\u00a0\u00bb rt_bg_effect=\u00a0\u00bbclassic\u00a0\u00bb rt_bg_image_repeat=\u00a0\u00bbrepeat\u00a0\u00bb rt_bg_size=\u00a0\u00bbcover\u00a0\u00bb rt_bg_position=\u00a0\u00bbright top\u00a0\u00bb rt_bg_attachment=\u00a0\u00bbscroll\u00a0\u00bb rt_bg_layer=\u00a0\u00bb\u00a0\u00bb rt_bg_video_format=\u00a0\u00bbself-hosted\u00a0\u00bb rt_class=\u00a0\u00bbrt-7397708&Prime; rt_paddings=\u00a0\u00bb50,50,,\u00a0\u00bb rt_margins=\u00a0\u00bb,,,\u00a0\u00bb rt_content_margins=\u00a0\u00bb,,,\u00a0\u00bb rt_tablet_paddings=\u00a0\u00bb,,,\u00a0\u00bb rt_tablet_margins=\u00a0\u00bb,,,\u00a0\u00bb rt_tablet_content_margins=\u00a0\u00bb,,,\u00a0\u00bb rt_sp_paddings=\u00a0\u00bb,,,\u00a0\u00bb rt_sp_margins=\u00a0\u00bb,,,\u00a0\u00bb rt_sp_content_margins=\u00a0\u00bb,,,\u00a0\u00bb][vc_column width=\u00a0\u00bb2\/3&Prime; rt_bg_effect=\u00a0\u00bbclassic\u00a0\u00bb rt_bg_image_repeat=\u00a0\u00bbrepeat\u00a0\u00bb rt_bg_size=\u00a0\u00bbauto auto\u00a0\u00bb rt_bg_position=\u00a0\u00bbright top\u00a0\u00bb rt_bg_attachment=\u00a0\u00bbscroll\u00a0\u00bb][vc_column_text]Vous cherchez les meilleures bi\u00e8res mexicaines\u00a0? Alors, chez Corny Bakers, vous avez frapp\u00e9 \u00e0 la bonne porte\u00a0! Car, depuis 1972, nous sommes [&hellip;]<\/p>\n","protected":false},"author":1,"featured_media":0,"parent":0,"menu_order":0,"comment_status":"closed","ping_status":"closed","template":"","meta":{"inline_featured_image":false,"footnotes":""},"class_list":["post-5330","page","type-page","status-publish","hentry"],"yoast_head":"<!-- This site is optimized with the Yoast SEO plugin v24.8.1 - https:\/\/yoast.com\/wordpress\/plugins\/seo\/ -->\n<title>Bi\u00e8res mexicaines - Corny Bakers<\/title>\n<meta name=\"description\" content=\"Vous cherchez les meilleures bi\u00e8res mexicaines\u00a0? Alors, chez Corny Bakers, vous avez frapp\u00e9 \u00e0 la bonne porte\u00a0!\" \/>\n<meta name=\"robots\" content=\"index, follow, max-snippet:-1, max-image-preview:large, max-video-preview:-1\" \/>\n<link rel=\"canonical\" href=\"https:\/\/www.cornybakers.nl\/fr\/bieres-mexicaines-2\/\" \/>\n<meta property=\"og:locale\" content=\"fr_FR\" \/>\n<meta property=\"og:type\" content=\"article\" \/>\n<meta property=\"og:title\" content=\"Bi\u00e8res mexicaines - Corny Bakers\" \/>\n<meta property=\"og:description\" content=\"Vous cherchez les meilleures bi\u00e8res mexicaines\u00a0? Alors, chez Corny Bakers, vous avez frapp\u00e9 \u00e0 la bonne porte\u00a0!\" \/>\n<meta property=\"og:url\" content=\"https:\/\/www.cornybakers.nl\/fr\/bieres-mexicaines-2\/\" \/>\n<meta property=\"og:site_name\" content=\"Corny Bakers\" \/>\n<meta property=\"article:modified_time\" content=\"2022-01-21T10:52:03+00:00\" \/>\n<meta name=\"twitter:card\" content=\"summary_large_image\" \/>\n<meta name=\"twitter:label1\" content=\"Dur\u00e9e de lecture estim\u00e9e\" \/>\n\t<meta name=\"twitter:data1\" content=\"2 minutes\" \/>\n<script type=\"application\/ld+json\" class=\"yoast-schema-graph\">{\"@context\":\"https:\/\/schema.org\",\"@graph\":[{\"@type\":\"WebPage\",\"@id\":\"https:\/\/www.cornybakers.nl\/fr\/bieres-mexicaines-2\/\",\"url\":\"https:\/\/www.cornybakers.nl\/fr\/bieres-mexicaines-2\/\",\"name\":\"Bi\u00e8res mexicaines - Corny Bakers\",\"isPartOf\":{\"@id\":\"https:\/\/www.cornybakers.nl\/#website\"},\"datePublished\":\"2022-01-14T10:39:10+00:00\",\"dateModified\":\"2022-01-21T10:52:03+00:00\",\"description\":\"Vous cherchez les meilleures bi\u00e8res mexicaines\u00a0? Alors, chez Corny Bakers, vous avez frapp\u00e9 \u00e0 la bonne porte\u00a0!\",\"breadcrumb\":{\"@id\":\"https:\/\/www.cornybakers.nl\/fr\/bieres-mexicaines-2\/#breadcrumb\"},\"inLanguage\":\"fr-FR\",\"potentialAction\":[{\"@type\":\"ReadAction\",\"target\":[\"https:\/\/www.cornybakers.nl\/fr\/bieres-mexicaines-2\/\"]}]},{\"@type\":\"BreadcrumbList\",\"@id\":\"https:\/\/www.cornybakers.nl\/fr\/bieres-mexicaines-2\/#breadcrumb\",\"itemListElement\":[{\"@type\":\"ListItem\",\"position\":1,\"name\":\"Home\",\"item\":\"https:\/\/www.cornybakers.nl\/fr\/\"},{\"@type\":\"ListItem\",\"position\":2,\"name\":\"Bi\u00e8res mexicaines\"}]},{\"@type\":\"WebSite\",\"@id\":\"https:\/\/www.cornybakers.nl\/#website\",\"url\":\"https:\/\/www.cornybakers.nl\/\",\"name\":\"Corny Bakers\",\"description\":\"\",\"potentialAction\":[{\"@type\":\"SearchAction\",\"target\":{\"@type\":\"EntryPoint\",\"urlTemplate\":\"https:\/\/www.cornybakers.nl\/?s={search_term_string}\"},\"query-input\":{\"@type\":\"PropertyValueSpecification\",\"valueRequired\":true,\"valueName\":\"search_term_string\"}}],\"inLanguage\":\"fr-FR\"}]}<\/script>\n<!-- \/ Yoast SEO plugin. -->","yoast_head_json":{"title":"Bi\u00e8res mexicaines - Corny Bakers","description":"Vous cherchez les meilleures bi\u00e8res mexicaines\u00a0? Alors, chez Corny Bakers, vous avez frapp\u00e9 \u00e0 la bonne porte\u00a0!","robots":{"index":"index","follow":"follow","max-snippet":"max-snippet:-1","max-image-preview":"max-image-preview:large","max-video-preview":"max-video-preview:-1"},"canonical":"https:\/\/www.cornybakers.nl\/fr\/bieres-mexicaines-2\/","og_locale":"fr_FR","og_type":"article","og_title":"Bi\u00e8res mexicaines - Corny Bakers","og_description":"Vous cherchez les meilleures bi\u00e8res mexicaines\u00a0? Alors, chez Corny Bakers, vous avez frapp\u00e9 \u00e0 la bonne porte\u00a0!","og_url":"https:\/\/www.cornybakers.nl\/fr\/bieres-mexicaines-2\/","og_site_name":"Corny Bakers","article_modified_time":"2022-01-21T10:52:03+00:00","twitter_card":"summary_large_image","twitter_misc":{"Dur\u00e9e de lecture estim\u00e9e":"2 minutes"},"schema":{"@context":"https:\/\/schema.org","@graph":[{"@type":"WebPage","@id":"https:\/\/www.cornybakers.nl\/fr\/bieres-mexicaines-2\/","url":"https:\/\/www.cornybakers.nl\/fr\/bieres-mexicaines-2\/","name":"Bi\u00e8res mexicaines - Corny Bakers","isPartOf":{"@id":"https:\/\/www.cornybakers.nl\/#website"},"datePublished":"2022-01-14T10:39:10+00:00","dateModified":"2022-01-21T10:52:03+00:00","description":"Vous cherchez les meilleures bi\u00e8res mexicaines\u00a0? Alors, chez Corny Bakers, vous avez frapp\u00e9 \u00e0 la bonne porte\u00a0!","breadcrumb":{"@id":"https:\/\/www.cornybakers.nl\/fr\/bieres-mexicaines-2\/#breadcrumb"},"inLanguage":"fr-FR","potentialAction":[{"@type":"ReadAction","target":["https:\/\/www.cornybakers.nl\/fr\/bieres-mexicaines-2\/"]}]},{"@type":"BreadcrumbList","@id":"https:\/\/www.cornybakers.nl\/fr\/bieres-mexicaines-2\/#breadcrumb","itemListElement":[{"@type":"ListItem","position":1,"name":"Home","item":"https:\/\/www.cornybakers.nl\/fr\/"},{"@type":"ListItem","position":2,"name":"Bi\u00e8res mexicaines"}]},{"@type":"WebSite","@id":"https:\/\/www.cornybakers.nl\/#website","url":"https:\/\/www.cornybakers.nl\/","name":"Corny Bakers","description":"","potentialAction":[{"@type":"SearchAction","target":{"@type":"EntryPoint","urlTemplate":"https:\/\/www.cornybakers.nl\/?s={search_term_string}"},"query-input":{"@type":"PropertyValueSpecification","valueRequired":true,"valueName":"search_term_string"}}],"inLanguage":"fr-FR"}]}},"_links":{"self":[{"href":"https:\/\/www.cornybakers.nl\/fr\/wp-json\/wp\/v2\/pages\/5330","targetHints":{"allow":["GET"]}}],"collection":[{"href":"https:\/\/www.cornybakers.nl\/fr\/wp-json\/wp\/v2\/pages"}],"about":[{"href":"https:\/\/www.cornybakers.nl\/fr\/wp-json\/wp\/v2\/types\/page"}],"author":[{"embeddable":true,"href":"https:\/\/www.cornybakers.nl\/fr\/wp-json\/wp\/v2\/users\/1"}],"replies":[{"embeddable":true,"href":"https:\/\/www.cornybakers.nl\/fr\/wp-json\/wp\/v2\/comments?post=5330"}],"version-history":[{"count":2,"href":"https:\/\/www.cornybakers.nl\/fr\/wp-json\/wp\/v2\/pages\/5330\/revisions"}],"predecessor-version":[{"id":5336,"href":"https:\/\/www.cornybakers.nl\/fr\/wp-json\/wp\/v2\/pages\/5330\/revisions\/5336"}],"wp:attachment":[{"href":"https:\/\/www.cornybakers.nl\/fr\/wp-json\/wp\/v2\/media?parent=5330"}],"curies":[{"name":"wp","href":"https:\/\/api.w.org\/{rel}","templated":true}]}}