{"id":5360,"date":"2022-01-14T12:40:31","date_gmt":"2022-01-14T11:40:31","guid":{"rendered":"https:\/\/www.vanoo29.nl\/cheddar-kaas-saus\/"},"modified":"2022-01-24T09:20:10","modified_gmt":"2022-01-24T08:20:10","slug":"sauce-au-fromage-cheddar","status":"publish","type":"page","link":"https:\/\/www.cornybakers.nl\/fr\/sauce-au-fromage-cheddar\/","title":{"rendered":"Sauce au fromage Cheddar"},"content":{"rendered":"<p>[vc_row rt_row_background_width=\u00a0\u00bbfullwidth\u00a0\u00bb rt_row_content_width=\u00a0\u00bbdefault\u00a0\u00bb rt_row_style=\u00a0\u00bbdefault-style\u00a0\u00bb rt_row_height=\u00a0\u00bb\u00a0\u00bb rt_column_gaps=\u00a0\u00bb\u00a0\u00bb rt_row_shadows=\u00a0\u00bb\u00a0\u00bb rt_row_borders=\u00a0\u00bb\u00a0\u00bb rt_bg_effect=\u00a0\u00bbclassic\u00a0\u00bb rt_bg_image_repeat=\u00a0\u00bbrepeat\u00a0\u00bb rt_bg_size=\u00a0\u00bbcover\u00a0\u00bb rt_bg_position=\u00a0\u00bbright top\u00a0\u00bb rt_bg_attachment=\u00a0\u00bbscroll\u00a0\u00bb rt_bg_layer=\u00a0\u00bb\u00a0\u00bb rt_bg_video_format=\u00a0\u00bbself-hosted\u00a0\u00bb rt_class=\u00a0\u00bbrt-7397708&Prime; rt_paddings=\u00a0\u00bb50,50,,\u00a0\u00bb rt_margins=\u00a0\u00bb,,,\u00a0\u00bb rt_content_margins=\u00a0\u00bb,,,\u00a0\u00bb rt_tablet_paddings=\u00a0\u00bb,,,\u00a0\u00bb rt_tablet_margins=\u00a0\u00bb,,,\u00a0\u00bb rt_tablet_content_margins=\u00a0\u00bb,,,\u00a0\u00bb rt_sp_paddings=\u00a0\u00bb,,,\u00a0\u00bb rt_sp_margins=\u00a0\u00bb,,,\u00a0\u00bb rt_sp_content_margins=\u00a0\u00bb,,,\u00a0\u00bb][vc_column width=\u00a0\u00bb2\/3&Prime; rt_bg_effect=\u00a0\u00bbclassic\u00a0\u00bb rt_bg_image_repeat=\u00a0\u00bbrepeat\u00a0\u00bb rt_bg_size=\u00a0\u00bbauto auto\u00a0\u00bb rt_bg_position=\u00a0\u00bbright top\u00a0\u00bb rt_bg_attachment=\u00a0\u00bbscroll\u00a0\u00bb]<div class=\"rt-heading-wrapper rt-5643688\">\n\t\t\t\t\t\t<h2 class=\"rt-heading\" >Sauce au fromage Cheddar<\/h2>\n\t\t\t\t\t<\/div>[vc_column_text]Chez Corny Bakers vous trouverez les produits les plus d\u00e9licieux de la cuisine mexicaine et latino-am\u00e9ricaine, dont notre excellente sauce Cheddar. Cette sauce se combine parfaitement avec des plats tels que les nachos, les quesadillas et les burritos. La sauce au fromage Cheddar de Corny Bakers est disponible en bo\u00eetes de pas moins de trois kilos et donc en quantit\u00e9s parfaitement adapt\u00e9es \u00e0 l\u2019utilisation dans la restauration. Gr\u00e2ce \u00e0 nos ann\u00e9es d\u2019exp\u00e9rience et la bonne maintenance de nos stocks, vous pouvez toujours compter sur une livraison rapide !<\/p>\n<h2>\u00c0 propos de Corny Bakers<\/h2>\n<p>Depuis 1972, Corny Bakers fournit les grossistes et les restaurants partout en Europe, en Turquie et au Moyen Orient. Nous avons commenc\u00e9 tout petit, mais aujourd\u2019hui nous disposons d\u2019une large gamme de produits alimentaires. Vous trouverez chez nous des d\u00e9licieuses \u00e9pices, des tapas, des plats de viande, des produits de base tels que les coquilles \u00e0 tacos et les tortillas de ma\u00efs et, \u00e9videmment, de d\u00e9licieuses sauces comme la sauce au fromage cheddar. Et que diriez-vous des boissons typiquement mexicaines et latino-am\u00e9ricaines ? Plusieurs liqueurs, telles que la D\u2019aristi Xtabentum ou la Cabo Bay. Ou encore les excellents sodas de Jarritos en diff\u00e9rents parfums. Sans, bien \u00e9videmment, oublier la tequila de Kaban. Des boissons incontournables pour une soir\u00e9e mexicaine avec les amis ou en famille. Saviez-vous que chez Corny Bakers vous \u00eates \u00e9galement \u00e0 la bonne adresse pour les produits non-alimentaires ? Nous proposons plusieurs types de plateaux de pr\u00e9sentation et la d\u00e9coration pour servir les plats de mani\u00e8re originelle. Vous d\u00e9sirez une po\u00eale \u00e0 tortillas, du Jarritos \u00e0 la fraise ou une d\u00e9licieuse sauce au fromage Cheddar ? N\u2019attendez plus pour visiter notre site web !<\/p>\n<h2>Commander de la sauce au fromage Cheddar<\/h2>\n<p>Sur notre site web, vous trouverez tous ce qu\u2019il vous faut pour la cuisine mexicaine. Les filtres de recherche vous permettent de facilement trouver le produit sp\u00e9cifique dont vous avez besoin. Vous souhaitez commander de la sauce au fromage Cheddar\u00a0? Alors filtrez sur \u00ab\u00a0Food\u00a0\u00bb et puis \u00ab\u00a0Gamme alimentaire\u00a0\u00bb. Ainsi, vous trouverez la d\u00e9licieuse sauce ainsi que de nombreuses autres sauces. Passez votre commande et nous viendrons vous livrer dans les plus brefs d\u00e9lais\u00a0![\/vc_column_text]<div class=\"rt-heading-wrapper rt-6485303\">\n\t\t\t\t\t\t<h2 class=\"rt-heading\" >Voir notre gamme ici!<\/h2>\n\t\t\t\t\t<\/div><div class=\"woocommerce columns-3\"><\/div><div class=\"button_wrapper  alignleft\"><a href=\"https:\/\/www.cornybakers.nl\/winkel\/\" target=\"_self\" title=\"Voir toutes les cat\u00e9gories\" class=\"button_ landingpage-knop secondary-font style-1 big rt-6350289\"><span><span>Voir toutes les cat\u00e9gories<\/span><\/span><\/a><\/div>[\/vc_column][vc_column width=\u00a0\u00bb1\/3&Prime; rt_bg_effect=\u00a0\u00bbclassic\u00a0\u00bb rt_bg_image_repeat=\u00a0\u00bbrepeat\u00a0\u00bb rt_bg_size=\u00a0\u00bbauto auto\u00a0\u00bb rt_bg_position=\u00a0\u00bbright top\u00a0\u00bb rt_bg_attachment=\u00a0\u00bbscroll\u00a0\u00bb rt_class=\u00a0\u00bbrt-5757634&Prime; rt_margins=\u00a0\u00bb,\u00a0\u00bb rt_paddings=\u00a0\u00bb,,,\u00a0\u00bb rt_wrapper_paddings=\u00a0\u00bb,,,\u00a0\u00bb rt_tablet_margins=\u00a0\u00bb,\u00a0\u00bb rt_tablet_paddings=\u00a0\u00bb,,,\u00a0\u00bb rt_tablet_wrapper_paddings=\u00a0\u00bb,,,\u00a0\u00bb rt_sp_margins=\u00a0\u00bb50,\u00a0\u00bb rt_sp_paddings=\u00a0\u00bb,,,\u00a0\u00bb rt_sp_wrapper_paddings=\u00a0\u00bb,,,\u00a0\u00bb rt_bg_color=\u00a0\u00bb\u00a0\u00bb rt_bg_overlay_color=\u00a0\u00bb\u00a0\u00bb][vc_single_image image=\u00a0\u00bb5245&Prime; img_size=\u00a0\u00bbfull\u00a0\u00bb style=\u00a0\u00bbvc_box_rounded\u00a0\u00bb el_class=\u00a0\u00bbfoto-landingpage\u00a0\u00bb]<div class=\"rt-heading-wrapper rt-2330502\">\n\t\t\t\t\t\t<h2 class=\"rt-heading\" >Formulaire de contact<\/h2>\n\t\t\t\t\t<\/div>\n<div class=\"wpcf7 no-js\" id=\"wpcf7-f1746-o1\" lang=\"nl-NL\" dir=\"ltr\" data-wpcf7-id=\"1746\">\n<div class=\"screen-reader-response\"><p role=\"status\" aria-live=\"polite\" aria-atomic=\"true\"><\/p> <ul><\/ul><\/div>\n<form action=\"\/fr\/wp-json\/wp\/v2\/pages\/5360#wpcf7-f1746-o1\" method=\"post\" class=\"wpcf7-form init\" aria-label=\"Contactformulier\" novalidate=\"novalidate\" data-status=\"init\">\n<fieldset class=\"hidden-fields-container\"><input type=\"hidden\" name=\"_wpcf7\" value=\"1746\" \/><input type=\"hidden\" name=\"_wpcf7_version\" value=\"6.1.4\" \/><input type=\"hidden\" name=\"_wpcf7_locale\" value=\"nl_NL\" \/><input type=\"hidden\" name=\"_wpcf7_unit_tag\" value=\"wpcf7-f1746-o1\" \/><input type=\"hidden\" name=\"_wpcf7_container_post\" value=\"0\" \/><input type=\"hidden\" name=\"_wpcf7_posted_data_hash\" value=\"\" \/><input type=\"hidden\" name=\"_wpcf7cf_hidden_group_fields\" value=\"[]\" \/><input type=\"hidden\" name=\"_wpcf7cf_hidden_groups\" value=\"[]\" \/><input type=\"hidden\" name=\"_wpcf7cf_visible_groups\" value=\"[]\" \/><input type=\"hidden\" name=\"_wpcf7cf_repeaters\" value=\"[]\" \/><input type=\"hidden\" name=\"_wpcf7cf_steps\" value=\"{}\" \/><input type=\"hidden\" name=\"_wpcf7cf_options\" value=\"{&quot;form_id&quot;:1746,&quot;conditions&quot;:[{&quot;then_field&quot;:&quot;anders&quot;,&quot;and_rules&quot;:[{&quot;if_field&quot;:&quot;terecht&quot;,&quot;operator&quot;:&quot;equals&quot;,&quot;if_value&quot;:&quot;Par autre chose, \\u00e0 savoir:&quot;}]}],&quot;settings&quot;:{&quot;animation&quot;:&quot;yes&quot;,&quot;animation_intime&quot;:200,&quot;animation_outtime&quot;:200,&quot;conditions_ui&quot;:&quot;normal&quot;,&quot;notice_dismissed&quot;:false,&quot;notice_dismissed_rollback-cf7-5.8.3&quot;:true,&quot;notice_dismissed_rollback-cf7-5.9.4&quot;:true}}\" \/>\n<\/fieldset>\n<div class=\"wpcf7-turnstile cf-turnstile\" data-sitekey=\"0x4AAAAAACFbo73hTV00eySb\" data-response-field-name=\"_wpcf7_turnstile_response\"><\/div>\n\n<table class=\"formulier\">\n\t<tbody>\n\t\t<tr>\n\t\t\t<td colspan=\"2\">\n\t\t\t\t<p><span class=\"wpcf7-form-control-wrap\" data-name=\"your-name\"><input size=\"40\" maxlength=\"400\" class=\"wpcf7-form-control wpcf7-text wpcf7-validates-as-required\" aria-required=\"true\" aria-invalid=\"false\" placeholder=\"Votre nom *\" value=\"\" type=\"text\" name=\"your-name\" \/><\/span>\n\t\t\t\t<\/p>\n\t\t\t<\/td>\n\t\t<\/tr>\n\t\t<tr>\n\t\t\t<td colspan=\"2\">\n\t\t\t\t<p><span class=\"wpcf7-form-control-wrap\" data-name=\"your-adress\"><input size=\"40\" maxlength=\"400\" class=\"wpcf7-form-control wpcf7-text\" aria-invalid=\"false\" placeholder=\"Votre adresse\" value=\"\" type=\"text\" name=\"your-adress\" \/><\/span>\n\t\t\t\t<\/p>\n\t\t\t<\/td>\n\t\t<\/tr>\n\t\t<tr>\n\t\t\t<td style=\"padding-right: 5px;\">\n\t\t\t\t<p><span class=\"wpcf7-form-control-wrap\" data-name=\"your-postal\"><input size=\"40\" maxlength=\"400\" class=\"wpcf7-form-control wpcf7-text\" aria-invalid=\"false\" placeholder=\"Votre code postal\" value=\"\" type=\"text\" name=\"your-postal\" \/><\/span>\n\t\t\t\t<\/p>\n\t\t\t<\/td>\n\t\t\t<td style=\"padding-left: 5px;\">\n\t\t\t\t<p><span class=\"wpcf7-form-control-wrap\" data-name=\"your-city\"><input size=\"40\" maxlength=\"400\" class=\"wpcf7-form-control wpcf7-text\" aria-invalid=\"false\" placeholder=\"Votre lieu de r\u00e9sidence\" value=\"\" type=\"text\" name=\"your-city\" \/><\/span>\n\t\t\t\t<\/p>\n\t\t\t<\/td>\n\t\t<\/tr>\n\t\t<tr>\n\t\t\t<td style=\"padding-right: 5px;\">\n\t\t\t\t<p><span class=\"wpcf7-form-control-wrap\" data-name=\"your-phone\"><input size=\"40\" maxlength=\"400\" class=\"wpcf7-form-control wpcf7-tel wpcf7-validates-as-required wpcf7-text wpcf7-validates-as-tel\" aria-required=\"true\" aria-invalid=\"false\" placeholder=\"Votre num\u00e9ro de t\u00e9l\u00e9phone *\" value=\"\" type=\"tel\" name=\"your-phone\" \/><\/span>\n\t\t\t\t<\/p>\n\t\t\t<\/td>\n\t\t\t<td style=\"padding-left: 5px;\">\n\t\t\t\t<p><span class=\"wpcf7-form-control-wrap\" data-name=\"your-email\"><input size=\"40\" maxlength=\"400\" class=\"wpcf7-form-control wpcf7-email wpcf7-validates-as-required wpcf7-text wpcf7-validates-as-email\" aria-required=\"true\" aria-invalid=\"false\" placeholder=\"Votre e-mail *\" value=\"\" type=\"email\" name=\"your-email\" \/><\/span>\n\t\t\t\t<\/p>\n\t\t\t<\/td>\n\t\t<\/tr>\n\t\t<tr>\n\t\t\t<td colspan=\"2\">\n\t\t\t\t<p>Comment es-tu venu chez nous?\n\t\t\t\t<\/p>\n\t\t\t\t<p><span class=\"wpcf7-form-control-wrap\" data-name=\"terecht\"><select class=\"wpcf7-form-control wpcf7-select wpcf7-validates-as-required\" aria-required=\"true\" aria-invalid=\"false\" name=\"terecht\"><option value=\"\">&#8212;Kies een optie&#8212;<\/option><option value=\"Par Google\">Par Google<\/option><option value=\"Par le bouche \u00e0 oreille\">Par le bouche \u00e0 oreille<\/option><option value=\"via les r\u00e9seaux sociaux\">via les r\u00e9seaux sociaux<\/option><option value=\"Par autre chose, \u00e0 savoir:\">Par autre chose, \u00e0 savoir:<\/option><\/select><\/span>\n\t\t\t\t<\/p>\n\t\t\t\t<div data-id=\"anders\" data-orig_data_id=\"anders\"  class=\"\" data-class=\"wpcf7cf_group\">\n\t\t\t\t\t<p><span class=\"wpcf7-form-control-wrap\" data-name=\"your-anders\"><input size=\"40\" maxlength=\"400\" class=\"wpcf7-form-control wpcf7-text wpcf7-validates-as-required\" aria-required=\"true\" aria-invalid=\"false\" placeholder=\"Sinon, \u00e0 savoir: *\" value=\"\" type=\"text\" name=\"your-anders\" \/><\/span>\n\t\t\t\t\t<\/p>\n\t\t\t\t<\/div>\n\t\t\t<\/td>\n\t\t<\/tr>\n\t\t<tr>\n\t\t<\/tr>\n\t\t<tr>\n\t\t\t<td colspan=\"2\">\n\t\t\t\t<p><span class=\"wpcf7-form-control-wrap\" data-name=\"your-message\"><textarea cols=\"40\" rows=\"5\" maxlength=\"2000\" class=\"wpcf7-form-control wpcf7-textarea\" aria-invalid=\"false\" placeholder=\"Votre message\" name=\"your-message\"><\/textarea><\/span>\n\t\t\t\t<\/p>\n\t\t\t<\/td>\n\t\t<\/tr>\n\t\t<tr>\n\t\t\t<td colspan=\"2\">\n\t\t\t\t<p><span class=\"wpcf7-form-control-wrap\" data-name=\"akkoordprivacy\"><span class=\"wpcf7-form-control wpcf7-checkbox wpcf7-validates-as-required\"><span class=\"wpcf7-list-item first last\"><input type=\"checkbox\" name=\"akkoordprivacy[]\" value=\"Je suis d&#039;accord avec les conditions de confidentialit\u00e9\" \/><span class=\"wpcf7-list-item-label\">Je suis d&#039;accord avec les conditions de confidentialit\u00e9<\/span><\/span><\/span><\/span> Lisez notre <a href=\"https:\/\/www.cornybakers.nl\/fr\/declaration-de-confidentialite\/\" target=\"_blank\" rel=\"noopener\">Conditions de confidentialit\u00e9<\/a> (*)\n\t\t\t\t<\/p>\n\t\t\t<\/td>\n\t\t<\/tr>\n\t\t<tr>\n\t\t\t<td colspan=\"2\">\n\t\t\t\t<p><input class=\"wpcf7-form-control wpcf7-submit has-spinner\" type=\"submit\" value=\"Exp\u00e9dier\" \/>\n\t\t\t\t<\/p>\n\t\t\t<\/td>\n\t\t<\/tr>\n\t<\/tbody>\n<\/table><div class=\"wpcf7-response-output\" aria-hidden=\"true\"><\/div>\n<\/form>\n<\/div>\n[\/vc_column][\/vc_row]<\/p>\n","protected":false},"excerpt":{"rendered":"<p>[vc_row rt_row_background_width=\u00a0\u00bbfullwidth\u00a0\u00bb rt_row_content_width=\u00a0\u00bbdefault\u00a0\u00bb rt_row_style=\u00a0\u00bbdefault-style\u00a0\u00bb rt_row_height=\u00a0\u00bb\u00a0\u00bb rt_column_gaps=\u00a0\u00bb\u00a0\u00bb rt_row_shadows=\u00a0\u00bb\u00a0\u00bb rt_row_borders=\u00a0\u00bb\u00a0\u00bb rt_bg_effect=\u00a0\u00bbclassic\u00a0\u00bb rt_bg_image_repeat=\u00a0\u00bbrepeat\u00a0\u00bb rt_bg_size=\u00a0\u00bbcover\u00a0\u00bb rt_bg_position=\u00a0\u00bbright top\u00a0\u00bb rt_bg_attachment=\u00a0\u00bbscroll\u00a0\u00bb rt_bg_layer=\u00a0\u00bb\u00a0\u00bb rt_bg_video_format=\u00a0\u00bbself-hosted\u00a0\u00bb rt_class=\u00a0\u00bbrt-7397708&Prime; rt_paddings=\u00a0\u00bb50,50,,\u00a0\u00bb rt_margins=\u00a0\u00bb,,,\u00a0\u00bb rt_content_margins=\u00a0\u00bb,,,\u00a0\u00bb rt_tablet_paddings=\u00a0\u00bb,,,\u00a0\u00bb rt_tablet_margins=\u00a0\u00bb,,,\u00a0\u00bb rt_tablet_content_margins=\u00a0\u00bb,,,\u00a0\u00bb rt_sp_paddings=\u00a0\u00bb,,,\u00a0\u00bb rt_sp_margins=\u00a0\u00bb,,,\u00a0\u00bb rt_sp_content_margins=\u00a0\u00bb,,,\u00a0\u00bb][vc_column width=\u00a0\u00bb2\/3&Prime; rt_bg_effect=\u00a0\u00bbclassic\u00a0\u00bb rt_bg_image_repeat=\u00a0\u00bbrepeat\u00a0\u00bb rt_bg_size=\u00a0\u00bbauto auto\u00a0\u00bb rt_bg_position=\u00a0\u00bbright top\u00a0\u00bb rt_bg_attachment=\u00a0\u00bbscroll\u00a0\u00bb][vc_column_text]Chez Corny Bakers vous trouverez les produits les plus d\u00e9licieux de la cuisine mexicaine et latino-am\u00e9ricaine, dont notre excellente sauce Cheddar. Cette [&hellip;]<\/p>\n","protected":false},"author":1,"featured_media":0,"parent":0,"menu_order":0,"comment_status":"closed","ping_status":"closed","template":"","meta":{"inline_featured_image":false,"footnotes":""},"class_list":["post-5360","page","type-page","status-publish","hentry"],"yoast_head":"<!-- This site is optimized with the Yoast SEO plugin v24.8.1 - https:\/\/yoast.com\/wordpress\/plugins\/seo\/ -->\n<title>Sauce au fromage Cheddar - Corny Bakers<\/title>\n<meta name=\"description\" content=\"Vous d\u00e9sirez une po\u00eale \u00e0 tortillas ou une d\u00e9licieuse sauce au fromage Cheddar ? N\u2019attendez plus pour visiter notre site web !\" \/>\n<meta name=\"robots\" content=\"index, follow, max-snippet:-1, max-image-preview:large, max-video-preview:-1\" \/>\n<link rel=\"canonical\" href=\"https:\/\/www.cornybakers.nl\/fr\/sauce-au-fromage-cheddar\/\" \/>\n<meta property=\"og:locale\" content=\"fr_FR\" \/>\n<meta property=\"og:type\" content=\"article\" \/>\n<meta property=\"og:title\" content=\"Sauce au fromage Cheddar - Corny Bakers\" \/>\n<meta property=\"og:description\" content=\"Vous d\u00e9sirez une po\u00eale \u00e0 tortillas ou une d\u00e9licieuse sauce au fromage Cheddar ? N\u2019attendez plus pour visiter notre site web !\" \/>\n<meta property=\"og:url\" content=\"https:\/\/www.cornybakers.nl\/fr\/sauce-au-fromage-cheddar\/\" \/>\n<meta property=\"og:site_name\" content=\"Corny Bakers\" \/>\n<meta property=\"article:modified_time\" content=\"2022-01-24T08:20:10+00:00\" \/>\n<meta name=\"twitter:card\" content=\"summary_large_image\" \/>\n<meta name=\"twitter:label1\" content=\"Dur\u00e9e de lecture estim\u00e9e\" \/>\n\t<meta name=\"twitter:data1\" content=\"3 minutes\" \/>\n<script type=\"application\/ld+json\" class=\"yoast-schema-graph\">{\"@context\":\"https:\/\/schema.org\",\"@graph\":[{\"@type\":\"WebPage\",\"@id\":\"https:\/\/www.cornybakers.nl\/fr\/sauce-au-fromage-cheddar\/\",\"url\":\"https:\/\/www.cornybakers.nl\/fr\/sauce-au-fromage-cheddar\/\",\"name\":\"Sauce au fromage Cheddar - Corny Bakers\",\"isPartOf\":{\"@id\":\"https:\/\/www.cornybakers.nl\/#website\"},\"datePublished\":\"2022-01-14T11:40:31+00:00\",\"dateModified\":\"2022-01-24T08:20:10+00:00\",\"description\":\"Vous d\u00e9sirez une po\u00eale \u00e0 tortillas ou une d\u00e9licieuse sauce au fromage Cheddar ? N\u2019attendez plus pour visiter notre site web !\",\"breadcrumb\":{\"@id\":\"https:\/\/www.cornybakers.nl\/fr\/sauce-au-fromage-cheddar\/#breadcrumb\"},\"inLanguage\":\"fr-FR\",\"potentialAction\":[{\"@type\":\"ReadAction\",\"target\":[\"https:\/\/www.cornybakers.nl\/fr\/sauce-au-fromage-cheddar\/\"]}]},{\"@type\":\"BreadcrumbList\",\"@id\":\"https:\/\/www.cornybakers.nl\/fr\/sauce-au-fromage-cheddar\/#breadcrumb\",\"itemListElement\":[{\"@type\":\"ListItem\",\"position\":1,\"name\":\"Home\",\"item\":\"https:\/\/www.cornybakers.nl\/fr\/\"},{\"@type\":\"ListItem\",\"position\":2,\"name\":\"Sauce au fromage Cheddar\"}]},{\"@type\":\"WebSite\",\"@id\":\"https:\/\/www.cornybakers.nl\/#website\",\"url\":\"https:\/\/www.cornybakers.nl\/\",\"name\":\"Corny Bakers\",\"description\":\"\",\"potentialAction\":[{\"@type\":\"SearchAction\",\"target\":{\"@type\":\"EntryPoint\",\"urlTemplate\":\"https:\/\/www.cornybakers.nl\/?s={search_term_string}\"},\"query-input\":{\"@type\":\"PropertyValueSpecification\",\"valueRequired\":true,\"valueName\":\"search_term_string\"}}],\"inLanguage\":\"fr-FR\"}]}<\/script>\n<!-- \/ Yoast SEO plugin. -->","yoast_head_json":{"title":"Sauce au fromage Cheddar - Corny Bakers","description":"Vous d\u00e9sirez une po\u00eale \u00e0 tortillas ou une d\u00e9licieuse sauce au fromage Cheddar ? N\u2019attendez plus pour visiter notre site web !","robots":{"index":"index","follow":"follow","max-snippet":"max-snippet:-1","max-image-preview":"max-image-preview:large","max-video-preview":"max-video-preview:-1"},"canonical":"https:\/\/www.cornybakers.nl\/fr\/sauce-au-fromage-cheddar\/","og_locale":"fr_FR","og_type":"article","og_title":"Sauce au fromage Cheddar - Corny Bakers","og_description":"Vous d\u00e9sirez une po\u00eale \u00e0 tortillas ou une d\u00e9licieuse sauce au fromage Cheddar ? N\u2019attendez plus pour visiter notre site web !","og_url":"https:\/\/www.cornybakers.nl\/fr\/sauce-au-fromage-cheddar\/","og_site_name":"Corny Bakers","article_modified_time":"2022-01-24T08:20:10+00:00","twitter_card":"summary_large_image","twitter_misc":{"Dur\u00e9e de lecture estim\u00e9e":"3 minutes"},"schema":{"@context":"https:\/\/schema.org","@graph":[{"@type":"WebPage","@id":"https:\/\/www.cornybakers.nl\/fr\/sauce-au-fromage-cheddar\/","url":"https:\/\/www.cornybakers.nl\/fr\/sauce-au-fromage-cheddar\/","name":"Sauce au fromage Cheddar - Corny Bakers","isPartOf":{"@id":"https:\/\/www.cornybakers.nl\/#website"},"datePublished":"2022-01-14T11:40:31+00:00","dateModified":"2022-01-24T08:20:10+00:00","description":"Vous d\u00e9sirez une po\u00eale \u00e0 tortillas ou une d\u00e9licieuse sauce au fromage Cheddar ? N\u2019attendez plus pour visiter notre site web !","breadcrumb":{"@id":"https:\/\/www.cornybakers.nl\/fr\/sauce-au-fromage-cheddar\/#breadcrumb"},"inLanguage":"fr-FR","potentialAction":[{"@type":"ReadAction","target":["https:\/\/www.cornybakers.nl\/fr\/sauce-au-fromage-cheddar\/"]}]},{"@type":"BreadcrumbList","@id":"https:\/\/www.cornybakers.nl\/fr\/sauce-au-fromage-cheddar\/#breadcrumb","itemListElement":[{"@type":"ListItem","position":1,"name":"Home","item":"https:\/\/www.cornybakers.nl\/fr\/"},{"@type":"ListItem","position":2,"name":"Sauce au fromage Cheddar"}]},{"@type":"WebSite","@id":"https:\/\/www.cornybakers.nl\/#website","url":"https:\/\/www.cornybakers.nl\/","name":"Corny Bakers","description":"","potentialAction":[{"@type":"SearchAction","target":{"@type":"EntryPoint","urlTemplate":"https:\/\/www.cornybakers.nl\/?s={search_term_string}"},"query-input":{"@type":"PropertyValueSpecification","valueRequired":true,"valueName":"search_term_string"}}],"inLanguage":"fr-FR"}]}},"_links":{"self":[{"href":"https:\/\/www.cornybakers.nl\/fr\/wp-json\/wp\/v2\/pages\/5360","targetHints":{"allow":["GET"]}}],"collection":[{"href":"https:\/\/www.cornybakers.nl\/fr\/wp-json\/wp\/v2\/pages"}],"about":[{"href":"https:\/\/www.cornybakers.nl\/fr\/wp-json\/wp\/v2\/types\/page"}],"author":[{"embeddable":true,"href":"https:\/\/www.cornybakers.nl\/fr\/wp-json\/wp\/v2\/users\/1"}],"replies":[{"embeddable":true,"href":"https:\/\/www.cornybakers.nl\/fr\/wp-json\/wp\/v2\/comments?post=5360"}],"version-history":[{"count":1,"href":"https:\/\/www.cornybakers.nl\/fr\/wp-json\/wp\/v2\/pages\/5360\/revisions"}],"predecessor-version":[{"id":5361,"href":"https:\/\/www.cornybakers.nl\/fr\/wp-json\/wp\/v2\/pages\/5360\/revisions\/5361"}],"wp:attachment":[{"href":"https:\/\/www.cornybakers.nl\/fr\/wp-json\/wp\/v2\/media?parent=5360"}],"curies":[{"name":"wp","href":"https:\/\/api.w.org\/{rel}","templated":true}]}}